{"id":17808,"date":"2025-09-25T11:54:06","date_gmt":"2025-09-25T03:54:06","guid":{"rendered":"http:\/\/my-site-local.local\/resources\/surface-finish-guides\/"},"modified":"2025-12-19T11:47:01","modified_gmt":"2025-12-19T03:47:01","slug":"surface-finish-guides","status":"publish","type":"page","link":"https:\/\/www.6cproto.com\/fr\/resources\/surface-finish-guides\/","title":{"rendered":"Guides De Finition De Surface"},"content":{"rendered":"","protected":false},"excerpt":{"rendered":"","protected":false},"author":7,"featured_media":17209,"parent":17738,"menu_order":0,"comment_status":"closed","ping_status":"closed","template":"100-width.php","meta":{"_acf_changed":false,"footnotes":""},"materials-category":[],"materials-type":[],"global_search_industry":[],"global_search_service":[],"global_search_resource":[],"global_search_material":[],"class_list":["post-17808","page","type-page","status-publish","has-post-thumbnail","hentry"],"acf":[],"yoast_head":"<!-- This site is optimized with the Yoast SEO plugin v25.7 - https:\/\/yoast.com\/wordpress\/plugins\/seo\/ -->\n<title>Guides De Finition De Surface - 6CProto<\/title>\n<meta name=\"robots\" content=\"index, follow, max-snippet:-1, max-image-preview:large, max-video-preview:-1\" \/>\n<link rel=\"canonical\" href=\"https:\/\/www.6cproto.com\/fr\/resources\/surface-finish-guides\/\" \/>\n<meta property=\"og:locale\" content=\"fr_FR\" \/>\n<meta property=\"og:type\" content=\"article\" \/>\n<meta property=\"og:title\" content=\"Guides De Finition De Surface - 6CProto\" \/>\n<meta property=\"og:url\" content=\"https:\/\/www.6cproto.com\/fr\/resources\/surface-finish-guides\/\" \/>\n<meta property=\"og:site_name\" content=\"6CProto\" \/>\n<meta property=\"article:publisher\" content=\"https:\/\/www.facebook.sss\" \/>\n<meta property=\"article:modified_time\" content=\"2025-12-19T03:47:01+00:00\" \/>\n<meta property=\"og:image\" content=\"https:\/\/www.6cproto.com\/wp-content\/uploads\/2025\/09\/anodized-surface-finish-on-aluminum-part.png\" \/>\n\t<meta property=\"og:image:width\" content=\"720\" \/>\n\t<meta property=\"og:image:height\" content=\"479\" \/>\n\t<meta property=\"og:image:type\" content=\"image\/png\" \/>\n<meta name=\"twitter:card\" content=\"summary_large_image\" \/>\n<meta name=\"twitter:label1\" content=\"Est. reading time\" \/>\n\t<meta name=\"twitter:data1\" content=\"1 minute\" \/>\n<script type=\"application\/ld+json\" class=\"yoast-schema-graph\">{\"@context\":\"https:\/\/schema.org\",\"@graph\":[{\"@type\":\"WebPage\",\"@id\":\"https:\/\/www.6cproto.com\/fr\/resources\/surface-finish-guides\/\",\"url\":\"https:\/\/www.6cproto.com\/fr\/resources\/surface-finish-guides\/\",\"name\":\"Guides De Finition De Surface - 6CProto\",\"isPartOf\":{\"@id\":\"https:\/\/www.6cproto.com\/#website\"},\"primaryImageOfPage\":{\"@id\":\"https:\/\/www.6cproto.com\/fr\/resources\/surface-finish-guides\/#primaryimage\"},\"image\":{\"@id\":\"https:\/\/www.6cproto.com\/fr\/resources\/surface-finish-guides\/#primaryimage\"},\"thumbnailUrl\":\"https:\/\/www.6cproto.com\/wp-content\/uploads\/2025\/09\/anodized-surface-finish-on-aluminum-part.png\",\"datePublished\":\"2025-09-25T03:54:06+00:00\",\"dateModified\":\"2025-12-19T03:47:01+00:00\",\"breadcrumb\":{\"@id\":\"https:\/\/www.6cproto.com\/fr\/resources\/surface-finish-guides\/#breadcrumb\"},\"inLanguage\":\"fr-FR\",\"potentialAction\":[{\"@type\":\"ReadAction\",\"target\":[\"https:\/\/www.6cproto.com\/fr\/resources\/surface-finish-guides\/\"]}]},{\"@type\":\"ImageObject\",\"inLanguage\":\"fr-FR\",\"@id\":\"https:\/\/www.6cproto.com\/fr\/resources\/surface-finish-guides\/#primaryimage\",\"url\":\"https:\/\/www.6cproto.com\/wp-content\/uploads\/2025\/09\/anodized-surface-finish-on-aluminum-part.png\",\"contentUrl\":\"https:\/\/www.6cproto.com\/wp-content\/uploads\/2025\/09\/anodized-surface-finish-on-aluminum-part.png\",\"width\":720,\"height\":479,\"caption\":\"Pi\u00e8ce en aluminium avec finition de surface anodis\u00e9e, mettant en avant le proc\u00e9d\u00e9 d\u2019oxydation pr\u00e9cis de 6CProtoRP pour une durabilit\u00e9 accrue et un aspect raffin\u00e9.\"},{\"@type\":\"BreadcrumbList\",\"@id\":\"https:\/\/www.6cproto.com\/fr\/resources\/surface-finish-guides\/#breadcrumb\",\"itemListElement\":[{\"@type\":\"ListItem\",\"position\":1,\"name\":\"Home\",\"item\":\"https:\/\/www.6cproto.com\/fr\/\"},{\"@type\":\"ListItem\",\"position\":2,\"name\":\"Ressources\",\"item\":\"https:\/\/www.6cproto.com\/fr\/resources\/\"},{\"@type\":\"ListItem\",\"position\":3,\"name\":\"Guides De Finition De Surface\"}]},{\"@type\":\"WebSite\",\"@id\":\"https:\/\/www.6cproto.com\/#website\",\"url\":\"https:\/\/www.6cproto.com\/\",\"name\":\"6CProto\",\"description\":\"Precision CNC Machining, Rapid Prototyping & Custom Parts\",\"potentialAction\":[{\"@type\":\"SearchAction\",\"target\":{\"@type\":\"EntryPoint\",\"urlTemplate\":\"https:\/\/www.6cproto.com\/?s={search_term_string}\"},\"query-input\":{\"@type\":\"PropertyValueSpecification\",\"valueRequired\":true,\"valueName\":\"search_term_string\"}}],\"inLanguage\":\"fr-FR\"}]}<\/script>\n<!-- \/ Yoast SEO plugin. -->","yoast_head_json":{"title":"Guides De Finition De Surface - 6CProto","robots":{"index":"index","follow":"follow","max-snippet":"max-snippet:-1","max-image-preview":"max-image-preview:large","max-video-preview":"max-video-preview:-1"},"canonical":"https:\/\/www.6cproto.com\/fr\/resources\/surface-finish-guides\/","og_locale":"fr_FR","og_type":"article","og_title":"Guides De Finition De Surface - 6CProto","og_url":"https:\/\/www.6cproto.com\/fr\/resources\/surface-finish-guides\/","og_site_name":"6CProto","article_publisher":"https:\/\/www.facebook.sss","article_modified_time":"2025-12-19T03:47:01+00:00","og_image":[{"width":720,"height":479,"url":"https:\/\/www.6cproto.com\/wp-content\/uploads\/2025\/09\/anodized-surface-finish-on-aluminum-part.png","type":"image\/png"}],"twitter_card":"summary_large_image","twitter_misc":{"Est. reading time":"1 minute"},"schema":{"@context":"https:\/\/schema.org","@graph":[{"@type":"WebPage","@id":"https:\/\/www.6cproto.com\/fr\/resources\/surface-finish-guides\/","url":"https:\/\/www.6cproto.com\/fr\/resources\/surface-finish-guides\/","name":"Guides De Finition De Surface - 6CProto","isPartOf":{"@id":"https:\/\/www.6cproto.com\/#website"},"primaryImageOfPage":{"@id":"https:\/\/www.6cproto.com\/fr\/resources\/surface-finish-guides\/#primaryimage"},"image":{"@id":"https:\/\/www.6cproto.com\/fr\/resources\/surface-finish-guides\/#primaryimage"},"thumbnailUrl":"https:\/\/www.6cproto.com\/wp-content\/uploads\/2025\/09\/anodized-surface-finish-on-aluminum-part.png","datePublished":"2025-09-25T03:54:06+00:00","dateModified":"2025-12-19T03:47:01+00:00","breadcrumb":{"@id":"https:\/\/www.6cproto.com\/fr\/resources\/surface-finish-guides\/#breadcrumb"},"inLanguage":"fr-FR","potentialAction":[{"@type":"ReadAction","target":["https:\/\/www.6cproto.com\/fr\/resources\/surface-finish-guides\/"]}]},{"@type":"ImageObject","inLanguage":"fr-FR","@id":"https:\/\/www.6cproto.com\/fr\/resources\/surface-finish-guides\/#primaryimage","url":"https:\/\/www.6cproto.com\/wp-content\/uploads\/2025\/09\/anodized-surface-finish-on-aluminum-part.png","contentUrl":"https:\/\/www.6cproto.com\/wp-content\/uploads\/2025\/09\/anodized-surface-finish-on-aluminum-part.png","width":720,"height":479,"caption":"Pi\u00e8ce en aluminium avec finition de surface anodis\u00e9e, mettant en avant le proc\u00e9d\u00e9 d\u2019oxydation pr\u00e9cis de 6CProtoRP pour une durabilit\u00e9 accrue et un aspect raffin\u00e9."},{"@type":"BreadcrumbList","@id":"https:\/\/www.6cproto.com\/fr\/resources\/surface-finish-guides\/#breadcrumb","itemListElement":[{"@type":"ListItem","position":1,"name":"Home","item":"https:\/\/www.6cproto.com\/fr\/"},{"@type":"ListItem","position":2,"name":"Ressources","item":"https:\/\/www.6cproto.com\/fr\/resources\/"},{"@type":"ListItem","position":3,"name":"Guides De Finition De Surface"}]},{"@type":"WebSite","@id":"https:\/\/www.6cproto.com\/#website","url":"https:\/\/www.6cproto.com\/","name":"6CProto","description":"Precision CNC Machining, Rapid Prototyping & Custom Parts","potentialAction":[{"@type":"SearchAction","target":{"@type":"EntryPoint","urlTemplate":"https:\/\/www.6cproto.com\/?s={search_term_string}"},"query-input":{"@type":"PropertyValueSpecification","valueRequired":true,"valueName":"search_term_string"}}],"inLanguage":"fr-FR"}]}},"_links":{"self":[{"href":"https:\/\/www.6cproto.com\/fr\/wp-json\/wp\/v2\/pages\/17808","targetHints":{"allow":["GET"]}}],"collection":[{"href":"https:\/\/www.6cproto.com\/fr\/wp-json\/wp\/v2\/pages"}],"about":[{"href":"https:\/\/www.6cproto.com\/fr\/wp-json\/wp\/v2\/types\/page"}],"author":[{"embeddable":true,"href":"https:\/\/www.6cproto.com\/fr\/wp-json\/wp\/v2\/users\/7"}],"replies":[{"embeddable":true,"href":"https:\/\/www.6cproto.com\/fr\/wp-json\/wp\/v2\/comments?post=17808"}],"version-history":[{"count":0,"href":"https:\/\/www.6cproto.com\/fr\/wp-json\/wp\/v2\/pages\/17808\/revisions"}],"up":[{"embeddable":true,"href":"https:\/\/www.6cproto.com\/fr\/wp-json\/wp\/v2\/pages\/17738"}],"wp:featuredmedia":[{"embeddable":true,"href":"https:\/\/www.6cproto.com\/fr\/wp-json\/wp\/v2\/media\/17209"}],"wp:attachment":[{"href":"https:\/\/www.6cproto.com\/fr\/wp-json\/wp\/v2\/media?parent=17808"}],"wp:term":[{"taxonomy":"materials-category","embeddable":true,"href":"https:\/\/www.6cproto.com\/fr\/wp-json\/wp\/v2\/materials-category?post=17808"},{"taxonomy":"materials-type","embeddable":true,"href":"https:\/\/www.6cproto.com\/fr\/wp-json\/wp\/v2\/materials-type?post=17808"},{"taxonomy":"global_search_industry","embeddable":true,"href":"https:\/\/www.6cproto.com\/fr\/wp-json\/wp\/v2\/global_search_industry?post=17808"},{"taxonomy":"global_search_service","embeddable":true,"href":"https:\/\/www.6cproto.com\/fr\/wp-json\/wp\/v2\/global_search_service?post=17808"},{"taxonomy":"global_search_resource","embeddable":true,"href":"https:\/\/www.6cproto.com\/fr\/wp-json\/wp\/v2\/global_search_resource?post=17808"},{"taxonomy":"global_search_material","embeddable":true,"href":"https:\/\/www.6cproto.com\/fr\/wp-json\/wp\/v2\/global_search_material?post=17808"}],"curies":[{"name":"wp","href":"https:\/\/api.w.org\/{rel}","templated":true}]}}