{"id":17672,"date":"2025-09-27T16:45:53","date_gmt":"2025-09-27T08:45:53","guid":{"rendered":"http:\/\/my-site-local.local\/materials\/plastics\/pmma-acrylic\/"},"modified":"2025-12-22T14:34:07","modified_gmt":"2025-12-22T06:34:07","slug":"pmma-acrylic","status":"publish","type":"page","link":"https:\/\/www.6cproto.com\/fr\/materials\/pmma-acrylic\/","title":{"rendered":"PMMA (Acrylic)"},"content":{"rendered":"<h3>Mat\u00e9riau d\u2019Ing\u00e9nierie en PMMA (Acrylique)<\/h3>\n<p>L\u2019acrylique (\u00e9galement connu sous le nom de polym\u00e9thacrylate de m\u00e9thyle, PMMA) se distingue non seulement par ses excellentes performances optiques, mais aussi par sa remarquable r\u00e9sistance aux UV. Avec une transmission lumineuse pouvant atteindre 92\u202f%\u2014comparable \u00e0 celle du verre\u2014il est devenu un mat\u00e9riau pris\u00e9 pour des applications vari\u00e9es, allant des enseignes au n\u00e9on dans les centres commerciaux et des panneaux de vitrines de mus\u00e9es aux lentilles optiques de pr\u00e9cision et aux couvercles de projecteurs de sc\u00e8ne.<\/p>\n","protected":false},"excerpt":{"rendered":"<p>Mat\u00e9riau d\u2019Ing\u00e9nierie en PMMA (Acrylique) L\u2019acrylique (\u00e9galement connu sous le nom de polym\u00e9thacrylate de m\u00e9thyle, PMMA) se distingue non seulement par ses excellentes performances optiques, mais aussi par sa remarquable r\u00e9sistance aux UV. Avec une transmission lumineuse pouvant atteindre 92\u202f%\u2014comparable \u00e0 celle du verre\u2014il est devenu un mat\u00e9riau pris\u00e9 pour des applications vari\u00e9es, allant des<\/p>\n","protected":false},"author":7,"featured_media":16403,"parent":17449,"menu_order":0,"comment_status":"closed","ping_status":"closed","template":"","meta":{"_acf_changed":false,"footnotes":""},"materials-category":[],"materials-type":[1195],"global_search_industry":[],"global_search_service":[],"global_search_resource":[],"global_search_material":[1318,1316],"class_list":["post-17672","page","type-page","status-publish","has-post-thumbnail","hentry","materials-type-pmma-acrylic","global_search_material-injection-molding-materials","global_search_material-cnc-machining-materials"],"acf":[],"yoast_head":"<!-- This site is optimized with the Yoast SEO plugin v25.7 - https:\/\/yoast.com\/wordpress\/plugins\/seo\/ -->\n<title>PMMA \/ Acrylic Material | Transparent &amp; Durable Polymer<\/title>\n<meta name=\"description\" content=\"Explore HorizonRP\u2019s PMMA (acrylic) materials \u2014 offering excellent optical clarity, UV stability, and impact resistance. Ideal for displays, signage, lighting, and architectural applications.\" \/>\n<meta name=\"robots\" content=\"index, follow, max-snippet:-1, max-image-preview:large, max-video-preview:-1\" \/>\n<link rel=\"canonical\" href=\"https:\/\/www.6cproto.com\/fr\/materials\/pmma-acrylic\/\" \/>\n<meta property=\"og:locale\" content=\"fr_FR\" \/>\n<meta property=\"og:type\" content=\"article\" \/>\n<meta property=\"og:title\" content=\"PMMA \/ Acrylic Material | Transparent &amp; Durable Polymer\" \/>\n<meta property=\"og:description\" content=\"Explore HorizonRP\u2019s PMMA (acrylic) materials \u2014 offering excellent optical clarity, UV stability, and impact resistance. Ideal for displays, signage, lighting, and architectural applications.\" \/>\n<meta property=\"og:url\" content=\"https:\/\/www.6cproto.com\/fr\/materials\/pmma-acrylic\/\" \/>\n<meta property=\"og:site_name\" content=\"6CProto\" \/>\n<meta property=\"article:publisher\" content=\"https:\/\/www.facebook.sss\" \/>\n<meta property=\"article:modified_time\" content=\"2025-12-22T06:34:07+00:00\" \/>\n<meta property=\"og:image\" content=\"https:\/\/www.6cproto.com\/wp-content\/uploads\/2025\/09\/pmma-acrylic.webp\" \/>\n\t<meta property=\"og:image:width\" content=\"1460\" \/>\n\t<meta property=\"og:image:height\" content=\"1273\" \/>\n\t<meta property=\"og:image:type\" content=\"image\/webp\" \/>\n<meta name=\"twitter:card\" content=\"summary_large_image\" \/>\n<meta name=\"twitter:label1\" content=\"Est. reading time\" \/>\n\t<meta name=\"twitter:data1\" content=\"1 minute\" \/>\n<script type=\"application\/ld+json\" class=\"yoast-schema-graph\">{\"@context\":\"https:\/\/schema.org\",\"@graph\":[{\"@type\":\"WebPage\",\"@id\":\"https:\/\/www.6cproto.com\/fr\/materials\/pmma-acrylic\/\",\"url\":\"https:\/\/www.6cproto.com\/fr\/materials\/pmma-acrylic\/\",\"name\":\"PMMA \/ Acrylic Material | Transparent & Durable Polymer\",\"isPartOf\":{\"@id\":\"https:\/\/www.6cproto.com\/#website\"},\"primaryImageOfPage\":{\"@id\":\"https:\/\/www.6cproto.com\/fr\/materials\/pmma-acrylic\/#primaryimage\"},\"image\":{\"@id\":\"https:\/\/www.6cproto.com\/fr\/materials\/pmma-acrylic\/#primaryimage\"},\"thumbnailUrl\":\"https:\/\/www.6cproto.com\/wp-content\/uploads\/2025\/09\/pmma-acrylic.webp\",\"datePublished\":\"2025-09-27T08:45:53+00:00\",\"dateModified\":\"2025-12-22T06:34:07+00:00\",\"description\":\"Explore HorizonRP\u2019s PMMA (acrylic) materials \u2014 offering excellent optical clarity, UV stability, and impact resistance. Ideal for displays, signage, lighting, and architectural applications.\",\"breadcrumb\":{\"@id\":\"https:\/\/www.6cproto.com\/fr\/materials\/pmma-acrylic\/#breadcrumb\"},\"inLanguage\":\"fr-FR\",\"potentialAction\":[{\"@type\":\"ReadAction\",\"target\":[\"https:\/\/www.6cproto.com\/fr\/materials\/pmma-acrylic\/\"]}]},{\"@type\":\"ImageObject\",\"inLanguage\":\"fr-FR\",\"@id\":\"https:\/\/www.6cproto.com\/fr\/materials\/pmma-acrylic\/#primaryimage\",\"url\":\"https:\/\/www.6cproto.com\/wp-content\/uploads\/2025\/09\/pmma-acrylic.webp\",\"contentUrl\":\"https:\/\/www.6cproto.com\/wp-content\/uploads\/2025\/09\/pmma-acrylic.webp\",\"width\":1460,\"height\":1273,\"caption\":\"Le PMMA (polym\u00e9thacrylate de m\u00e9thyle), commun\u00e9ment appel\u00e9 acrylique, est un thermoplastique transparent reconnu pour son exceptionnelle clart\u00e9 optique, sa r\u00e9sistance aux UV et sa bonne tenue aux intemp\u00e9ries. Il est largement utilis\u00e9 dans des applications n\u00e9cessitant \u00e0 la fois esth\u00e9tique et durabilit\u00e9.\"},{\"@type\":\"BreadcrumbList\",\"@id\":\"https:\/\/www.6cproto.com\/fr\/materials\/pmma-acrylic\/#breadcrumb\",\"itemListElement\":[{\"@type\":\"ListItem\",\"position\":1,\"name\":\"Home\",\"item\":\"https:\/\/www.6cproto.com\/fr\/\"},{\"@type\":\"ListItem\",\"position\":2,\"name\":\"Mat\u00e9riaux\",\"item\":\"https:\/\/www.6cproto.com\/fr\/materials\/\"},{\"@type\":\"ListItem\",\"position\":3,\"name\":\"PMMA (Acrylic)\"}]},{\"@type\":\"WebSite\",\"@id\":\"https:\/\/www.6cproto.com\/#website\",\"url\":\"https:\/\/www.6cproto.com\/\",\"name\":\"6CProto\",\"description\":\"Precision CNC Machining, Rapid Prototyping & Custom Parts\",\"potentialAction\":[{\"@type\":\"SearchAction\",\"target\":{\"@type\":\"EntryPoint\",\"urlTemplate\":\"https:\/\/www.6cproto.com\/?s={search_term_string}\"},\"query-input\":{\"@type\":\"PropertyValueSpecification\",\"valueRequired\":true,\"valueName\":\"search_term_string\"}}],\"inLanguage\":\"fr-FR\"}]}<\/script>\n<!-- \/ Yoast SEO plugin. -->","yoast_head_json":{"title":"PMMA \/ Acrylic Material | Transparent & Durable Polymer","description":"Explore HorizonRP\u2019s PMMA (acrylic) materials \u2014 offering excellent optical clarity, UV stability, and impact resistance. Ideal for displays, signage, lighting, and architectural applications.","robots":{"index":"index","follow":"follow","max-snippet":"max-snippet:-1","max-image-preview":"max-image-preview:large","max-video-preview":"max-video-preview:-1"},"canonical":"https:\/\/www.6cproto.com\/fr\/materials\/pmma-acrylic\/","og_locale":"fr_FR","og_type":"article","og_title":"PMMA \/ Acrylic Material | Transparent & Durable Polymer","og_description":"Explore HorizonRP\u2019s PMMA (acrylic) materials \u2014 offering excellent optical clarity, UV stability, and impact resistance. Ideal for displays, signage, lighting, and architectural applications.","og_url":"https:\/\/www.6cproto.com\/fr\/materials\/pmma-acrylic\/","og_site_name":"6CProto","article_publisher":"https:\/\/www.facebook.sss","article_modified_time":"2025-12-22T06:34:07+00:00","og_image":[{"width":1460,"height":1273,"url":"https:\/\/www.6cproto.com\/wp-content\/uploads\/2025\/09\/pmma-acrylic.webp","type":"image\/webp"}],"twitter_card":"summary_large_image","twitter_misc":{"Est. reading time":"1 minute"},"schema":{"@context":"https:\/\/schema.org","@graph":[{"@type":"WebPage","@id":"https:\/\/www.6cproto.com\/fr\/materials\/pmma-acrylic\/","url":"https:\/\/www.6cproto.com\/fr\/materials\/pmma-acrylic\/","name":"PMMA \/ Acrylic Material | Transparent & Durable Polymer","isPartOf":{"@id":"https:\/\/www.6cproto.com\/#website"},"primaryImageOfPage":{"@id":"https:\/\/www.6cproto.com\/fr\/materials\/pmma-acrylic\/#primaryimage"},"image":{"@id":"https:\/\/www.6cproto.com\/fr\/materials\/pmma-acrylic\/#primaryimage"},"thumbnailUrl":"https:\/\/www.6cproto.com\/wp-content\/uploads\/2025\/09\/pmma-acrylic.webp","datePublished":"2025-09-27T08:45:53+00:00","dateModified":"2025-12-22T06:34:07+00:00","description":"Explore HorizonRP\u2019s PMMA (acrylic) materials \u2014 offering excellent optical clarity, UV stability, and impact resistance. Ideal for displays, signage, lighting, and architectural applications.","breadcrumb":{"@id":"https:\/\/www.6cproto.com\/fr\/materials\/pmma-acrylic\/#breadcrumb"},"inLanguage":"fr-FR","potentialAction":[{"@type":"ReadAction","target":["https:\/\/www.6cproto.com\/fr\/materials\/pmma-acrylic\/"]}]},{"@type":"ImageObject","inLanguage":"fr-FR","@id":"https:\/\/www.6cproto.com\/fr\/materials\/pmma-acrylic\/#primaryimage","url":"https:\/\/www.6cproto.com\/wp-content\/uploads\/2025\/09\/pmma-acrylic.webp","contentUrl":"https:\/\/www.6cproto.com\/wp-content\/uploads\/2025\/09\/pmma-acrylic.webp","width":1460,"height":1273,"caption":"Le PMMA (polym\u00e9thacrylate de m\u00e9thyle), commun\u00e9ment appel\u00e9 acrylique, est un thermoplastique transparent reconnu pour son exceptionnelle clart\u00e9 optique, sa r\u00e9sistance aux UV et sa bonne tenue aux intemp\u00e9ries. Il est largement utilis\u00e9 dans des applications n\u00e9cessitant \u00e0 la fois esth\u00e9tique et durabilit\u00e9."},{"@type":"BreadcrumbList","@id":"https:\/\/www.6cproto.com\/fr\/materials\/pmma-acrylic\/#breadcrumb","itemListElement":[{"@type":"ListItem","position":1,"name":"Home","item":"https:\/\/www.6cproto.com\/fr\/"},{"@type":"ListItem","position":2,"name":"Mat\u00e9riaux","item":"https:\/\/www.6cproto.com\/fr\/materials\/"},{"@type":"ListItem","position":3,"name":"PMMA (Acrylic)"}]},{"@type":"WebSite","@id":"https:\/\/www.6cproto.com\/#website","url":"https:\/\/www.6cproto.com\/","name":"6CProto","description":"Precision CNC Machining, Rapid Prototyping & Custom Parts","potentialAction":[{"@type":"SearchAction","target":{"@type":"EntryPoint","urlTemplate":"https:\/\/www.6cproto.com\/?s={search_term_string}"},"query-input":{"@type":"PropertyValueSpecification","valueRequired":true,"valueName":"search_term_string"}}],"inLanguage":"fr-FR"}]}},"_links":{"self":[{"href":"https:\/\/www.6cproto.com\/fr\/wp-json\/wp\/v2\/pages\/17672","targetHints":{"allow":["GET"]}}],"collection":[{"href":"https:\/\/www.6cproto.com\/fr\/wp-json\/wp\/v2\/pages"}],"about":[{"href":"https:\/\/www.6cproto.com\/fr\/wp-json\/wp\/v2\/types\/page"}],"author":[{"embeddable":true,"href":"https:\/\/www.6cproto.com\/fr\/wp-json\/wp\/v2\/users\/7"}],"replies":[{"embeddable":true,"href":"https:\/\/www.6cproto.com\/fr\/wp-json\/wp\/v2\/comments?post=17672"}],"version-history":[{"count":0,"href":"https:\/\/www.6cproto.com\/fr\/wp-json\/wp\/v2\/pages\/17672\/revisions"}],"up":[{"embeddable":true,"href":"https:\/\/www.6cproto.com\/fr\/wp-json\/wp\/v2\/pages\/17449"}],"wp:featuredmedia":[{"embeddable":true,"href":"https:\/\/www.6cproto.com\/fr\/wp-json\/wp\/v2\/media\/16403"}],"wp:attachment":[{"href":"https:\/\/www.6cproto.com\/fr\/wp-json\/wp\/v2\/media?parent=17672"}],"wp:term":[{"taxonomy":"materials-category","embeddable":true,"href":"https:\/\/www.6cproto.com\/fr\/wp-json\/wp\/v2\/materials-category?post=17672"},{"taxonomy":"materials-type","embeddable":true,"href":"https:\/\/www.6cproto.com\/fr\/wp-json\/wp\/v2\/materials-type?post=17672"},{"taxonomy":"global_search_industry","embeddable":true,"href":"https:\/\/www.6cproto.com\/fr\/wp-json\/wp\/v2\/global_search_industry?post=17672"},{"taxonomy":"global_search_service","embeddable":true,"href":"https:\/\/www.6cproto.com\/fr\/wp-json\/wp\/v2\/global_search_service?post=17672"},{"taxonomy":"global_search_resource","embeddable":true,"href":"https:\/\/www.6cproto.com\/fr\/wp-json\/wp\/v2\/global_search_resource?post=17672"},{"taxonomy":"global_search_material","embeddable":true,"href":"https:\/\/www.6cproto.com\/fr\/wp-json\/wp\/v2\/global_search_material?post=17672"}],"curies":[{"name":"wp","href":"https:\/\/api.w.org\/{rel}","templated":true}]}}