{"id":17665,"date":"2025-09-27T16:57:14","date_gmt":"2025-09-27T08:57:14","guid":{"rendered":"http:\/\/my-site-local.local\/materials\/plastics\/pet\/"},"modified":"2025-12-22T14:33:33","modified_gmt":"2025-12-22T06:33:33","slug":"pet","status":"publish","type":"page","link":"https:\/\/www.6cproto.com\/fr\/materials\/pet\/","title":{"rendered":"PET"},"content":{"rendered":"<h3>PET<\/h3>\n<p>Le PET (poly\u00e9thyl\u00e8ne t\u00e9r\u00e9phtalate) est un polyester thermoplastique courant, reconnu pour ses excellentes propri\u00e9t\u00e9s m\u00e9caniques et sa forte r\u00e9sistance chimique. Il offre \u00e9galement une transparence et un \u00e9clat similaires \u00e0 ceux du verre, avec une haute transmission lumineuse d\u2019environ 88 \u00e0 92\u202f%, et il est largement utilis\u00e9 dans les bouteilles de boissons, les emballages alimentaires et les plastiques techniques.<\/p>\n","protected":false},"excerpt":{"rendered":"<p>PET Le PET (poly\u00e9thyl\u00e8ne t\u00e9r\u00e9phtalate) est un polyester thermoplastique courant, reconnu pour ses excellentes propri\u00e9t\u00e9s m\u00e9caniques et sa forte r\u00e9sistance chimique. Il offre \u00e9galement une transparence et un \u00e9clat similaires \u00e0 ceux du verre, avec une haute transmission lumineuse d\u2019environ 88 \u00e0 92\u202f%, et il est largement utilis\u00e9 dans les bouteilles de boissons, les emballages<\/p>\n","protected":false},"author":7,"featured_media":16381,"parent":17449,"menu_order":0,"comment_status":"closed","ping_status":"closed","template":"100-width.php","meta":{"_acf_changed":false,"footnotes":""},"materials-category":[],"materials-type":[1193],"global_search_industry":[],"global_search_service":[],"global_search_resource":[],"global_search_material":[1318,1316],"class_list":["post-17665","page","type-page","status-publish","has-post-thumbnail","hentry","materials-type-pet","global_search_material-injection-molding-materials","global_search_material-cnc-machining-materials"],"acf":[],"yoast_head":"<!-- This site is optimized with the Yoast SEO plugin v25.7 - https:\/\/yoast.com\/wordpress\/plugins\/seo\/ -->\n<title>PET Plastic for Manufacturing | CNC Machining &amp; Injection Molding Material | HorizonRP<\/title>\n<meta name=\"description\" content=\"Learn about PET plastic for CNC machining and injection molding. HorizonRP provides strong, stable, food-safe PET material for high-precision parts across industrial and consumer applications.\" \/>\n<meta name=\"robots\" content=\"index, follow, max-snippet:-1, max-image-preview:large, max-video-preview:-1\" \/>\n<link rel=\"canonical\" href=\"https:\/\/www.6cproto.com\/fr\/materials\/pet\/\" \/>\n<meta property=\"og:locale\" content=\"fr_FR\" \/>\n<meta property=\"og:type\" content=\"article\" \/>\n<meta property=\"og:title\" content=\"PET Plastic for Manufacturing | CNC Machining &amp; Injection Molding Material | HorizonRP\" \/>\n<meta property=\"og:description\" content=\"Learn about PET plastic for CNC machining and injection molding. HorizonRP provides strong, stable, food-safe PET material for high-precision parts across industrial and consumer applications.\" \/>\n<meta property=\"og:url\" content=\"https:\/\/www.6cproto.com\/fr\/materials\/pet\/\" \/>\n<meta property=\"og:site_name\" content=\"6CProto\" \/>\n<meta property=\"article:publisher\" content=\"https:\/\/www.facebook.sss\" \/>\n<meta property=\"article:modified_time\" content=\"2025-12-22T06:33:33+00:00\" \/>\n<meta property=\"og:image\" content=\"https:\/\/www.6cproto.com\/wp-content\/uploads\/2025\/09\/pet.jpg\" \/>\n\t<meta property=\"og:image:width\" content=\"800\" \/>\n\t<meta property=\"og:image:height\" content=\"800\" \/>\n\t<meta property=\"og:image:type\" content=\"image\/jpeg\" \/>\n<meta name=\"twitter:card\" content=\"summary_large_image\" \/>\n<meta name=\"twitter:label1\" content=\"Est. reading time\" \/>\n\t<meta name=\"twitter:data1\" content=\"1 minute\" \/>\n<script type=\"application\/ld+json\" class=\"yoast-schema-graph\">{\"@context\":\"https:\/\/schema.org\",\"@graph\":[{\"@type\":\"WebPage\",\"@id\":\"https:\/\/www.6cproto.com\/fr\/materials\/pet\/\",\"url\":\"https:\/\/www.6cproto.com\/fr\/materials\/pet\/\",\"name\":\"PET Plastic for Manufacturing | CNC Machining & Injection Molding Material | HorizonRP\",\"isPartOf\":{\"@id\":\"https:\/\/www.6cproto.com\/#website\"},\"primaryImageOfPage\":{\"@id\":\"https:\/\/www.6cproto.com\/fr\/materials\/pet\/#primaryimage\"},\"image\":{\"@id\":\"https:\/\/www.6cproto.com\/fr\/materials\/pet\/#primaryimage\"},\"thumbnailUrl\":\"https:\/\/www.6cproto.com\/wp-content\/uploads\/2025\/09\/pet.jpg\",\"datePublished\":\"2025-09-27T08:57:14+00:00\",\"dateModified\":\"2025-12-22T06:33:33+00:00\",\"description\":\"Learn about PET plastic for CNC machining and injection molding. HorizonRP provides strong, stable, food-safe PET material for high-precision parts across industrial and consumer applications.\",\"breadcrumb\":{\"@id\":\"https:\/\/www.6cproto.com\/fr\/materials\/pet\/#breadcrumb\"},\"inLanguage\":\"fr-FR\",\"potentialAction\":[{\"@type\":\"ReadAction\",\"target\":[\"https:\/\/www.6cproto.com\/fr\/materials\/pet\/\"]}]},{\"@type\":\"ImageObject\",\"inLanguage\":\"fr-FR\",\"@id\":\"https:\/\/www.6cproto.com\/fr\/materials\/pet\/#primaryimage\",\"url\":\"https:\/\/www.6cproto.com\/wp-content\/uploads\/2025\/09\/pet.jpg\",\"contentUrl\":\"https:\/\/www.6cproto.com\/wp-content\/uploads\/2025\/09\/pet.jpg\",\"width\":800,\"height\":800,\"caption\":\"Mat\u00e9riau PET (poly\u00e9thyl\u00e8ne t\u00e9r\u00e9phtalate) transparent, offrant une grande clart\u00e9, une r\u00e9sistance \u00e9lev\u00e9e et une excellente recyclabilit\u00e9 \u2014 couramment utilis\u00e9 pour le moulage par injection et les applications d\u2019emballage.\"},{\"@type\":\"BreadcrumbList\",\"@id\":\"https:\/\/www.6cproto.com\/fr\/materials\/pet\/#breadcrumb\",\"itemListElement\":[{\"@type\":\"ListItem\",\"position\":1,\"name\":\"Home\",\"item\":\"https:\/\/www.6cproto.com\/fr\/\"},{\"@type\":\"ListItem\",\"position\":2,\"name\":\"Mat\u00e9riaux\",\"item\":\"https:\/\/www.6cproto.com\/fr\/materials\/\"},{\"@type\":\"ListItem\",\"position\":3,\"name\":\"PET\"}]},{\"@type\":\"WebSite\",\"@id\":\"https:\/\/www.6cproto.com\/#website\",\"url\":\"https:\/\/www.6cproto.com\/\",\"name\":\"6CProto\",\"description\":\"Precision CNC Machining, Rapid Prototyping & Custom Parts\",\"potentialAction\":[{\"@type\":\"SearchAction\",\"target\":{\"@type\":\"EntryPoint\",\"urlTemplate\":\"https:\/\/www.6cproto.com\/?s={search_term_string}\"},\"query-input\":{\"@type\":\"PropertyValueSpecification\",\"valueRequired\":true,\"valueName\":\"search_term_string\"}}],\"inLanguage\":\"fr-FR\"}]}<\/script>\n<!-- \/ Yoast SEO plugin. -->","yoast_head_json":{"title":"PET Plastic for Manufacturing | CNC Machining & Injection Molding Material | HorizonRP","description":"Learn about PET plastic for CNC machining and injection molding. HorizonRP provides strong, stable, food-safe PET material for high-precision parts across industrial and consumer applications.","robots":{"index":"index","follow":"follow","max-snippet":"max-snippet:-1","max-image-preview":"max-image-preview:large","max-video-preview":"max-video-preview:-1"},"canonical":"https:\/\/www.6cproto.com\/fr\/materials\/pet\/","og_locale":"fr_FR","og_type":"article","og_title":"PET Plastic for Manufacturing | CNC Machining & Injection Molding Material | HorizonRP","og_description":"Learn about PET plastic for CNC machining and injection molding. HorizonRP provides strong, stable, food-safe PET material for high-precision parts across industrial and consumer applications.","og_url":"https:\/\/www.6cproto.com\/fr\/materials\/pet\/","og_site_name":"6CProto","article_publisher":"https:\/\/www.facebook.sss","article_modified_time":"2025-12-22T06:33:33+00:00","og_image":[{"width":800,"height":800,"url":"https:\/\/www.6cproto.com\/wp-content\/uploads\/2025\/09\/pet.jpg","type":"image\/jpeg"}],"twitter_card":"summary_large_image","twitter_misc":{"Est. reading time":"1 minute"},"schema":{"@context":"https:\/\/schema.org","@graph":[{"@type":"WebPage","@id":"https:\/\/www.6cproto.com\/fr\/materials\/pet\/","url":"https:\/\/www.6cproto.com\/fr\/materials\/pet\/","name":"PET Plastic for Manufacturing | CNC Machining & Injection Molding Material | HorizonRP","isPartOf":{"@id":"https:\/\/www.6cproto.com\/#website"},"primaryImageOfPage":{"@id":"https:\/\/www.6cproto.com\/fr\/materials\/pet\/#primaryimage"},"image":{"@id":"https:\/\/www.6cproto.com\/fr\/materials\/pet\/#primaryimage"},"thumbnailUrl":"https:\/\/www.6cproto.com\/wp-content\/uploads\/2025\/09\/pet.jpg","datePublished":"2025-09-27T08:57:14+00:00","dateModified":"2025-12-22T06:33:33+00:00","description":"Learn about PET plastic for CNC machining and injection molding. HorizonRP provides strong, stable, food-safe PET material for high-precision parts across industrial and consumer applications.","breadcrumb":{"@id":"https:\/\/www.6cproto.com\/fr\/materials\/pet\/#breadcrumb"},"inLanguage":"fr-FR","potentialAction":[{"@type":"ReadAction","target":["https:\/\/www.6cproto.com\/fr\/materials\/pet\/"]}]},{"@type":"ImageObject","inLanguage":"fr-FR","@id":"https:\/\/www.6cproto.com\/fr\/materials\/pet\/#primaryimage","url":"https:\/\/www.6cproto.com\/wp-content\/uploads\/2025\/09\/pet.jpg","contentUrl":"https:\/\/www.6cproto.com\/wp-content\/uploads\/2025\/09\/pet.jpg","width":800,"height":800,"caption":"Mat\u00e9riau PET (poly\u00e9thyl\u00e8ne t\u00e9r\u00e9phtalate) transparent, offrant une grande clart\u00e9, une r\u00e9sistance \u00e9lev\u00e9e et une excellente recyclabilit\u00e9 \u2014 couramment utilis\u00e9 pour le moulage par injection et les applications d\u2019emballage."},{"@type":"BreadcrumbList","@id":"https:\/\/www.6cproto.com\/fr\/materials\/pet\/#breadcrumb","itemListElement":[{"@type":"ListItem","position":1,"name":"Home","item":"https:\/\/www.6cproto.com\/fr\/"},{"@type":"ListItem","position":2,"name":"Mat\u00e9riaux","item":"https:\/\/www.6cproto.com\/fr\/materials\/"},{"@type":"ListItem","position":3,"name":"PET"}]},{"@type":"WebSite","@id":"https:\/\/www.6cproto.com\/#website","url":"https:\/\/www.6cproto.com\/","name":"6CProto","description":"Precision CNC Machining, Rapid Prototyping & Custom Parts","potentialAction":[{"@type":"SearchAction","target":{"@type":"EntryPoint","urlTemplate":"https:\/\/www.6cproto.com\/?s={search_term_string}"},"query-input":{"@type":"PropertyValueSpecification","valueRequired":true,"valueName":"search_term_string"}}],"inLanguage":"fr-FR"}]}},"_links":{"self":[{"href":"https:\/\/www.6cproto.com\/fr\/wp-json\/wp\/v2\/pages\/17665","targetHints":{"allow":["GET"]}}],"collection":[{"href":"https:\/\/www.6cproto.com\/fr\/wp-json\/wp\/v2\/pages"}],"about":[{"href":"https:\/\/www.6cproto.com\/fr\/wp-json\/wp\/v2\/types\/page"}],"author":[{"embeddable":true,"href":"https:\/\/www.6cproto.com\/fr\/wp-json\/wp\/v2\/users\/7"}],"replies":[{"embeddable":true,"href":"https:\/\/www.6cproto.com\/fr\/wp-json\/wp\/v2\/comments?post=17665"}],"version-history":[{"count":1,"href":"https:\/\/www.6cproto.com\/fr\/wp-json\/wp\/v2\/pages\/17665\/revisions"}],"predecessor-version":[{"id":17668,"href":"https:\/\/www.6cproto.com\/fr\/wp-json\/wp\/v2\/pages\/17665\/revisions\/17668"}],"up":[{"embeddable":true,"href":"https:\/\/www.6cproto.com\/fr\/wp-json\/wp\/v2\/pages\/17449"}],"wp:featuredmedia":[{"embeddable":true,"href":"https:\/\/www.6cproto.com\/fr\/wp-json\/wp\/v2\/media\/16381"}],"wp:attachment":[{"href":"https:\/\/www.6cproto.com\/fr\/wp-json\/wp\/v2\/media?parent=17665"}],"wp:term":[{"taxonomy":"materials-category","embeddable":true,"href":"https:\/\/www.6cproto.com\/fr\/wp-json\/wp\/v2\/materials-category?post=17665"},{"taxonomy":"materials-type","embeddable":true,"href":"https:\/\/www.6cproto.com\/fr\/wp-json\/wp\/v2\/materials-type?post=17665"},{"taxonomy":"global_search_industry","embeddable":true,"href":"https:\/\/www.6cproto.com\/fr\/wp-json\/wp\/v2\/global_search_industry?post=17665"},{"taxonomy":"global_search_service","embeddable":true,"href":"https:\/\/www.6cproto.com\/fr\/wp-json\/wp\/v2\/global_search_service?post=17665"},{"taxonomy":"global_search_resource","embeddable":true,"href":"https:\/\/www.6cproto.com\/fr\/wp-json\/wp\/v2\/global_search_resource?post=17665"},{"taxonomy":"global_search_material","embeddable":true,"href":"https:\/\/www.6cproto.com\/fr\/wp-json\/wp\/v2\/global_search_material?post=17665"}],"curies":[{"name":"wp","href":"https:\/\/api.w.org\/{rel}","templated":true}]}}