{"id":17657,"date":"2025-09-27T17:06:22","date_gmt":"2025-09-27T09:06:22","guid":{"rendered":"http:\/\/my-site-local.local\/materials\/plastics\/pei\/"},"modified":"2025-12-22T14:33:04","modified_gmt":"2025-12-22T06:33:04","slug":"pei","status":"publish","type":"page","link":"https:\/\/www.6cproto.com\/fr\/materials\/pei\/","title":{"rendered":"PEI"},"content":{"rendered":"<h3>Mat\u00e9riau d\u2019Ing\u00e9nierie en PEI (Poly\u00e9therimide)<\/h3>\n<p>Le PEI (poly\u00e9therimide) est un thermoplastique haute performance reconnu pour son <strong>excellente r\u00e9sistance \u00e0 la chaleur<\/strong>, sa <strong>r\u00e9sistance m\u00e9canique<\/strong> et sa <strong>stabilit\u00e9 chimique<\/strong>. Il est largement utilis\u00e9 dans des applications exigeantes dans les <strong>domaines de l\u2019a\u00e9rospatiale, de l\u2019\u00e9lectronique, du m\u00e9dical et de l\u2019industrie<\/strong>.<\/p>\n","protected":false},"excerpt":{"rendered":"<p>Mat\u00e9riau d\u2019Ing\u00e9nierie en PEI (Poly\u00e9therimide) Le PEI (poly\u00e9therimide) est un thermoplastique haute performance reconnu pour son excellente r\u00e9sistance \u00e0 la chaleur, sa r\u00e9sistance m\u00e9canique et sa stabilit\u00e9 chimique. Il est largement utilis\u00e9 dans des applications exigeantes dans les domaines de l\u2019a\u00e9rospatiale, de l\u2019\u00e9lectronique, du m\u00e9dical et de l\u2019industrie.<\/p>\n","protected":false},"author":7,"featured_media":16323,"parent":17449,"menu_order":0,"comment_status":"closed","ping_status":"closed","template":"","meta":{"_acf_changed":false,"footnotes":""},"materials-category":[],"materials-type":[1191],"global_search_industry":[1227,1243],"global_search_service":[],"global_search_resource":[],"global_search_material":[1318,1316],"class_list":["post-17657","page","type-page","status-publish","has-post-thumbnail","hentry","materials-type-pei","global_search_industry-aerospace","global_search_industry-medical","global_search_material-injection-molding-materials","global_search_material-cnc-machining-materials"],"acf":[],"yoast_head":"<!-- This site is optimized with the Yoast SEO plugin v25.7 - https:\/\/yoast.com\/wordpress\/plugins\/seo\/ -->\n<title>PEI (Polyetherimide) Material | High\u2011Performance Engineering Polymer<\/title>\n<meta name=\"description\" content=\"Explore HorizonRP\u2019s PEI material (polyetherimide): offering exceptional heat resistance, mechanical strength, and chemical stability. Ideal for aerospace, electronics, and high-performance components.\" \/>\n<meta name=\"robots\" content=\"index, follow, max-snippet:-1, max-image-preview:large, max-video-preview:-1\" \/>\n<link rel=\"canonical\" href=\"https:\/\/www.6cproto.com\/fr\/materials\/pei\/\" \/>\n<meta property=\"og:locale\" content=\"fr_FR\" \/>\n<meta property=\"og:type\" content=\"article\" \/>\n<meta property=\"og:title\" content=\"PEI (Polyetherimide) Material | High\u2011Performance Engineering Polymer\" \/>\n<meta property=\"og:description\" content=\"Explore HorizonRP\u2019s PEI material (polyetherimide): offering exceptional heat resistance, mechanical strength, and chemical stability. Ideal for aerospace, electronics, and high-performance components.\" \/>\n<meta property=\"og:url\" content=\"https:\/\/www.6cproto.com\/fr\/materials\/pei\/\" \/>\n<meta property=\"og:site_name\" content=\"6CProto\" \/>\n<meta property=\"article:publisher\" content=\"https:\/\/www.facebook.sss\" \/>\n<meta property=\"article:modified_time\" content=\"2025-12-22T06:33:04+00:00\" \/>\n<meta property=\"og:image\" content=\"https:\/\/www.6cproto.com\/wp-content\/uploads\/2025\/09\/pei.jpg\" \/>\n\t<meta property=\"og:image:width\" content=\"750\" \/>\n\t<meta property=\"og:image:height\" content=\"750\" \/>\n\t<meta property=\"og:image:type\" content=\"image\/jpeg\" \/>\n<meta name=\"twitter:card\" content=\"summary_large_image\" \/>\n<meta name=\"twitter:label1\" content=\"Est. reading time\" \/>\n\t<meta name=\"twitter:data1\" content=\"1 minute\" \/>\n<script type=\"application\/ld+json\" class=\"yoast-schema-graph\">{\"@context\":\"https:\/\/schema.org\",\"@graph\":[{\"@type\":\"WebPage\",\"@id\":\"https:\/\/www.6cproto.com\/fr\/materials\/pei\/\",\"url\":\"https:\/\/www.6cproto.com\/fr\/materials\/pei\/\",\"name\":\"PEI (Polyetherimide) Material | High\u2011Performance Engineering Polymer\",\"isPartOf\":{\"@id\":\"https:\/\/www.6cproto.com\/#website\"},\"primaryImageOfPage\":{\"@id\":\"https:\/\/www.6cproto.com\/fr\/materials\/pei\/#primaryimage\"},\"image\":{\"@id\":\"https:\/\/www.6cproto.com\/fr\/materials\/pei\/#primaryimage\"},\"thumbnailUrl\":\"https:\/\/www.6cproto.com\/wp-content\/uploads\/2025\/09\/pei.jpg\",\"datePublished\":\"2025-09-27T09:06:22+00:00\",\"dateModified\":\"2025-12-22T06:33:04+00:00\",\"description\":\"Explore HorizonRP\u2019s PEI material (polyetherimide): offering exceptional heat resistance, mechanical strength, and chemical stability. Ideal for aerospace, electronics, and high-performance components.\",\"breadcrumb\":{\"@id\":\"https:\/\/www.6cproto.com\/fr\/materials\/pei\/#breadcrumb\"},\"inLanguage\":\"fr-FR\",\"potentialAction\":[{\"@type\":\"ReadAction\",\"target\":[\"https:\/\/www.6cproto.com\/fr\/materials\/pei\/\"]}]},{\"@type\":\"ImageObject\",\"inLanguage\":\"fr-FR\",\"@id\":\"https:\/\/www.6cproto.com\/fr\/materials\/pei\/#primaryimage\",\"url\":\"https:\/\/www.6cproto.com\/wp-content\/uploads\/2025\/09\/pei.jpg\",\"contentUrl\":\"https:\/\/www.6cproto.com\/wp-content\/uploads\/2025\/09\/pei.jpg\",\"width\":750,\"height\":750,\"caption\":\"Le PEI (poly\u00e9therimide) est un thermoplastique haute performance reconnu pour son excellente r\u00e9sistance \u00e0 la chaleur, sa grande r\u00e9sistance m\u00e9canique et sa stabilit\u00e9 chimique. Il est largement utilis\u00e9 dans des applications exigeantes dans les secteurs de l\u2019a\u00e9ronautique, de l\u2019\u00e9lectronique, du m\u00e9dical et de l\u2019industrie.\"},{\"@type\":\"BreadcrumbList\",\"@id\":\"https:\/\/www.6cproto.com\/fr\/materials\/pei\/#breadcrumb\",\"itemListElement\":[{\"@type\":\"ListItem\",\"position\":1,\"name\":\"Home\",\"item\":\"https:\/\/www.6cproto.com\/fr\/\"},{\"@type\":\"ListItem\",\"position\":2,\"name\":\"Mat\u00e9riaux\",\"item\":\"https:\/\/www.6cproto.com\/fr\/materials\/\"},{\"@type\":\"ListItem\",\"position\":3,\"name\":\"PEI\"}]},{\"@type\":\"WebSite\",\"@id\":\"https:\/\/www.6cproto.com\/#website\",\"url\":\"https:\/\/www.6cproto.com\/\",\"name\":\"6CProto\",\"description\":\"Precision CNC Machining, Rapid Prototyping & Custom Parts\",\"potentialAction\":[{\"@type\":\"SearchAction\",\"target\":{\"@type\":\"EntryPoint\",\"urlTemplate\":\"https:\/\/www.6cproto.com\/?s={search_term_string}\"},\"query-input\":{\"@type\":\"PropertyValueSpecification\",\"valueRequired\":true,\"valueName\":\"search_term_string\"}}],\"inLanguage\":\"fr-FR\"}]}<\/script>\n<!-- \/ Yoast SEO plugin. -->","yoast_head_json":{"title":"PEI (Polyetherimide) Material | High\u2011Performance Engineering Polymer","description":"Explore HorizonRP\u2019s PEI material (polyetherimide): offering exceptional heat resistance, mechanical strength, and chemical stability. Ideal for aerospace, electronics, and high-performance components.","robots":{"index":"index","follow":"follow","max-snippet":"max-snippet:-1","max-image-preview":"max-image-preview:large","max-video-preview":"max-video-preview:-1"},"canonical":"https:\/\/www.6cproto.com\/fr\/materials\/pei\/","og_locale":"fr_FR","og_type":"article","og_title":"PEI (Polyetherimide) Material | High\u2011Performance Engineering Polymer","og_description":"Explore HorizonRP\u2019s PEI material (polyetherimide): offering exceptional heat resistance, mechanical strength, and chemical stability. Ideal for aerospace, electronics, and high-performance components.","og_url":"https:\/\/www.6cproto.com\/fr\/materials\/pei\/","og_site_name":"6CProto","article_publisher":"https:\/\/www.facebook.sss","article_modified_time":"2025-12-22T06:33:04+00:00","og_image":[{"width":750,"height":750,"url":"https:\/\/www.6cproto.com\/wp-content\/uploads\/2025\/09\/pei.jpg","type":"image\/jpeg"}],"twitter_card":"summary_large_image","twitter_misc":{"Est. reading time":"1 minute"},"schema":{"@context":"https:\/\/schema.org","@graph":[{"@type":"WebPage","@id":"https:\/\/www.6cproto.com\/fr\/materials\/pei\/","url":"https:\/\/www.6cproto.com\/fr\/materials\/pei\/","name":"PEI (Polyetherimide) Material | High\u2011Performance Engineering Polymer","isPartOf":{"@id":"https:\/\/www.6cproto.com\/#website"},"primaryImageOfPage":{"@id":"https:\/\/www.6cproto.com\/fr\/materials\/pei\/#primaryimage"},"image":{"@id":"https:\/\/www.6cproto.com\/fr\/materials\/pei\/#primaryimage"},"thumbnailUrl":"https:\/\/www.6cproto.com\/wp-content\/uploads\/2025\/09\/pei.jpg","datePublished":"2025-09-27T09:06:22+00:00","dateModified":"2025-12-22T06:33:04+00:00","description":"Explore HorizonRP\u2019s PEI material (polyetherimide): offering exceptional heat resistance, mechanical strength, and chemical stability. Ideal for aerospace, electronics, and high-performance components.","breadcrumb":{"@id":"https:\/\/www.6cproto.com\/fr\/materials\/pei\/#breadcrumb"},"inLanguage":"fr-FR","potentialAction":[{"@type":"ReadAction","target":["https:\/\/www.6cproto.com\/fr\/materials\/pei\/"]}]},{"@type":"ImageObject","inLanguage":"fr-FR","@id":"https:\/\/www.6cproto.com\/fr\/materials\/pei\/#primaryimage","url":"https:\/\/www.6cproto.com\/wp-content\/uploads\/2025\/09\/pei.jpg","contentUrl":"https:\/\/www.6cproto.com\/wp-content\/uploads\/2025\/09\/pei.jpg","width":750,"height":750,"caption":"Le PEI (poly\u00e9therimide) est un thermoplastique haute performance reconnu pour son excellente r\u00e9sistance \u00e0 la chaleur, sa grande r\u00e9sistance m\u00e9canique et sa stabilit\u00e9 chimique. Il est largement utilis\u00e9 dans des applications exigeantes dans les secteurs de l\u2019a\u00e9ronautique, de l\u2019\u00e9lectronique, du m\u00e9dical et de l\u2019industrie."},{"@type":"BreadcrumbList","@id":"https:\/\/www.6cproto.com\/fr\/materials\/pei\/#breadcrumb","itemListElement":[{"@type":"ListItem","position":1,"name":"Home","item":"https:\/\/www.6cproto.com\/fr\/"},{"@type":"ListItem","position":2,"name":"Mat\u00e9riaux","item":"https:\/\/www.6cproto.com\/fr\/materials\/"},{"@type":"ListItem","position":3,"name":"PEI"}]},{"@type":"WebSite","@id":"https:\/\/www.6cproto.com\/#website","url":"https:\/\/www.6cproto.com\/","name":"6CProto","description":"Precision CNC Machining, Rapid Prototyping & Custom Parts","potentialAction":[{"@type":"SearchAction","target":{"@type":"EntryPoint","urlTemplate":"https:\/\/www.6cproto.com\/?s={search_term_string}"},"query-input":{"@type":"PropertyValueSpecification","valueRequired":true,"valueName":"search_term_string"}}],"inLanguage":"fr-FR"}]}},"_links":{"self":[{"href":"https:\/\/www.6cproto.com\/fr\/wp-json\/wp\/v2\/pages\/17657","targetHints":{"allow":["GET"]}}],"collection":[{"href":"https:\/\/www.6cproto.com\/fr\/wp-json\/wp\/v2\/pages"}],"about":[{"href":"https:\/\/www.6cproto.com\/fr\/wp-json\/wp\/v2\/types\/page"}],"author":[{"embeddable":true,"href":"https:\/\/www.6cproto.com\/fr\/wp-json\/wp\/v2\/users\/7"}],"replies":[{"embeddable":true,"href":"https:\/\/www.6cproto.com\/fr\/wp-json\/wp\/v2\/comments?post=17657"}],"version-history":[{"count":2,"href":"https:\/\/www.6cproto.com\/fr\/wp-json\/wp\/v2\/pages\/17657\/revisions"}],"predecessor-version":[{"id":17663,"href":"https:\/\/www.6cproto.com\/fr\/wp-json\/wp\/v2\/pages\/17657\/revisions\/17663"}],"up":[{"embeddable":true,"href":"https:\/\/www.6cproto.com\/fr\/wp-json\/wp\/v2\/pages\/17449"}],"wp:featuredmedia":[{"embeddable":true,"href":"https:\/\/www.6cproto.com\/fr\/wp-json\/wp\/v2\/media\/16323"}],"wp:attachment":[{"href":"https:\/\/www.6cproto.com\/fr\/wp-json\/wp\/v2\/media?parent=17657"}],"wp:term":[{"taxonomy":"materials-category","embeddable":true,"href":"https:\/\/www.6cproto.com\/fr\/wp-json\/wp\/v2\/materials-category?post=17657"},{"taxonomy":"materials-type","embeddable":true,"href":"https:\/\/www.6cproto.com\/fr\/wp-json\/wp\/v2\/materials-type?post=17657"},{"taxonomy":"global_search_industry","embeddable":true,"href":"https:\/\/www.6cproto.com\/fr\/wp-json\/wp\/v2\/global_search_industry?post=17657"},{"taxonomy":"global_search_service","embeddable":true,"href":"https:\/\/www.6cproto.com\/fr\/wp-json\/wp\/v2\/global_search_service?post=17657"},{"taxonomy":"global_search_resource","embeddable":true,"href":"https:\/\/www.6cproto.com\/fr\/wp-json\/wp\/v2\/global_search_resource?post=17657"},{"taxonomy":"global_search_material","embeddable":true,"href":"https:\/\/www.6cproto.com\/fr\/wp-json\/wp\/v2\/global_search_material?post=17657"}],"curies":[{"name":"wp","href":"https:\/\/api.w.org\/{rel}","templated":true}]}}