{"id":17637,"date":"2025-09-27T17:19:13","date_gmt":"2025-09-27T09:19:13","guid":{"rendered":"http:\/\/my-site-local.local\/materials\/plastics\/pcabs\/"},"modified":"2025-12-22T14:31:38","modified_gmt":"2025-12-22T06:31:38","slug":"pcabs","status":"publish","type":"page","link":"https:\/\/www.6cproto.com\/fr\/materials\/pcabs\/","title":{"rendered":"PC+ABS"},"content":{"rendered":"<h3>Mat\u00e9riau Plastique PC\/ABS (M\u00e9lange Polycarbonate-ABS)<\/h3>\n<p>Le PC+ABS est un mat\u00e9riau modifi\u00e9 par m\u00e9lange qui combine les avantages des deux composants. Il h\u00e9rite non seulement de la haute r\u00e9sistance aux chocs du PC, mais aussi de la solidit\u00e9 de l\u2019ABS, tout en am\u00e9liorant sa r\u00e9sistance \u00e0 la chaleur. Il est souvent utilis\u00e9 dans les bo\u00eetiers de produits \u00e9lectroniques, les int\u00e9rieurs automobiles, les biens de consommation et bien d\u2019autres applications.<\/p>\n","protected":false},"excerpt":{"rendered":"<p>Mat\u00e9riau Plastique PC\/ABS (M\u00e9lange Polycarbonate-ABS) Le PC+ABS est un mat\u00e9riau modifi\u00e9 par m\u00e9lange qui combine les avantages des deux composants. Il h\u00e9rite non seulement de la haute r\u00e9sistance aux chocs du PC, mais aussi de la solidit\u00e9 de l\u2019ABS, tout en am\u00e9liorant sa r\u00e9sistance \u00e0 la chaleur. Il est souvent utilis\u00e9 dans les bo\u00eetiers de<\/p>\n","protected":false},"author":7,"featured_media":16293,"parent":17449,"menu_order":0,"comment_status":"closed","ping_status":"closed","template":"","meta":{"_acf_changed":false,"footnotes":""},"materials-category":[],"materials-type":[1183],"global_search_industry":[1229],"global_search_service":[],"global_search_resource":[],"global_search_material":[1318,1316],"class_list":["post-17637","page","type-page","status-publish","has-post-thumbnail","hentry","materials-type-pcabs","global_search_industry-automotive","global_search_material-injection-molding-materials","global_search_material-cnc-machining-materials"],"acf":[],"yoast_head":"<!-- This site is optimized with the Yoast SEO plugin v25.7 - https:\/\/yoast.com\/wordpress\/plugins\/seo\/ -->\n<title>PC\/ABS Plastic Material for 3D \/ Injection Molding | HorizonRP<\/title>\n<meta name=\"description\" content=\"Discover HorizonRP\u2019s PC\/ABS (polycarbonate\u2011ABS blend) material\u2014combining strength, heat resistance, and impact toughness. Ideal for prototyping, 3D printing, or injection molding applications.\" \/>\n<meta name=\"robots\" content=\"index, follow, max-snippet:-1, max-image-preview:large, max-video-preview:-1\" \/>\n<link rel=\"canonical\" href=\"https:\/\/www.6cproto.com\/fr\/materials\/pcabs\/\" \/>\n<meta property=\"og:locale\" content=\"fr_FR\" \/>\n<meta property=\"og:type\" content=\"article\" \/>\n<meta property=\"og:title\" content=\"PC\/ABS Plastic Material for 3D \/ Injection Molding | HorizonRP\" \/>\n<meta property=\"og:description\" content=\"Discover HorizonRP\u2019s PC\/ABS (polycarbonate\u2011ABS blend) material\u2014combining strength, heat resistance, and impact toughness. Ideal for prototyping, 3D printing, or injection molding applications.\" \/>\n<meta property=\"og:url\" content=\"https:\/\/www.6cproto.com\/fr\/materials\/pcabs\/\" \/>\n<meta property=\"og:site_name\" content=\"6CProto\" \/>\n<meta property=\"article:publisher\" content=\"https:\/\/www.facebook.sss\" \/>\n<meta property=\"article:modified_time\" content=\"2025-12-22T06:31:38+00:00\" \/>\n<meta property=\"og:image\" content=\"https:\/\/www.6cproto.com\/wp-content\/uploads\/2025\/09\/injection-molding-plastic-material-pcabs-copy.png\" \/>\n\t<meta property=\"og:image:width\" content=\"600\" \/>\n\t<meta property=\"og:image:height\" content=\"468\" \/>\n\t<meta property=\"og:image:type\" content=\"image\/png\" \/>\n<meta name=\"twitter:card\" content=\"summary_large_image\" \/>\n<meta name=\"twitter:label1\" content=\"Est. reading time\" \/>\n\t<meta name=\"twitter:data1\" content=\"1 minute\" \/>\n<script type=\"application\/ld+json\" class=\"yoast-schema-graph\">{\"@context\":\"https:\/\/schema.org\",\"@graph\":[{\"@type\":\"WebPage\",\"@id\":\"https:\/\/www.6cproto.com\/fr\/materials\/pcabs\/\",\"url\":\"https:\/\/www.6cproto.com\/fr\/materials\/pcabs\/\",\"name\":\"PC\/ABS Plastic Material for 3D \/ Injection Molding | HorizonRP\",\"isPartOf\":{\"@id\":\"https:\/\/www.6cproto.com\/#website\"},\"primaryImageOfPage\":{\"@id\":\"https:\/\/www.6cproto.com\/fr\/materials\/pcabs\/#primaryimage\"},\"image\":{\"@id\":\"https:\/\/www.6cproto.com\/fr\/materials\/pcabs\/#primaryimage\"},\"thumbnailUrl\":\"https:\/\/www.6cproto.com\/wp-content\/uploads\/2025\/09\/injection-molding-plastic-material-pcabs-copy.png\",\"datePublished\":\"2025-09-27T09:19:13+00:00\",\"dateModified\":\"2025-12-22T06:31:38+00:00\",\"description\":\"Discover HorizonRP\u2019s PC\/ABS (polycarbonate\u2011ABS blend) material\u2014combining strength, heat resistance, and impact toughness. Ideal for prototyping, 3D printing, or injection molding applications.\",\"breadcrumb\":{\"@id\":\"https:\/\/www.6cproto.com\/fr\/materials\/pcabs\/#breadcrumb\"},\"inLanguage\":\"fr-FR\",\"potentialAction\":[{\"@type\":\"ReadAction\",\"target\":[\"https:\/\/www.6cproto.com\/fr\/materials\/pcabs\/\"]}]},{\"@type\":\"ImageObject\",\"inLanguage\":\"fr-FR\",\"@id\":\"https:\/\/www.6cproto.com\/fr\/materials\/pcabs\/#primaryimage\",\"url\":\"https:\/\/www.6cproto.com\/wp-content\/uploads\/2025\/09\/injection-molding-plastic-material-pcabs-copy.png\",\"contentUrl\":\"https:\/\/www.6cproto.com\/wp-content\/uploads\/2025\/09\/injection-molding-plastic-material-pcabs-copy.png\",\"width\":600,\"height\":468,\"caption\":\"Le PC\/ABS (alliage polycarbonate-ABS) est un polym\u00e8re thermoplastique technique polyvalent qui combine la r\u00e9sistance m\u00e9canique, la rigidit\u00e9 et la tenue \u00e0 la chaleur du polycarbonate (PC) avec la r\u00e9sistance aux chocs et la facilit\u00e9 de mise en \u0153uvre de l\u2019ABS. Cela en fait un mat\u00e9riau id\u00e9al pour le prototypage, le moulage par injection et, dans certains cas, la fabrication additive.\"},{\"@type\":\"BreadcrumbList\",\"@id\":\"https:\/\/www.6cproto.com\/fr\/materials\/pcabs\/#breadcrumb\",\"itemListElement\":[{\"@type\":\"ListItem\",\"position\":1,\"name\":\"Home\",\"item\":\"https:\/\/www.6cproto.com\/fr\/\"},{\"@type\":\"ListItem\",\"position\":2,\"name\":\"Mat\u00e9riaux\",\"item\":\"https:\/\/www.6cproto.com\/fr\/materials\/\"},{\"@type\":\"ListItem\",\"position\":3,\"name\":\"PC+ABS\"}]},{\"@type\":\"WebSite\",\"@id\":\"https:\/\/www.6cproto.com\/#website\",\"url\":\"https:\/\/www.6cproto.com\/\",\"name\":\"6CProto\",\"description\":\"Precision CNC Machining, Rapid Prototyping & Custom Parts\",\"potentialAction\":[{\"@type\":\"SearchAction\",\"target\":{\"@type\":\"EntryPoint\",\"urlTemplate\":\"https:\/\/www.6cproto.com\/?s={search_term_string}\"},\"query-input\":{\"@type\":\"PropertyValueSpecification\",\"valueRequired\":true,\"valueName\":\"search_term_string\"}}],\"inLanguage\":\"fr-FR\"}]}<\/script>\n<!-- \/ Yoast SEO plugin. -->","yoast_head_json":{"title":"PC\/ABS Plastic Material for 3D \/ Injection Molding | HorizonRP","description":"Discover HorizonRP\u2019s PC\/ABS (polycarbonate\u2011ABS blend) material\u2014combining strength, heat resistance, and impact toughness. Ideal for prototyping, 3D printing, or injection molding applications.","robots":{"index":"index","follow":"follow","max-snippet":"max-snippet:-1","max-image-preview":"max-image-preview:large","max-video-preview":"max-video-preview:-1"},"canonical":"https:\/\/www.6cproto.com\/fr\/materials\/pcabs\/","og_locale":"fr_FR","og_type":"article","og_title":"PC\/ABS Plastic Material for 3D \/ Injection Molding | HorizonRP","og_description":"Discover HorizonRP\u2019s PC\/ABS (polycarbonate\u2011ABS blend) material\u2014combining strength, heat resistance, and impact toughness. Ideal for prototyping, 3D printing, or injection molding applications.","og_url":"https:\/\/www.6cproto.com\/fr\/materials\/pcabs\/","og_site_name":"6CProto","article_publisher":"https:\/\/www.facebook.sss","article_modified_time":"2025-12-22T06:31:38+00:00","og_image":[{"width":600,"height":468,"url":"https:\/\/www.6cproto.com\/wp-content\/uploads\/2025\/09\/injection-molding-plastic-material-pcabs-copy.png","type":"image\/png"}],"twitter_card":"summary_large_image","twitter_misc":{"Est. reading time":"1 minute"},"schema":{"@context":"https:\/\/schema.org","@graph":[{"@type":"WebPage","@id":"https:\/\/www.6cproto.com\/fr\/materials\/pcabs\/","url":"https:\/\/www.6cproto.com\/fr\/materials\/pcabs\/","name":"PC\/ABS Plastic Material for 3D \/ Injection Molding | HorizonRP","isPartOf":{"@id":"https:\/\/www.6cproto.com\/#website"},"primaryImageOfPage":{"@id":"https:\/\/www.6cproto.com\/fr\/materials\/pcabs\/#primaryimage"},"image":{"@id":"https:\/\/www.6cproto.com\/fr\/materials\/pcabs\/#primaryimage"},"thumbnailUrl":"https:\/\/www.6cproto.com\/wp-content\/uploads\/2025\/09\/injection-molding-plastic-material-pcabs-copy.png","datePublished":"2025-09-27T09:19:13+00:00","dateModified":"2025-12-22T06:31:38+00:00","description":"Discover HorizonRP\u2019s PC\/ABS (polycarbonate\u2011ABS blend) material\u2014combining strength, heat resistance, and impact toughness. Ideal for prototyping, 3D printing, or injection molding applications.","breadcrumb":{"@id":"https:\/\/www.6cproto.com\/fr\/materials\/pcabs\/#breadcrumb"},"inLanguage":"fr-FR","potentialAction":[{"@type":"ReadAction","target":["https:\/\/www.6cproto.com\/fr\/materials\/pcabs\/"]}]},{"@type":"ImageObject","inLanguage":"fr-FR","@id":"https:\/\/www.6cproto.com\/fr\/materials\/pcabs\/#primaryimage","url":"https:\/\/www.6cproto.com\/wp-content\/uploads\/2025\/09\/injection-molding-plastic-material-pcabs-copy.png","contentUrl":"https:\/\/www.6cproto.com\/wp-content\/uploads\/2025\/09\/injection-molding-plastic-material-pcabs-copy.png","width":600,"height":468,"caption":"Le PC\/ABS (alliage polycarbonate-ABS) est un polym\u00e8re thermoplastique technique polyvalent qui combine la r\u00e9sistance m\u00e9canique, la rigidit\u00e9 et la tenue \u00e0 la chaleur du polycarbonate (PC) avec la r\u00e9sistance aux chocs et la facilit\u00e9 de mise en \u0153uvre de l\u2019ABS. Cela en fait un mat\u00e9riau id\u00e9al pour le prototypage, le moulage par injection et, dans certains cas, la fabrication additive."},{"@type":"BreadcrumbList","@id":"https:\/\/www.6cproto.com\/fr\/materials\/pcabs\/#breadcrumb","itemListElement":[{"@type":"ListItem","position":1,"name":"Home","item":"https:\/\/www.6cproto.com\/fr\/"},{"@type":"ListItem","position":2,"name":"Mat\u00e9riaux","item":"https:\/\/www.6cproto.com\/fr\/materials\/"},{"@type":"ListItem","position":3,"name":"PC+ABS"}]},{"@type":"WebSite","@id":"https:\/\/www.6cproto.com\/#website","url":"https:\/\/www.6cproto.com\/","name":"6CProto","description":"Precision CNC Machining, Rapid Prototyping & Custom Parts","potentialAction":[{"@type":"SearchAction","target":{"@type":"EntryPoint","urlTemplate":"https:\/\/www.6cproto.com\/?s={search_term_string}"},"query-input":{"@type":"PropertyValueSpecification","valueRequired":true,"valueName":"search_term_string"}}],"inLanguage":"fr-FR"}]}},"_links":{"self":[{"href":"https:\/\/www.6cproto.com\/fr\/wp-json\/wp\/v2\/pages\/17637","targetHints":{"allow":["GET"]}}],"collection":[{"href":"https:\/\/www.6cproto.com\/fr\/wp-json\/wp\/v2\/pages"}],"about":[{"href":"https:\/\/www.6cproto.com\/fr\/wp-json\/wp\/v2\/types\/page"}],"author":[{"embeddable":true,"href":"https:\/\/www.6cproto.com\/fr\/wp-json\/wp\/v2\/users\/7"}],"replies":[{"embeddable":true,"href":"https:\/\/www.6cproto.com\/fr\/wp-json\/wp\/v2\/comments?post=17637"}],"version-history":[{"count":2,"href":"https:\/\/www.6cproto.com\/fr\/wp-json\/wp\/v2\/pages\/17637\/revisions"}],"predecessor-version":[{"id":17641,"href":"https:\/\/www.6cproto.com\/fr\/wp-json\/wp\/v2\/pages\/17637\/revisions\/17641"}],"up":[{"embeddable":true,"href":"https:\/\/www.6cproto.com\/fr\/wp-json\/wp\/v2\/pages\/17449"}],"wp:featuredmedia":[{"embeddable":true,"href":"https:\/\/www.6cproto.com\/fr\/wp-json\/wp\/v2\/media\/16293"}],"wp:attachment":[{"href":"https:\/\/www.6cproto.com\/fr\/wp-json\/wp\/v2\/media?parent=17637"}],"wp:term":[{"taxonomy":"materials-category","embeddable":true,"href":"https:\/\/www.6cproto.com\/fr\/wp-json\/wp\/v2\/materials-category?post=17637"},{"taxonomy":"materials-type","embeddable":true,"href":"https:\/\/www.6cproto.com\/fr\/wp-json\/wp\/v2\/materials-type?post=17637"},{"taxonomy":"global_search_industry","embeddable":true,"href":"https:\/\/www.6cproto.com\/fr\/wp-json\/wp\/v2\/global_search_industry?post=17637"},{"taxonomy":"global_search_service","embeddable":true,"href":"https:\/\/www.6cproto.com\/fr\/wp-json\/wp\/v2\/global_search_service?post=17637"},{"taxonomy":"global_search_resource","embeddable":true,"href":"https:\/\/www.6cproto.com\/fr\/wp-json\/wp\/v2\/global_search_resource?post=17637"},{"taxonomy":"global_search_material","embeddable":true,"href":"https:\/\/www.6cproto.com\/fr\/wp-json\/wp\/v2\/global_search_material?post=17637"}],"curies":[{"name":"wp","href":"https:\/\/api.w.org\/{rel}","templated":true}]}}