{"id":17621,"date":"2025-09-27T16:34:00","date_gmt":"2025-09-27T08:34:00","guid":{"rendered":"http:\/\/my-site-local.local\/materials\/plastics\/nylon\/"},"modified":"2025-12-22T14:30:19","modified_gmt":"2025-12-22T06:30:19","slug":"nylon","status":"publish","type":"page","link":"https:\/\/www.6cproto.com\/fr\/materials\/nylon\/","title":{"rendered":"Nylon"},"content":{"rendered":"<div class=\"fusion-fullwidth fullwidth-box fusion-builder-row-1 fusion-flex-container nonhundred-percent-fullwidth non-hundred-percent-height-scrolling\" style=\"--awb-border-radius-top-left:0px;--awb-border-radius-top-right:0px;--awb-border-radius-bottom-right:0px;--awb-border-radius-bottom-left:0px;--awb-flex-wrap:wrap;\" ><div class=\"fusion-builder-row fusion-row fusion-flex-align-items-flex-start fusion-flex-content-wrap\" style=\"max-width:1248px;margin-left: calc(-4% \/ 2 );margin-right: calc(-4% \/ 2 );\"><div class=\"fusion-layout-column fusion_builder_column fusion-builder-column-0 fusion_builder_column_1_1 1_1 fusion-flex-column\" style=\"--awb-bg-size:cover;--awb-width-large:100%;--awb-margin-top-large:0px;--awb-spacing-right-large:1.92%;--awb-margin-bottom-large:0px;--awb-spacing-left-large:1.92%;--awb-width-medium:100%;--awb-spacing-right-medium:1.92%;--awb-spacing-left-medium:1.92%;--awb-width-small:100%;--awb-spacing-right-small:1.92%;--awb-spacing-left-small:1.92%;\"><div class=\"fusion-column-wrapper fusion-flex-justify-content-flex-start fusion-content-layout-column\"><div class=\"fusion-text fusion-text-1\"><h3>Mat\u00e9riau d\u2019Ing\u00e9nierie en Nylon (Polyamide)<\/h3>\n<p>Le nylon (polyamide) est un thermoplastique technique polyvalent, reconnu pour sa <strong>haute r\u00e9sistance<\/strong> m\u00e9canique, <strong>son excellente r\u00e9sistance \u00e0 l\u2019usure<\/strong>, <strong>sa bonne stabilit\u00e9 chimique et sa robustesse<\/strong>. Il est largement utilis\u00e9 dans de nombreux secteurs pour la fabrication d\u2019engrenages, de roulements, de bagues, de composants automobiles, de pi\u00e8ces industrielles et bien d\u2019autres applications.<\/p>\n<p>Sa facilit\u00e9 d\u2019usinage, associ\u00e9e \u00e0 sa r\u00e9sistance chimique, le rend \u00e9galement adapt\u00e9 aux applications dans les industries automobile, a\u00e9rospatiale et m\u00e9dicale. Gr\u00e2ce \u00e0 sa combinaison remarquable de propri\u00e9t\u00e9s, le nylon s\u2019impose comme un mat\u00e9riau polyvalent et fiable pour une large gamme d\u2019applications d\u2019usinage CNC.<\/p>\n<\/div><\/div><\/div><\/div><\/div>\n","protected":false},"excerpt":{"rendered":"","protected":false},"author":7,"featured_media":17618,"parent":17449,"menu_order":0,"comment_status":"closed","ping_status":"closed","template":"","meta":{"_acf_changed":false,"footnotes":""},"materials-category":[],"materials-type":[1153,1179],"global_search_industry":[1227,1229,1243],"global_search_service":[1253],"global_search_resource":[],"global_search_material":[1318,1316],"class_list":["post-17621","page","type-page","status-publish","has-post-thumbnail","hentry","materials-type-cnc","materials-type-nylon","global_search_industry-aerospace","global_search_industry-automotive","global_search_industry-medical","global_search_service-cnc-machining","global_search_material-injection-molding-materials","global_search_material-cnc-machining-materials"],"acf":[],"yoast_head":"<!-- This site is optimized with the Yoast SEO plugin v25.7 - https:\/\/yoast.com\/wordpress\/plugins\/seo\/ -->\n<title>Nylon (Polyamide) Material | High\u2011Strength &amp; Wear\u2011Resistant Polymer<\/title>\n<meta name=\"description\" content=\"Discover HorizonRP\u2019s Nylon (polyamide) material offering excellent strength, wear resistance, chemical stability, and versatility. Ideal for engineering, automotive, and industrial parts.\" \/>\n<meta name=\"robots\" content=\"index, follow, max-snippet:-1, max-image-preview:large, max-video-preview:-1\" \/>\n<link rel=\"canonical\" href=\"https:\/\/www.6cproto.com\/fr\/materials\/nylon\/\" \/>\n<meta property=\"og:locale\" content=\"fr_FR\" \/>\n<meta property=\"og:type\" content=\"article\" \/>\n<meta property=\"og:title\" content=\"Nylon (Polyamide) Material | High\u2011Strength &amp; Wear\u2011Resistant Polymer\" \/>\n<meta property=\"og:description\" content=\"Discover HorizonRP\u2019s Nylon (polyamide) material offering excellent strength, wear resistance, chemical stability, and versatility. Ideal for engineering, automotive, and industrial parts.\" \/>\n<meta property=\"og:url\" content=\"https:\/\/www.6cproto.com\/fr\/materials\/nylon\/\" \/>\n<meta property=\"og:site_name\" content=\"6CProto\" \/>\n<meta property=\"article:publisher\" content=\"https:\/\/www.facebook.sss\" \/>\n<meta property=\"article:modified_time\" content=\"2025-12-22T06:30:19+00:00\" \/>\n<meta property=\"og:image\" content=\"https:\/\/www.6cproto.com\/wp-content\/uploads\/2025\/09\/nylon-polyamide.png\" \/>\n\t<meta property=\"og:image:width\" content=\"1600\" \/>\n\t<meta property=\"og:image:height\" content=\"1600\" \/>\n\t<meta property=\"og:image:type\" content=\"image\/png\" \/>\n<meta name=\"twitter:card\" content=\"summary_large_image\" \/>\n<meta name=\"twitter:label1\" content=\"Est. reading time\" \/>\n\t<meta name=\"twitter:data1\" content=\"1 minute\" \/>\n<script type=\"application\/ld+json\" class=\"yoast-schema-graph\">{\"@context\":\"https:\/\/schema.org\",\"@graph\":[{\"@type\":\"WebPage\",\"@id\":\"https:\/\/www.6cproto.com\/fr\/materials\/nylon\/\",\"url\":\"https:\/\/www.6cproto.com\/fr\/materials\/nylon\/\",\"name\":\"Nylon (Polyamide) Material | High\u2011Strength & Wear\u2011Resistant Polymer\",\"isPartOf\":{\"@id\":\"https:\/\/www.6cproto.com\/#website\"},\"primaryImageOfPage\":{\"@id\":\"https:\/\/www.6cproto.com\/fr\/materials\/nylon\/#primaryimage\"},\"image\":{\"@id\":\"https:\/\/www.6cproto.com\/fr\/materials\/nylon\/#primaryimage\"},\"thumbnailUrl\":\"https:\/\/www.6cproto.com\/wp-content\/uploads\/2025\/09\/nylon-polyamide.png\",\"datePublished\":\"2025-09-27T08:34:00+00:00\",\"dateModified\":\"2025-12-22T06:30:19+00:00\",\"description\":\"Discover HorizonRP\u2019s Nylon (polyamide) material offering excellent strength, wear resistance, chemical stability, and versatility. Ideal for engineering, automotive, and industrial parts.\",\"breadcrumb\":{\"@id\":\"https:\/\/www.6cproto.com\/fr\/materials\/nylon\/#breadcrumb\"},\"inLanguage\":\"fr-FR\",\"potentialAction\":[{\"@type\":\"ReadAction\",\"target\":[\"https:\/\/www.6cproto.com\/fr\/materials\/nylon\/\"]}]},{\"@type\":\"ImageObject\",\"inLanguage\":\"fr-FR\",\"@id\":\"https:\/\/www.6cproto.com\/fr\/materials\/nylon\/#primaryimage\",\"url\":\"https:\/\/www.6cproto.com\/wp-content\/uploads\/2025\/09\/nylon-polyamide.png\",\"contentUrl\":\"https:\/\/www.6cproto.com\/wp-content\/uploads\/2025\/09\/nylon-polyamide.png\",\"width\":1600,\"height\":1600,\"caption\":\"Nylon (polyamide) is a versatile engineering thermoplastic known for its high strength, excellent wear resistance, good chemical stability, and toughness. It is widely used across industries for gears, bearings, bushings, automotive components, industrial parts, and more.\"},{\"@type\":\"BreadcrumbList\",\"@id\":\"https:\/\/www.6cproto.com\/fr\/materials\/nylon\/#breadcrumb\",\"itemListElement\":[{\"@type\":\"ListItem\",\"position\":1,\"name\":\"Home\",\"item\":\"https:\/\/www.6cproto.com\/fr\/\"},{\"@type\":\"ListItem\",\"position\":2,\"name\":\"Mat\u00e9riaux\",\"item\":\"https:\/\/www.6cproto.com\/fr\/materials\/\"},{\"@type\":\"ListItem\",\"position\":3,\"name\":\"Nylon\"}]},{\"@type\":\"WebSite\",\"@id\":\"https:\/\/www.6cproto.com\/#website\",\"url\":\"https:\/\/www.6cproto.com\/\",\"name\":\"6CProto\",\"description\":\"Precision CNC Machining, Rapid Prototyping & Custom Parts\",\"potentialAction\":[{\"@type\":\"SearchAction\",\"target\":{\"@type\":\"EntryPoint\",\"urlTemplate\":\"https:\/\/www.6cproto.com\/?s={search_term_string}\"},\"query-input\":{\"@type\":\"PropertyValueSpecification\",\"valueRequired\":true,\"valueName\":\"search_term_string\"}}],\"inLanguage\":\"fr-FR\"}]}<\/script>\n<!-- \/ Yoast SEO plugin. -->","yoast_head_json":{"title":"Nylon (Polyamide) Material | High\u2011Strength & Wear\u2011Resistant Polymer","description":"Discover HorizonRP\u2019s Nylon (polyamide) material offering excellent strength, wear resistance, chemical stability, and versatility. Ideal for engineering, automotive, and industrial parts.","robots":{"index":"index","follow":"follow","max-snippet":"max-snippet:-1","max-image-preview":"max-image-preview:large","max-video-preview":"max-video-preview:-1"},"canonical":"https:\/\/www.6cproto.com\/fr\/materials\/nylon\/","og_locale":"fr_FR","og_type":"article","og_title":"Nylon (Polyamide) Material | High\u2011Strength & Wear\u2011Resistant Polymer","og_description":"Discover HorizonRP\u2019s Nylon (polyamide) material offering excellent strength, wear resistance, chemical stability, and versatility. Ideal for engineering, automotive, and industrial parts.","og_url":"https:\/\/www.6cproto.com\/fr\/materials\/nylon\/","og_site_name":"6CProto","article_publisher":"https:\/\/www.facebook.sss","article_modified_time":"2025-12-22T06:30:19+00:00","og_image":[{"width":1600,"height":1600,"url":"https:\/\/www.6cproto.com\/wp-content\/uploads\/2025\/09\/nylon-polyamide.png","type":"image\/png"}],"twitter_card":"summary_large_image","twitter_misc":{"Est. reading time":"1 minute"},"schema":{"@context":"https:\/\/schema.org","@graph":[{"@type":"WebPage","@id":"https:\/\/www.6cproto.com\/fr\/materials\/nylon\/","url":"https:\/\/www.6cproto.com\/fr\/materials\/nylon\/","name":"Nylon (Polyamide) Material | High\u2011Strength & Wear\u2011Resistant Polymer","isPartOf":{"@id":"https:\/\/www.6cproto.com\/#website"},"primaryImageOfPage":{"@id":"https:\/\/www.6cproto.com\/fr\/materials\/nylon\/#primaryimage"},"image":{"@id":"https:\/\/www.6cproto.com\/fr\/materials\/nylon\/#primaryimage"},"thumbnailUrl":"https:\/\/www.6cproto.com\/wp-content\/uploads\/2025\/09\/nylon-polyamide.png","datePublished":"2025-09-27T08:34:00+00:00","dateModified":"2025-12-22T06:30:19+00:00","description":"Discover HorizonRP\u2019s Nylon (polyamide) material offering excellent strength, wear resistance, chemical stability, and versatility. Ideal for engineering, automotive, and industrial parts.","breadcrumb":{"@id":"https:\/\/www.6cproto.com\/fr\/materials\/nylon\/#breadcrumb"},"inLanguage":"fr-FR","potentialAction":[{"@type":"ReadAction","target":["https:\/\/www.6cproto.com\/fr\/materials\/nylon\/"]}]},{"@type":"ImageObject","inLanguage":"fr-FR","@id":"https:\/\/www.6cproto.com\/fr\/materials\/nylon\/#primaryimage","url":"https:\/\/www.6cproto.com\/wp-content\/uploads\/2025\/09\/nylon-polyamide.png","contentUrl":"https:\/\/www.6cproto.com\/wp-content\/uploads\/2025\/09\/nylon-polyamide.png","width":1600,"height":1600,"caption":"Nylon (polyamide) is a versatile engineering thermoplastic known for its high strength, excellent wear resistance, good chemical stability, and toughness. It is widely used across industries for gears, bearings, bushings, automotive components, industrial parts, and more."},{"@type":"BreadcrumbList","@id":"https:\/\/www.6cproto.com\/fr\/materials\/nylon\/#breadcrumb","itemListElement":[{"@type":"ListItem","position":1,"name":"Home","item":"https:\/\/www.6cproto.com\/fr\/"},{"@type":"ListItem","position":2,"name":"Mat\u00e9riaux","item":"https:\/\/www.6cproto.com\/fr\/materials\/"},{"@type":"ListItem","position":3,"name":"Nylon"}]},{"@type":"WebSite","@id":"https:\/\/www.6cproto.com\/#website","url":"https:\/\/www.6cproto.com\/","name":"6CProto","description":"Precision CNC Machining, Rapid Prototyping & Custom Parts","potentialAction":[{"@type":"SearchAction","target":{"@type":"EntryPoint","urlTemplate":"https:\/\/www.6cproto.com\/?s={search_term_string}"},"query-input":{"@type":"PropertyValueSpecification","valueRequired":true,"valueName":"search_term_string"}}],"inLanguage":"fr-FR"}]}},"_links":{"self":[{"href":"https:\/\/www.6cproto.com\/fr\/wp-json\/wp\/v2\/pages\/17621","targetHints":{"allow":["GET"]}}],"collection":[{"href":"https:\/\/www.6cproto.com\/fr\/wp-json\/wp\/v2\/pages"}],"about":[{"href":"https:\/\/www.6cproto.com\/fr\/wp-json\/wp\/v2\/types\/page"}],"author":[{"embeddable":true,"href":"https:\/\/www.6cproto.com\/fr\/wp-json\/wp\/v2\/users\/7"}],"replies":[{"embeddable":true,"href":"https:\/\/www.6cproto.com\/fr\/wp-json\/wp\/v2\/comments?post=17621"}],"version-history":[{"count":0,"href":"https:\/\/www.6cproto.com\/fr\/wp-json\/wp\/v2\/pages\/17621\/revisions"}],"up":[{"embeddable":true,"href":"https:\/\/www.6cproto.com\/fr\/wp-json\/wp\/v2\/pages\/17449"}],"wp:featuredmedia":[{"embeddable":true,"href":"https:\/\/www.6cproto.com\/fr\/wp-json\/wp\/v2\/media\/17618"}],"wp:attachment":[{"href":"https:\/\/www.6cproto.com\/fr\/wp-json\/wp\/v2\/media?parent=17621"}],"wp:term":[{"taxonomy":"materials-category","embeddable":true,"href":"https:\/\/www.6cproto.com\/fr\/wp-json\/wp\/v2\/materials-category?post=17621"},{"taxonomy":"materials-type","embeddable":true,"href":"https:\/\/www.6cproto.com\/fr\/wp-json\/wp\/v2\/materials-type?post=17621"},{"taxonomy":"global_search_industry","embeddable":true,"href":"https:\/\/www.6cproto.com\/fr\/wp-json\/wp\/v2\/global_search_industry?post=17621"},{"taxonomy":"global_search_service","embeddable":true,"href":"https:\/\/www.6cproto.com\/fr\/wp-json\/wp\/v2\/global_search_service?post=17621"},{"taxonomy":"global_search_resource","embeddable":true,"href":"https:\/\/www.6cproto.com\/fr\/wp-json\/wp\/v2\/global_search_resource?post=17621"},{"taxonomy":"global_search_material","embeddable":true,"href":"https:\/\/www.6cproto.com\/fr\/wp-json\/wp\/v2\/global_search_material?post=17621"}],"curies":[{"name":"wp","href":"https:\/\/api.w.org\/{rel}","templated":true}]}}