{"id":17598,"date":"2025-09-27T17:13:39","date_gmt":"2025-09-27T09:13:39","guid":{"rendered":"http:\/\/my-site-local.local\/?page_id=17598"},"modified":"2025-12-22T14:26:53","modified_gmt":"2025-12-22T06:26:53","slug":"cpvc","status":"publish","type":"page","link":"https:\/\/www.6cproto.com\/fr\/materials\/cpvc\/","title":{"rendered":"CPVC"},"content":{"rendered":"<h3>CPVC (Chlorure de Polyvinyle Chlor\u00e9) Mat\u00e9riau Plastique<\/h3>\n<p>Le CPVC (Chlorure de Polyvinyle Chlor\u00e9) est une forme modifi\u00e9e de PVC, offrant une meilleure stabilit\u00e9 thermique, des propri\u00e9t\u00e9s m\u00e9caniques renforc\u00e9es et une r\u00e9sistance chimique sup\u00e9rieure. Gr\u00e2ce \u00e0 ces caract\u00e9ristiques am\u00e9lior\u00e9es, le CPVC constitue un excellent choix pour les applications dans des environnements \u00e0 haute temp\u00e9rature ou corrosifs, o\u00f9 le PVC ordinaire ne conviendrait pas.<\/p>\n","protected":false},"excerpt":{"rendered":"<p>CPVC (Chlorure de Polyvinyle Chlor\u00e9) Mat\u00e9riau Plastique Le CPVC (Chlorure de Polyvinyle Chlor\u00e9) est une forme modifi\u00e9e de PVC, offrant une meilleure stabilit\u00e9 thermique, des propri\u00e9t\u00e9s m\u00e9caniques renforc\u00e9es et une r\u00e9sistance chimique sup\u00e9rieure. Gr\u00e2ce \u00e0 ces caract\u00e9ristiques am\u00e9lior\u00e9es, le CPVC constitue un excellent choix pour les applications dans des environnements \u00e0 haute temp\u00e9rature ou corrosifs,<\/p>\n","protected":false},"author":7,"featured_media":16309,"parent":17449,"menu_order":0,"comment_status":"closed","ping_status":"closed","template":"","meta":{"_acf_changed":false,"footnotes":""},"materials-category":[],"materials-type":[1157],"global_search_industry":[],"global_search_service":[],"global_search_resource":[],"global_search_material":[1318,1316],"class_list":["post-17598","page","type-page","status-publish","has-post-thumbnail","hentry","materials-type-cpvc","global_search_material-injection-molding-materials","global_search_material-cnc-machining-materials"],"acf":[],"yoast_head":"<!-- This site is optimized with the Yoast SEO plugin v25.7 - https:\/\/yoast.com\/wordpress\/plugins\/seo\/ -->\n<title>CPVC Plastic Material | High Heat &amp; Corrosion\u2011Resistant Polymer<\/title>\n<meta name=\"description\" content=\"Discover HorizonRP\u2019s CPVC (Chlorinated PVC) plastic material, offering superior heat resistance, chemical durability, and mechanical strength for demanding industrial applications.\" \/>\n<meta name=\"robots\" content=\"index, follow, max-snippet:-1, max-image-preview:large, max-video-preview:-1\" \/>\n<link rel=\"canonical\" href=\"https:\/\/www.6cproto.com\/fr\/materials\/cpvc\/\" \/>\n<meta property=\"og:locale\" content=\"fr_FR\" \/>\n<meta property=\"og:type\" content=\"article\" \/>\n<meta property=\"og:title\" content=\"CPVC Plastic Material | High Heat &amp; Corrosion\u2011Resistant Polymer\" \/>\n<meta property=\"og:description\" content=\"Discover HorizonRP\u2019s CPVC (Chlorinated PVC) plastic material, offering superior heat resistance, chemical durability, and mechanical strength for demanding industrial applications.\" \/>\n<meta property=\"og:url\" content=\"https:\/\/www.6cproto.com\/fr\/materials\/cpvc\/\" \/>\n<meta property=\"og:site_name\" content=\"6CProto\" \/>\n<meta property=\"article:publisher\" content=\"https:\/\/www.facebook.sss\" \/>\n<meta property=\"article:modified_time\" content=\"2025-12-22T06:26:53+00:00\" \/>\n<meta property=\"og:image\" content=\"https:\/\/www.6cproto.com\/wp-content\/uploads\/2025\/09\/plastics-cpvc.png\" \/>\n\t<meta property=\"og:image:width\" content=\"600\" \/>\n\t<meta property=\"og:image:height\" content=\"468\" \/>\n\t<meta property=\"og:image:type\" content=\"image\/png\" \/>\n<meta name=\"twitter:card\" content=\"summary_large_image\" \/>\n<meta name=\"twitter:label1\" content=\"Est. reading time\" \/>\n\t<meta name=\"twitter:data1\" content=\"1 minute\" \/>\n<script type=\"application\/ld+json\" class=\"yoast-schema-graph\">{\"@context\":\"https:\/\/schema.org\",\"@graph\":[{\"@type\":\"WebPage\",\"@id\":\"https:\/\/www.6cproto.com\/fr\/materials\/cpvc\/\",\"url\":\"https:\/\/www.6cproto.com\/fr\/materials\/cpvc\/\",\"name\":\"CPVC Plastic Material | High Heat & Corrosion\u2011Resistant Polymer\",\"isPartOf\":{\"@id\":\"https:\/\/www.6cproto.com\/#website\"},\"primaryImageOfPage\":{\"@id\":\"https:\/\/www.6cproto.com\/fr\/materials\/cpvc\/#primaryimage\"},\"image\":{\"@id\":\"https:\/\/www.6cproto.com\/fr\/materials\/cpvc\/#primaryimage\"},\"thumbnailUrl\":\"https:\/\/www.6cproto.com\/wp-content\/uploads\/2025\/09\/plastics-cpvc.png\",\"datePublished\":\"2025-09-27T09:13:39+00:00\",\"dateModified\":\"2025-12-22T06:26:53+00:00\",\"description\":\"Discover HorizonRP\u2019s CPVC (Chlorinated PVC) plastic material, offering superior heat resistance, chemical durability, and mechanical strength for demanding industrial applications.\",\"breadcrumb\":{\"@id\":\"https:\/\/www.6cproto.com\/fr\/materials\/cpvc\/#breadcrumb\"},\"inLanguage\":\"fr-FR\",\"potentialAction\":[{\"@type\":\"ReadAction\",\"target\":[\"https:\/\/www.6cproto.com\/fr\/materials\/cpvc\/\"]}]},{\"@type\":\"ImageObject\",\"inLanguage\":\"fr-FR\",\"@id\":\"https:\/\/www.6cproto.com\/fr\/materials\/cpvc\/#primaryimage\",\"url\":\"https:\/\/www.6cproto.com\/wp-content\/uploads\/2025\/09\/plastics-cpvc.png\",\"contentUrl\":\"https:\/\/www.6cproto.com\/wp-content\/uploads\/2025\/09\/plastics-cpvc.png\",\"width\":600,\"height\":468,\"caption\":\"Mat\u00e9riau CPVC (polychlorure de vinyle chlor\u00e9) durable, offrant une excellente r\u00e9sistance \u00e0 la chaleur, une forte r\u00e9sistance m\u00e9canique et une protection anticorrosion \u2014 id\u00e9al pour le moulage par injection et les composants destin\u00e9s au transport de fluides.\"},{\"@type\":\"BreadcrumbList\",\"@id\":\"https:\/\/www.6cproto.com\/fr\/materials\/cpvc\/#breadcrumb\",\"itemListElement\":[{\"@type\":\"ListItem\",\"position\":1,\"name\":\"Home\",\"item\":\"https:\/\/www.6cproto.com\/fr\/\"},{\"@type\":\"ListItem\",\"position\":2,\"name\":\"Mat\u00e9riaux\",\"item\":\"https:\/\/www.6cproto.com\/fr\/materials\/\"},{\"@type\":\"ListItem\",\"position\":3,\"name\":\"CPVC\"}]},{\"@type\":\"WebSite\",\"@id\":\"https:\/\/www.6cproto.com\/#website\",\"url\":\"https:\/\/www.6cproto.com\/\",\"name\":\"6CProto\",\"description\":\"Precision CNC Machining, Rapid Prototyping & Custom Parts\",\"potentialAction\":[{\"@type\":\"SearchAction\",\"target\":{\"@type\":\"EntryPoint\",\"urlTemplate\":\"https:\/\/www.6cproto.com\/?s={search_term_string}\"},\"query-input\":{\"@type\":\"PropertyValueSpecification\",\"valueRequired\":true,\"valueName\":\"search_term_string\"}}],\"inLanguage\":\"fr-FR\"}]}<\/script>\n<!-- \/ Yoast SEO plugin. -->","yoast_head_json":{"title":"CPVC Plastic Material | High Heat & Corrosion\u2011Resistant Polymer","description":"Discover HorizonRP\u2019s CPVC (Chlorinated PVC) plastic material, offering superior heat resistance, chemical durability, and mechanical strength for demanding industrial applications.","robots":{"index":"index","follow":"follow","max-snippet":"max-snippet:-1","max-image-preview":"max-image-preview:large","max-video-preview":"max-video-preview:-1"},"canonical":"https:\/\/www.6cproto.com\/fr\/materials\/cpvc\/","og_locale":"fr_FR","og_type":"article","og_title":"CPVC Plastic Material | High Heat & Corrosion\u2011Resistant Polymer","og_description":"Discover HorizonRP\u2019s CPVC (Chlorinated PVC) plastic material, offering superior heat resistance, chemical durability, and mechanical strength for demanding industrial applications.","og_url":"https:\/\/www.6cproto.com\/fr\/materials\/cpvc\/","og_site_name":"6CProto","article_publisher":"https:\/\/www.facebook.sss","article_modified_time":"2025-12-22T06:26:53+00:00","og_image":[{"width":600,"height":468,"url":"https:\/\/www.6cproto.com\/wp-content\/uploads\/2025\/09\/plastics-cpvc.png","type":"image\/png"}],"twitter_card":"summary_large_image","twitter_misc":{"Est. reading time":"1 minute"},"schema":{"@context":"https:\/\/schema.org","@graph":[{"@type":"WebPage","@id":"https:\/\/www.6cproto.com\/fr\/materials\/cpvc\/","url":"https:\/\/www.6cproto.com\/fr\/materials\/cpvc\/","name":"CPVC Plastic Material | High Heat & Corrosion\u2011Resistant Polymer","isPartOf":{"@id":"https:\/\/www.6cproto.com\/#website"},"primaryImageOfPage":{"@id":"https:\/\/www.6cproto.com\/fr\/materials\/cpvc\/#primaryimage"},"image":{"@id":"https:\/\/www.6cproto.com\/fr\/materials\/cpvc\/#primaryimage"},"thumbnailUrl":"https:\/\/www.6cproto.com\/wp-content\/uploads\/2025\/09\/plastics-cpvc.png","datePublished":"2025-09-27T09:13:39+00:00","dateModified":"2025-12-22T06:26:53+00:00","description":"Discover HorizonRP\u2019s CPVC (Chlorinated PVC) plastic material, offering superior heat resistance, chemical durability, and mechanical strength for demanding industrial applications.","breadcrumb":{"@id":"https:\/\/www.6cproto.com\/fr\/materials\/cpvc\/#breadcrumb"},"inLanguage":"fr-FR","potentialAction":[{"@type":"ReadAction","target":["https:\/\/www.6cproto.com\/fr\/materials\/cpvc\/"]}]},{"@type":"ImageObject","inLanguage":"fr-FR","@id":"https:\/\/www.6cproto.com\/fr\/materials\/cpvc\/#primaryimage","url":"https:\/\/www.6cproto.com\/wp-content\/uploads\/2025\/09\/plastics-cpvc.png","contentUrl":"https:\/\/www.6cproto.com\/wp-content\/uploads\/2025\/09\/plastics-cpvc.png","width":600,"height":468,"caption":"Mat\u00e9riau CPVC (polychlorure de vinyle chlor\u00e9) durable, offrant une excellente r\u00e9sistance \u00e0 la chaleur, une forte r\u00e9sistance m\u00e9canique et une protection anticorrosion \u2014 id\u00e9al pour le moulage par injection et les composants destin\u00e9s au transport de fluides."},{"@type":"BreadcrumbList","@id":"https:\/\/www.6cproto.com\/fr\/materials\/cpvc\/#breadcrumb","itemListElement":[{"@type":"ListItem","position":1,"name":"Home","item":"https:\/\/www.6cproto.com\/fr\/"},{"@type":"ListItem","position":2,"name":"Mat\u00e9riaux","item":"https:\/\/www.6cproto.com\/fr\/materials\/"},{"@type":"ListItem","position":3,"name":"CPVC"}]},{"@type":"WebSite","@id":"https:\/\/www.6cproto.com\/#website","url":"https:\/\/www.6cproto.com\/","name":"6CProto","description":"Precision CNC Machining, Rapid Prototyping & Custom Parts","potentialAction":[{"@type":"SearchAction","target":{"@type":"EntryPoint","urlTemplate":"https:\/\/www.6cproto.com\/?s={search_term_string}"},"query-input":{"@type":"PropertyValueSpecification","valueRequired":true,"valueName":"search_term_string"}}],"inLanguage":"fr-FR"}]}},"_links":{"self":[{"href":"https:\/\/www.6cproto.com\/fr\/wp-json\/wp\/v2\/pages\/17598","targetHints":{"allow":["GET"]}}],"collection":[{"href":"https:\/\/www.6cproto.com\/fr\/wp-json\/wp\/v2\/pages"}],"about":[{"href":"https:\/\/www.6cproto.com\/fr\/wp-json\/wp\/v2\/types\/page"}],"author":[{"embeddable":true,"href":"https:\/\/www.6cproto.com\/fr\/wp-json\/wp\/v2\/users\/7"}],"replies":[{"embeddable":true,"href":"https:\/\/www.6cproto.com\/fr\/wp-json\/wp\/v2\/comments?post=17598"}],"version-history":[{"count":0,"href":"https:\/\/www.6cproto.com\/fr\/wp-json\/wp\/v2\/pages\/17598\/revisions"}],"up":[{"embeddable":true,"href":"https:\/\/www.6cproto.com\/fr\/wp-json\/wp\/v2\/pages\/17449"}],"wp:featuredmedia":[{"embeddable":true,"href":"https:\/\/www.6cproto.com\/fr\/wp-json\/wp\/v2\/media\/16309"}],"wp:attachment":[{"href":"https:\/\/www.6cproto.com\/fr\/wp-json\/wp\/v2\/media?parent=17598"}],"wp:term":[{"taxonomy":"materials-category","embeddable":true,"href":"https:\/\/www.6cproto.com\/fr\/wp-json\/wp\/v2\/materials-category?post=17598"},{"taxonomy":"materials-type","embeddable":true,"href":"https:\/\/www.6cproto.com\/fr\/wp-json\/wp\/v2\/materials-type?post=17598"},{"taxonomy":"global_search_industry","embeddable":true,"href":"https:\/\/www.6cproto.com\/fr\/wp-json\/wp\/v2\/global_search_industry?post=17598"},{"taxonomy":"global_search_service","embeddable":true,"href":"https:\/\/www.6cproto.com\/fr\/wp-json\/wp\/v2\/global_search_service?post=17598"},{"taxonomy":"global_search_resource","embeddable":true,"href":"https:\/\/www.6cproto.com\/fr\/wp-json\/wp\/v2\/global_search_resource?post=17598"},{"taxonomy":"global_search_material","embeddable":true,"href":"https:\/\/www.6cproto.com\/fr\/wp-json\/wp\/v2\/global_search_material?post=17598"}],"curies":[{"name":"wp","href":"https:\/\/api.w.org\/{rel}","templated":true}]}}