{"id":17587,"date":"2025-09-27T10:42:06","date_gmt":"2025-09-27T02:42:06","guid":{"rendered":"http:\/\/my-site-local.local\/materials\/metals\/titanium\/"},"modified":"2025-12-22T14:36:58","modified_gmt":"2025-12-22T06:36:58","slug":"titanium","status":"publish","type":"page","link":"https:\/\/www.6cproto.com\/fr\/materials\/titanium\/","title":{"rendered":"Titane"},"content":{"rendered":"<h3>Titane<\/h3>\n<section class=\"snippets\">\n<div class=\"row clearfix hidden-sm hidden-xs\">\n<div class=\"col-12 column tab-content\">\n<div id=\"d3d06545-a0ca-4aa8-8214-7e9aa46b3222\" class=\"snippet-content tab-pane active\">\n<div class=\"snippet-piece\">\n<p>Le <strong>titane<\/strong> est un m\u00e9tal \u00e0 la fois l\u00e9ger et tr\u00e8s r\u00e9sistant, reconnu pour son excellent <strong>rapport r\u00e9sistance-poids<\/strong>, sa <strong>remarquable r\u00e9sistance<\/strong> \u00e0 la corrosion et sa <strong>biocompatibilit\u00e9 exceptionnelle<\/strong>. Il conserve des <strong>propri\u00e9t\u00e9s m\u00e9caniques stables<\/strong> \u00e0 haute comme \u00e0 basse temp\u00e9rature et pr\u00e9sente un <strong>faible coefficient de dilatation thermique<\/strong>, ce qui le rend id\u00e9al pour les applications exigeantes. Gr\u00e2ce \u00e0 ces caract\u00e9ristiques sup\u00e9rieures, le <strong>titane et ses alliages<\/strong> sont largement utilis\u00e9s <strong>dans l\u2019ing\u00e9nierie a\u00e9rospatiale, les implants m\u00e9dicaux, la fabrication de pr\u00e9cision, l\u2019automobile et les \u00e9quipements industriels.<\/strong><\/p>\n<p>&nbsp;<\/p>\n<\/div>\n<\/div>\n<\/div>\n<\/div>\n<\/section>\n","protected":false},"excerpt":{"rendered":"<p>Titane Le titane est un m\u00e9tal \u00e0 la fois l\u00e9ger et tr\u00e8s r\u00e9sistant, reconnu pour son excellent rapport r\u00e9sistance-poids, sa remarquable r\u00e9sistance \u00e0 la corrosion et sa biocompatibilit\u00e9 exceptionnelle. Il conserve des propri\u00e9t\u00e9s m\u00e9caniques stables \u00e0 haute comme \u00e0 basse temp\u00e9rature et pr\u00e9sente un faible coefficient de dilatation thermique, ce qui le rend id\u00e9al pour<\/p>\n","protected":false},"author":7,"featured_media":17199,"parent":17449,"menu_order":0,"comment_status":"closed","ping_status":"closed","template":"","meta":{"_acf_changed":false,"footnotes":""},"materials-category":[],"materials-type":[1223],"global_search_industry":[1227,1229,1243],"global_search_service":[],"global_search_resource":[],"global_search_material":[1316],"class_list":["post-17587","page","type-page","status-publish","has-post-thumbnail","hentry","materials-type-titanium","global_search_industry-aerospace","global_search_industry-automotive","global_search_industry-medical","global_search_material-cnc-machining-materials"],"acf":[],"yoast_head":"<!-- This site is optimized with the Yoast SEO plugin v25.7 - https:\/\/yoast.com\/wordpress\/plugins\/seo\/ -->\n<title>Titanium Alloys | High-Strength, Lightweight &amp; Corrosion-Resistant Metal<\/title>\n<meta name=\"description\" content=\"Discover HorizonRP\u2019s titanium alloy materials\u2014offering exceptional strength-to-weight ratio, corrosion resistance, biocompatibility, and high temperature performance. Ideal for aerospace, medical and industrial uses.\" \/>\n<meta name=\"robots\" content=\"index, follow, max-snippet:-1, max-image-preview:large, max-video-preview:-1\" \/>\n<link rel=\"canonical\" href=\"https:\/\/www.6cproto.com\/fr\/materials\/titanium\/\" \/>\n<meta property=\"og:locale\" content=\"fr_FR\" \/>\n<meta property=\"og:type\" content=\"article\" \/>\n<meta property=\"og:title\" content=\"Titanium Alloys | High-Strength, Lightweight &amp; Corrosion-Resistant Metal\" \/>\n<meta property=\"og:description\" content=\"Discover HorizonRP\u2019s titanium alloy materials\u2014offering exceptional strength-to-weight ratio, corrosion resistance, biocompatibility, and high temperature performance. Ideal for aerospace, medical and industrial uses.\" \/>\n<meta property=\"og:url\" content=\"https:\/\/www.6cproto.com\/fr\/materials\/titanium\/\" \/>\n<meta property=\"og:site_name\" content=\"6CProto\" \/>\n<meta property=\"article:publisher\" content=\"https:\/\/www.facebook.sss\" \/>\n<meta property=\"article:modified_time\" content=\"2025-12-22T06:36:58+00:00\" \/>\n<meta property=\"og:image\" content=\"https:\/\/www.6cproto.com\/wp-content\/uploads\/2025\/09\/titanium-aerospace-structural-part.webp\" \/>\n\t<meta property=\"og:image:width\" content=\"520\" \/>\n\t<meta property=\"og:image:height\" content=\"520\" \/>\n\t<meta property=\"og:image:type\" content=\"image\/webp\" \/>\n<meta name=\"twitter:card\" content=\"summary_large_image\" \/>\n<meta name=\"twitter:label1\" content=\"Est. reading time\" \/>\n\t<meta name=\"twitter:data1\" content=\"1 minute\" \/>\n<script type=\"application\/ld+json\" class=\"yoast-schema-graph\">{\"@context\":\"https:\/\/schema.org\",\"@graph\":[{\"@type\":\"WebPage\",\"@id\":\"https:\/\/www.6cproto.com\/fr\/materials\/titanium\/\",\"url\":\"https:\/\/www.6cproto.com\/fr\/materials\/titanium\/\",\"name\":\"Titanium Alloys | High-Strength, Lightweight & Corrosion-Resistant Metal\",\"isPartOf\":{\"@id\":\"https:\/\/www.6cproto.com\/#website\"},\"primaryImageOfPage\":{\"@id\":\"https:\/\/www.6cproto.com\/fr\/materials\/titanium\/#primaryimage\"},\"image\":{\"@id\":\"https:\/\/www.6cproto.com\/fr\/materials\/titanium\/#primaryimage\"},\"thumbnailUrl\":\"https:\/\/www.6cproto.com\/wp-content\/uploads\/2025\/09\/titanium-aerospace-structural-part.webp\",\"datePublished\":\"2025-09-27T02:42:06+00:00\",\"dateModified\":\"2025-12-22T06:36:58+00:00\",\"description\":\"Discover HorizonRP\u2019s titanium alloy materials\u2014offering exceptional strength-to-weight ratio, corrosion resistance, biocompatibility, and high temperature performance. Ideal for aerospace, medical and industrial uses.\",\"breadcrumb\":{\"@id\":\"https:\/\/www.6cproto.com\/fr\/materials\/titanium\/#breadcrumb\"},\"inLanguage\":\"fr-FR\",\"potentialAction\":[{\"@type\":\"ReadAction\",\"target\":[\"https:\/\/www.6cproto.com\/fr\/materials\/titanium\/\"]}]},{\"@type\":\"ImageObject\",\"inLanguage\":\"fr-FR\",\"@id\":\"https:\/\/www.6cproto.com\/fr\/materials\/titanium\/#primaryimage\",\"url\":\"https:\/\/www.6cproto.com\/wp-content\/uploads\/2025\/09\/titanium-aerospace-structural-part.webp\",\"contentUrl\":\"https:\/\/www.6cproto.com\/wp-content\/uploads\/2025\/09\/titanium-aerospace-structural-part.webp\",\"width\":520,\"height\":520,\"caption\":\"Pi\u00e8ce structurelle a\u00e9rospatiale en titane fabriqu\u00e9e par usinage CNC de haute pr\u00e9cision pour des applications a\u00e9ronautiques et a\u00e9rospatiales.\"},{\"@type\":\"BreadcrumbList\",\"@id\":\"https:\/\/www.6cproto.com\/fr\/materials\/titanium\/#breadcrumb\",\"itemListElement\":[{\"@type\":\"ListItem\",\"position\":1,\"name\":\"Home\",\"item\":\"https:\/\/www.6cproto.com\/fr\/\"},{\"@type\":\"ListItem\",\"position\":2,\"name\":\"Mat\u00e9riaux\",\"item\":\"https:\/\/www.6cproto.com\/fr\/materials\/\"},{\"@type\":\"ListItem\",\"position\":3,\"name\":\"Titane\"}]},{\"@type\":\"WebSite\",\"@id\":\"https:\/\/www.6cproto.com\/#website\",\"url\":\"https:\/\/www.6cproto.com\/\",\"name\":\"6CProto\",\"description\":\"Precision CNC Machining, Rapid Prototyping & Custom Parts\",\"potentialAction\":[{\"@type\":\"SearchAction\",\"target\":{\"@type\":\"EntryPoint\",\"urlTemplate\":\"https:\/\/www.6cproto.com\/?s={search_term_string}\"},\"query-input\":{\"@type\":\"PropertyValueSpecification\",\"valueRequired\":true,\"valueName\":\"search_term_string\"}}],\"inLanguage\":\"fr-FR\"}]}<\/script>\n<!-- \/ Yoast SEO plugin. -->","yoast_head_json":{"title":"Titanium Alloys | High-Strength, Lightweight & Corrosion-Resistant Metal","description":"Discover HorizonRP\u2019s titanium alloy materials\u2014offering exceptional strength-to-weight ratio, corrosion resistance, biocompatibility, and high temperature performance. Ideal for aerospace, medical and industrial uses.","robots":{"index":"index","follow":"follow","max-snippet":"max-snippet:-1","max-image-preview":"max-image-preview:large","max-video-preview":"max-video-preview:-1"},"canonical":"https:\/\/www.6cproto.com\/fr\/materials\/titanium\/","og_locale":"fr_FR","og_type":"article","og_title":"Titanium Alloys | High-Strength, Lightweight & Corrosion-Resistant Metal","og_description":"Discover HorizonRP\u2019s titanium alloy materials\u2014offering exceptional strength-to-weight ratio, corrosion resistance, biocompatibility, and high temperature performance. Ideal for aerospace, medical and industrial uses.","og_url":"https:\/\/www.6cproto.com\/fr\/materials\/titanium\/","og_site_name":"6CProto","article_publisher":"https:\/\/www.facebook.sss","article_modified_time":"2025-12-22T06:36:58+00:00","og_image":[{"width":520,"height":520,"url":"https:\/\/www.6cproto.com\/wp-content\/uploads\/2025\/09\/titanium-aerospace-structural-part.webp","type":"image\/webp"}],"twitter_card":"summary_large_image","twitter_misc":{"Est. reading time":"1 minute"},"schema":{"@context":"https:\/\/schema.org","@graph":[{"@type":"WebPage","@id":"https:\/\/www.6cproto.com\/fr\/materials\/titanium\/","url":"https:\/\/www.6cproto.com\/fr\/materials\/titanium\/","name":"Titanium Alloys | High-Strength, Lightweight & Corrosion-Resistant Metal","isPartOf":{"@id":"https:\/\/www.6cproto.com\/#website"},"primaryImageOfPage":{"@id":"https:\/\/www.6cproto.com\/fr\/materials\/titanium\/#primaryimage"},"image":{"@id":"https:\/\/www.6cproto.com\/fr\/materials\/titanium\/#primaryimage"},"thumbnailUrl":"https:\/\/www.6cproto.com\/wp-content\/uploads\/2025\/09\/titanium-aerospace-structural-part.webp","datePublished":"2025-09-27T02:42:06+00:00","dateModified":"2025-12-22T06:36:58+00:00","description":"Discover HorizonRP\u2019s titanium alloy materials\u2014offering exceptional strength-to-weight ratio, corrosion resistance, biocompatibility, and high temperature performance. Ideal for aerospace, medical and industrial uses.","breadcrumb":{"@id":"https:\/\/www.6cproto.com\/fr\/materials\/titanium\/#breadcrumb"},"inLanguage":"fr-FR","potentialAction":[{"@type":"ReadAction","target":["https:\/\/www.6cproto.com\/fr\/materials\/titanium\/"]}]},{"@type":"ImageObject","inLanguage":"fr-FR","@id":"https:\/\/www.6cproto.com\/fr\/materials\/titanium\/#primaryimage","url":"https:\/\/www.6cproto.com\/wp-content\/uploads\/2025\/09\/titanium-aerospace-structural-part.webp","contentUrl":"https:\/\/www.6cproto.com\/wp-content\/uploads\/2025\/09\/titanium-aerospace-structural-part.webp","width":520,"height":520,"caption":"Pi\u00e8ce structurelle a\u00e9rospatiale en titane fabriqu\u00e9e par usinage CNC de haute pr\u00e9cision pour des applications a\u00e9ronautiques et a\u00e9rospatiales."},{"@type":"BreadcrumbList","@id":"https:\/\/www.6cproto.com\/fr\/materials\/titanium\/#breadcrumb","itemListElement":[{"@type":"ListItem","position":1,"name":"Home","item":"https:\/\/www.6cproto.com\/fr\/"},{"@type":"ListItem","position":2,"name":"Mat\u00e9riaux","item":"https:\/\/www.6cproto.com\/fr\/materials\/"},{"@type":"ListItem","position":3,"name":"Titane"}]},{"@type":"WebSite","@id":"https:\/\/www.6cproto.com\/#website","url":"https:\/\/www.6cproto.com\/","name":"6CProto","description":"Precision CNC Machining, Rapid Prototyping & Custom Parts","potentialAction":[{"@type":"SearchAction","target":{"@type":"EntryPoint","urlTemplate":"https:\/\/www.6cproto.com\/?s={search_term_string}"},"query-input":{"@type":"PropertyValueSpecification","valueRequired":true,"valueName":"search_term_string"}}],"inLanguage":"fr-FR"}]}},"_links":{"self":[{"href":"https:\/\/www.6cproto.com\/fr\/wp-json\/wp\/v2\/pages\/17587","targetHints":{"allow":["GET"]}}],"collection":[{"href":"https:\/\/www.6cproto.com\/fr\/wp-json\/wp\/v2\/pages"}],"about":[{"href":"https:\/\/www.6cproto.com\/fr\/wp-json\/wp\/v2\/types\/page"}],"author":[{"embeddable":true,"href":"https:\/\/www.6cproto.com\/fr\/wp-json\/wp\/v2\/users\/7"}],"replies":[{"embeddable":true,"href":"https:\/\/www.6cproto.com\/fr\/wp-json\/wp\/v2\/comments?post=17587"}],"version-history":[{"count":0,"href":"https:\/\/www.6cproto.com\/fr\/wp-json\/wp\/v2\/pages\/17587\/revisions"}],"up":[{"embeddable":true,"href":"https:\/\/www.6cproto.com\/fr\/wp-json\/wp\/v2\/pages\/17449"}],"wp:featuredmedia":[{"embeddable":true,"href":"https:\/\/www.6cproto.com\/fr\/wp-json\/wp\/v2\/media\/17199"}],"wp:attachment":[{"href":"https:\/\/www.6cproto.com\/fr\/wp-json\/wp\/v2\/media?parent=17587"}],"wp:term":[{"taxonomy":"materials-category","embeddable":true,"href":"https:\/\/www.6cproto.com\/fr\/wp-json\/wp\/v2\/materials-category?post=17587"},{"taxonomy":"materials-type","embeddable":true,"href":"https:\/\/www.6cproto.com\/fr\/wp-json\/wp\/v2\/materials-type?post=17587"},{"taxonomy":"global_search_industry","embeddable":true,"href":"https:\/\/www.6cproto.com\/fr\/wp-json\/wp\/v2\/global_search_industry?post=17587"},{"taxonomy":"global_search_service","embeddable":true,"href":"https:\/\/www.6cproto.com\/fr\/wp-json\/wp\/v2\/global_search_service?post=17587"},{"taxonomy":"global_search_resource","embeddable":true,"href":"https:\/\/www.6cproto.com\/fr\/wp-json\/wp\/v2\/global_search_resource?post=17587"},{"taxonomy":"global_search_material","embeddable":true,"href":"https:\/\/www.6cproto.com\/fr\/wp-json\/wp\/v2\/global_search_material?post=17587"}],"curies":[{"name":"wp","href":"https:\/\/api.w.org\/{rel}","templated":true}]}}