{"id":17562,"date":"2025-09-27T10:46:57","date_gmt":"2025-09-27T02:46:57","guid":{"rendered":"http:\/\/my-site-local.local\/materials\/metals\/magnesium\/"},"modified":"2025-12-22T14:29:56","modified_gmt":"2025-12-22T06:29:56","slug":"magnesium","status":"publish","type":"page","link":"https:\/\/www.6cproto.com\/fr\/materials\/magnesium\/","title":{"rendered":"Magn\u00e9sium"},"content":{"rendered":"<h3>Mat\u00e9riaux En Magn\u00e9sium Et Alliages De Magn\u00e9sium<\/h3>\n<section class=\"snippets\">\n<div class=\"row clearfix hidden-sm hidden-xs\">\n<div class=\"col-12 column tab-content\">\n<div id=\"d3d06545-a0ca-4aa8-8214-7e9aa46b3222\" class=\"snippet-content tab-pane active\">\n<div class=\"snippet-piece\">\n<p>Le magn\u00e9sium (Mg) et ses alliages figurent parmi les m\u00e9taux structurels les plus l\u00e9gers disponibles, offrant un <strong>rapport r\u00e9sistance\/poids<\/strong> exceptionnel, une bonne <strong>conductivit\u00e9 thermique<\/strong> et des propri\u00e9t\u00e9s <strong>d\u2019amortissement des vibrations<\/strong> avantageuses. Ces mat\u00e9riaux sont de plus en plus pris\u00e9s pour des applications d\u2019ing\u00e9nierie avanc\u00e9e telles que l\u2019a\u00e9rospatiale, l\u2019automobile et l\u2019\u00e9lectronique, o\u00f9 la r\u00e9duction de poids est essentielle.<\/p>\n<p>Magnesium (Mg) and its alloys are among the lightest structural metals available, offering exceptional <strong data-start=\"1337\" data-end=\"1365\">strength-to-weight ratio<\/strong>, good <strong data-start=\"1372\" data-end=\"1396\">thermal conductivity<\/strong>, and beneficial <strong data-start=\"1413\" data-end=\"1434\">vibration-damping<\/strong> properties. These materials are increasingly attractive for advanced engineering uses such as aerospace, automotive, and electronics applications where weight reduction is critical.<\/p>\n<p>&nbsp;<\/p>\n<\/div>\n<\/div>\n<\/div>\n<\/div>\n<\/section>\n","protected":false},"excerpt":{"rendered":"<p>Mat\u00e9riaux En Magn\u00e9sium Et Alliages De Magn\u00e9sium Le magn\u00e9sium (Mg) et ses alliages figurent parmi les m\u00e9taux structurels les plus l\u00e9gers disponibles, offrant un rapport r\u00e9sistance\/poids exceptionnel, une bonne conductivit\u00e9 thermique et des propri\u00e9t\u00e9s d\u2019amortissement des vibrations avantageuses. Ces mat\u00e9riaux sont de plus en plus pris\u00e9s pour des applications d\u2019ing\u00e9nierie avanc\u00e9e telles que l\u2019a\u00e9rospatiale, l\u2019automobile<\/p>\n","protected":false},"author":7,"featured_media":17560,"parent":17449,"menu_order":0,"comment_status":"closed","ping_status":"closed","template":"","meta":{"_acf_changed":false,"footnotes":""},"materials-category":[],"materials-type":[1177],"global_search_industry":[1227,1229],"global_search_service":[],"global_search_resource":[],"global_search_material":[1316],"class_list":["post-17562","page","type-page","status-publish","has-post-thumbnail","hentry","materials-type-magnesium","global_search_industry-aerospace","global_search_industry-automotive","global_search_material-cnc-machining-materials"],"acf":[],"yoast_head":"<!-- This site is optimized with the Yoast SEO plugin v25.7 - https:\/\/yoast.com\/wordpress\/plugins\/seo\/ -->\n<title>Magnesium &amp; Magnesium Alloys | Lightweight High\u2011Performance Metal<\/title>\n<meta name=\"description\" content=\"Explore HorizonRP\u2019s magnesium and magnesium alloy materials \u2014 offering ultra-low density, high strength-to-weight ratio, good thermal conductivity, and modern alloy performance. Ideal for aerospace, automotive, and electronics.\" \/>\n<meta name=\"robots\" content=\"index, follow, max-snippet:-1, max-image-preview:large, max-video-preview:-1\" \/>\n<link rel=\"canonical\" href=\"https:\/\/www.6cproto.com\/fr\/materials\/magnesium\/\" \/>\n<meta property=\"og:locale\" content=\"fr_FR\" \/>\n<meta property=\"og:type\" content=\"article\" \/>\n<meta property=\"og:title\" content=\"Magnesium &amp; Magnesium Alloys | Lightweight High\u2011Performance Metal\" \/>\n<meta property=\"og:description\" content=\"Explore HorizonRP\u2019s magnesium and magnesium alloy materials \u2014 offering ultra-low density, high strength-to-weight ratio, good thermal conductivity, and modern alloy performance. Ideal for aerospace, automotive, and electronics.\" \/>\n<meta property=\"og:url\" content=\"https:\/\/www.6cproto.com\/fr\/materials\/magnesium\/\" \/>\n<meta property=\"og:site_name\" content=\"6CProto\" \/>\n<meta property=\"article:publisher\" content=\"https:\/\/www.facebook.sss\" \/>\n<meta property=\"article:modified_time\" content=\"2025-12-22T06:29:56+00:00\" \/>\n<meta property=\"og:image\" content=\"https:\/\/www.6cproto.com\/wp-content\/uploads\/2025\/09\/magnesium-magnesium-alloy-materials.jpg\" \/>\n\t<meta property=\"og:image:width\" content=\"800\" \/>\n\t<meta property=\"og:image:height\" content=\"800\" \/>\n\t<meta property=\"og:image:type\" content=\"image\/jpeg\" \/>\n<meta name=\"twitter:card\" content=\"summary_large_image\" \/>\n<meta name=\"twitter:label1\" content=\"Est. reading time\" \/>\n\t<meta name=\"twitter:data1\" content=\"1 minute\" \/>\n<script type=\"application\/ld+json\" class=\"yoast-schema-graph\">{\"@context\":\"https:\/\/schema.org\",\"@graph\":[{\"@type\":\"WebPage\",\"@id\":\"https:\/\/www.6cproto.com\/fr\/materials\/magnesium\/\",\"url\":\"https:\/\/www.6cproto.com\/fr\/materials\/magnesium\/\",\"name\":\"Magnesium & Magnesium Alloys | Lightweight High\u2011Performance Metal\",\"isPartOf\":{\"@id\":\"https:\/\/www.6cproto.com\/#website\"},\"primaryImageOfPage\":{\"@id\":\"https:\/\/www.6cproto.com\/fr\/materials\/magnesium\/#primaryimage\"},\"image\":{\"@id\":\"https:\/\/www.6cproto.com\/fr\/materials\/magnesium\/#primaryimage\"},\"thumbnailUrl\":\"https:\/\/www.6cproto.com\/wp-content\/uploads\/2025\/09\/magnesium-magnesium-alloy-materials.jpg\",\"datePublished\":\"2025-09-27T02:46:57+00:00\",\"dateModified\":\"2025-12-22T06:29:56+00:00\",\"description\":\"Explore HorizonRP\u2019s magnesium and magnesium alloy materials \u2014 offering ultra-low density, high strength-to-weight ratio, good thermal conductivity, and modern alloy performance. Ideal for aerospace, automotive, and electronics.\",\"breadcrumb\":{\"@id\":\"https:\/\/www.6cproto.com\/fr\/materials\/magnesium\/#breadcrumb\"},\"inLanguage\":\"fr-FR\",\"potentialAction\":[{\"@type\":\"ReadAction\",\"target\":[\"https:\/\/www.6cproto.com\/fr\/materials\/magnesium\/\"]}]},{\"@type\":\"ImageObject\",\"inLanguage\":\"fr-FR\",\"@id\":\"https:\/\/www.6cproto.com\/fr\/materials\/magnesium\/#primaryimage\",\"url\":\"https:\/\/www.6cproto.com\/wp-content\/uploads\/2025\/09\/magnesium-magnesium-alloy-materials.jpg\",\"contentUrl\":\"https:\/\/www.6cproto.com\/wp-content\/uploads\/2025\/09\/magnesium-magnesium-alloy-materials.jpg\",\"width\":800,\"height\":800,\"caption\":\"Le magn\u00e9sium (Mg) et ses alliages font partie des m\u00e9taux structurels les plus l\u00e9gers disponibles, offrant un rapport r\u00e9sistance\/poids exceptionnel, une bonne conductivit\u00e9 thermique et d\u2019excellentes propri\u00e9t\u00e9s d\u2019amortissement des vibrations. Ces mat\u00e9riaux sont de plus en plus pris\u00e9s pour des applications d\u2019ing\u00e9nierie avanc\u00e9e, notamment dans les secteurs de l\u2019a\u00e9ronautique, de l\u2019automobile et de l\u2019\u00e9lectronique, o\u00f9 la r\u00e9duction du poids est essentielle.\"},{\"@type\":\"BreadcrumbList\",\"@id\":\"https:\/\/www.6cproto.com\/fr\/materials\/magnesium\/#breadcrumb\",\"itemListElement\":[{\"@type\":\"ListItem\",\"position\":1,\"name\":\"Home\",\"item\":\"https:\/\/www.6cproto.com\/fr\/\"},{\"@type\":\"ListItem\",\"position\":2,\"name\":\"Mat\u00e9riaux\",\"item\":\"https:\/\/www.6cproto.com\/fr\/materials\/\"},{\"@type\":\"ListItem\",\"position\":3,\"name\":\"Magn\u00e9sium\"}]},{\"@type\":\"WebSite\",\"@id\":\"https:\/\/www.6cproto.com\/#website\",\"url\":\"https:\/\/www.6cproto.com\/\",\"name\":\"6CProto\",\"description\":\"Precision CNC Machining, Rapid Prototyping & Custom Parts\",\"potentialAction\":[{\"@type\":\"SearchAction\",\"target\":{\"@type\":\"EntryPoint\",\"urlTemplate\":\"https:\/\/www.6cproto.com\/?s={search_term_string}\"},\"query-input\":{\"@type\":\"PropertyValueSpecification\",\"valueRequired\":true,\"valueName\":\"search_term_string\"}}],\"inLanguage\":\"fr-FR\"}]}<\/script>\n<!-- \/ Yoast SEO plugin. -->","yoast_head_json":{"title":"Magnesium & Magnesium Alloys | Lightweight High\u2011Performance Metal","description":"Explore HorizonRP\u2019s magnesium and magnesium alloy materials \u2014 offering ultra-low density, high strength-to-weight ratio, good thermal conductivity, and modern alloy performance. Ideal for aerospace, automotive, and electronics.","robots":{"index":"index","follow":"follow","max-snippet":"max-snippet:-1","max-image-preview":"max-image-preview:large","max-video-preview":"max-video-preview:-1"},"canonical":"https:\/\/www.6cproto.com\/fr\/materials\/magnesium\/","og_locale":"fr_FR","og_type":"article","og_title":"Magnesium & Magnesium Alloys | Lightweight High\u2011Performance Metal","og_description":"Explore HorizonRP\u2019s magnesium and magnesium alloy materials \u2014 offering ultra-low density, high strength-to-weight ratio, good thermal conductivity, and modern alloy performance. Ideal for aerospace, automotive, and electronics.","og_url":"https:\/\/www.6cproto.com\/fr\/materials\/magnesium\/","og_site_name":"6CProto","article_publisher":"https:\/\/www.facebook.sss","article_modified_time":"2025-12-22T06:29:56+00:00","og_image":[{"width":800,"height":800,"url":"https:\/\/www.6cproto.com\/wp-content\/uploads\/2025\/09\/magnesium-magnesium-alloy-materials.jpg","type":"image\/jpeg"}],"twitter_card":"summary_large_image","twitter_misc":{"Est. reading time":"1 minute"},"schema":{"@context":"https:\/\/schema.org","@graph":[{"@type":"WebPage","@id":"https:\/\/www.6cproto.com\/fr\/materials\/magnesium\/","url":"https:\/\/www.6cproto.com\/fr\/materials\/magnesium\/","name":"Magnesium & Magnesium Alloys | Lightweight High\u2011Performance Metal","isPartOf":{"@id":"https:\/\/www.6cproto.com\/#website"},"primaryImageOfPage":{"@id":"https:\/\/www.6cproto.com\/fr\/materials\/magnesium\/#primaryimage"},"image":{"@id":"https:\/\/www.6cproto.com\/fr\/materials\/magnesium\/#primaryimage"},"thumbnailUrl":"https:\/\/www.6cproto.com\/wp-content\/uploads\/2025\/09\/magnesium-magnesium-alloy-materials.jpg","datePublished":"2025-09-27T02:46:57+00:00","dateModified":"2025-12-22T06:29:56+00:00","description":"Explore HorizonRP\u2019s magnesium and magnesium alloy materials \u2014 offering ultra-low density, high strength-to-weight ratio, good thermal conductivity, and modern alloy performance. Ideal for aerospace, automotive, and electronics.","breadcrumb":{"@id":"https:\/\/www.6cproto.com\/fr\/materials\/magnesium\/#breadcrumb"},"inLanguage":"fr-FR","potentialAction":[{"@type":"ReadAction","target":["https:\/\/www.6cproto.com\/fr\/materials\/magnesium\/"]}]},{"@type":"ImageObject","inLanguage":"fr-FR","@id":"https:\/\/www.6cproto.com\/fr\/materials\/magnesium\/#primaryimage","url":"https:\/\/www.6cproto.com\/wp-content\/uploads\/2025\/09\/magnesium-magnesium-alloy-materials.jpg","contentUrl":"https:\/\/www.6cproto.com\/wp-content\/uploads\/2025\/09\/magnesium-magnesium-alloy-materials.jpg","width":800,"height":800,"caption":"Le magn\u00e9sium (Mg) et ses alliages font partie des m\u00e9taux structurels les plus l\u00e9gers disponibles, offrant un rapport r\u00e9sistance\/poids exceptionnel, une bonne conductivit\u00e9 thermique et d\u2019excellentes propri\u00e9t\u00e9s d\u2019amortissement des vibrations. Ces mat\u00e9riaux sont de plus en plus pris\u00e9s pour des applications d\u2019ing\u00e9nierie avanc\u00e9e, notamment dans les secteurs de l\u2019a\u00e9ronautique, de l\u2019automobile et de l\u2019\u00e9lectronique, o\u00f9 la r\u00e9duction du poids est essentielle."},{"@type":"BreadcrumbList","@id":"https:\/\/www.6cproto.com\/fr\/materials\/magnesium\/#breadcrumb","itemListElement":[{"@type":"ListItem","position":1,"name":"Home","item":"https:\/\/www.6cproto.com\/fr\/"},{"@type":"ListItem","position":2,"name":"Mat\u00e9riaux","item":"https:\/\/www.6cproto.com\/fr\/materials\/"},{"@type":"ListItem","position":3,"name":"Magn\u00e9sium"}]},{"@type":"WebSite","@id":"https:\/\/www.6cproto.com\/#website","url":"https:\/\/www.6cproto.com\/","name":"6CProto","description":"Precision CNC Machining, Rapid Prototyping & Custom Parts","potentialAction":[{"@type":"SearchAction","target":{"@type":"EntryPoint","urlTemplate":"https:\/\/www.6cproto.com\/?s={search_term_string}"},"query-input":{"@type":"PropertyValueSpecification","valueRequired":true,"valueName":"search_term_string"}}],"inLanguage":"fr-FR"}]}},"_links":{"self":[{"href":"https:\/\/www.6cproto.com\/fr\/wp-json\/wp\/v2\/pages\/17562","targetHints":{"allow":["GET"]}}],"collection":[{"href":"https:\/\/www.6cproto.com\/fr\/wp-json\/wp\/v2\/pages"}],"about":[{"href":"https:\/\/www.6cproto.com\/fr\/wp-json\/wp\/v2\/types\/page"}],"author":[{"embeddable":true,"href":"https:\/\/www.6cproto.com\/fr\/wp-json\/wp\/v2\/users\/7"}],"replies":[{"embeddable":true,"href":"https:\/\/www.6cproto.com\/fr\/wp-json\/wp\/v2\/comments?post=17562"}],"version-history":[{"count":0,"href":"https:\/\/www.6cproto.com\/fr\/wp-json\/wp\/v2\/pages\/17562\/revisions"}],"up":[{"embeddable":true,"href":"https:\/\/www.6cproto.com\/fr\/wp-json\/wp\/v2\/pages\/17449"}],"wp:featuredmedia":[{"embeddable":true,"href":"https:\/\/www.6cproto.com\/fr\/wp-json\/wp\/v2\/media\/17560"}],"wp:attachment":[{"href":"https:\/\/www.6cproto.com\/fr\/wp-json\/wp\/v2\/media?parent=17562"}],"wp:term":[{"taxonomy":"materials-category","embeddable":true,"href":"https:\/\/www.6cproto.com\/fr\/wp-json\/wp\/v2\/materials-category?post=17562"},{"taxonomy":"materials-type","embeddable":true,"href":"https:\/\/www.6cproto.com\/fr\/wp-json\/wp\/v2\/materials-type?post=17562"},{"taxonomy":"global_search_industry","embeddable":true,"href":"https:\/\/www.6cproto.com\/fr\/wp-json\/wp\/v2\/global_search_industry?post=17562"},{"taxonomy":"global_search_service","embeddable":true,"href":"https:\/\/www.6cproto.com\/fr\/wp-json\/wp\/v2\/global_search_service?post=17562"},{"taxonomy":"global_search_resource","embeddable":true,"href":"https:\/\/www.6cproto.com\/fr\/wp-json\/wp\/v2\/global_search_resource?post=17562"},{"taxonomy":"global_search_material","embeddable":true,"href":"https:\/\/www.6cproto.com\/fr\/wp-json\/wp\/v2\/global_search_material?post=17562"}],"curies":[{"name":"wp","href":"https:\/\/api.w.org\/{rel}","templated":true}]}}