{"id":17555,"date":"2025-09-27T10:49:12","date_gmt":"2025-09-27T02:49:12","guid":{"rendered":"http:\/\/my-site-local.local\/materials\/metals\/inconel\/"},"modified":"2025-12-22T14:28:15","modified_gmt":"2025-12-22T06:28:15","slug":"inconel","status":"publish","type":"page","link":"https:\/\/www.6cproto.com\/fr\/materials\/inconel\/","title":{"rendered":"Inconel"},"content":{"rendered":"<h3>Mat\u00e9riaux en Superalliages Inconel<\/h3>\n<section class=\"snippets\">\n<div class=\"row clearfix hidden-sm hidden-xs\">\n<div class=\"col-12 column tab-content\">\n<div id=\"d3d06545-a0ca-4aa8-8214-7e9aa46b3222\" class=\"snippet-content tab-pane active\">\n<div class=\"snippet-piece\">\n<p>Les alliages Inconel sont une famille de superalliages \u00e0 base de nickel-chrome \u00e0 hautes performances, connus pour leur r\u00e9sistance exceptionnelle, leur r\u00e9sistance \u00e0 l\u2019oxydation et leur stabilit\u00e9 \u00e0 haute temp\u00e9rature. Ces alliages sont largement utilis\u00e9s dans des environnements extr\u00eames o\u00f9 les composants sont soumis \u00e0 des temp\u00e9ratures \u00e9lev\u00e9es, \u00e0 des pressions importantes ou \u00e0 des charges m\u00e9caniques.<\/p>\n<\/div>\n<\/div>\n<\/div>\n<\/div>\n<\/section>\n","protected":false},"excerpt":{"rendered":"<p>Mat\u00e9riaux en Superalliages Inconel Les alliages Inconel sont une famille de superalliages \u00e0 base de nickel-chrome \u00e0 hautes performances, connus pour leur r\u00e9sistance exceptionnelle, leur r\u00e9sistance \u00e0 l\u2019oxydation et leur stabilit\u00e9 \u00e0 haute temp\u00e9rature. Ces alliages sont largement utilis\u00e9s dans des environnements extr\u00eames o\u00f9 les composants sont soumis \u00e0 des temp\u00e9ratures \u00e9lev\u00e9es, \u00e0 des pressions<\/p>\n","protected":false},"author":7,"featured_media":17197,"parent":17449,"menu_order":0,"comment_status":"closed","ping_status":"closed","template":"","meta":{"_acf_changed":false,"footnotes":""},"materials-category":[],"materials-type":[1169],"global_search_industry":[],"global_search_service":[],"global_search_resource":[],"global_search_material":[1316],"class_list":["post-17555","page","type-page","status-publish","has-post-thumbnail","hentry","materials-type-inconel","global_search_material-cnc-machining-materials"],"acf":[],"yoast_head":"<!-- This site is optimized with the Yoast SEO plugin v25.7 - https:\/\/yoast.com\/wordpress\/plugins\/seo\/ -->\n<title>Inconel Superalloy | High-Temperature &amp; Corrosion-Resistant Nickel Alloy<\/title>\n<meta name=\"description\" content=\"Explore HorizonRP\u2019s Inconel alloys\u2014nickel-chromium superalloys offering exceptional strength, oxidation resistance, and high-temperature stability. Ideal for aerospace, oil &amp; gas, and industrial applications.\" \/>\n<meta name=\"robots\" content=\"index, follow, max-snippet:-1, max-image-preview:large, max-video-preview:-1\" \/>\n<link rel=\"canonical\" href=\"https:\/\/www.6cproto.com\/fr\/materials\/inconel\/\" \/>\n<meta property=\"og:locale\" content=\"fr_FR\" \/>\n<meta property=\"og:type\" content=\"article\" \/>\n<meta property=\"og:title\" content=\"Inconel Superalloy | High-Temperature &amp; Corrosion-Resistant Nickel Alloy\" \/>\n<meta property=\"og:description\" content=\"Explore HorizonRP\u2019s Inconel alloys\u2014nickel-chromium superalloys offering exceptional strength, oxidation resistance, and high-temperature stability. Ideal for aerospace, oil &amp; gas, and industrial applications.\" \/>\n<meta property=\"og:url\" content=\"https:\/\/www.6cproto.com\/fr\/materials\/inconel\/\" \/>\n<meta property=\"og:site_name\" content=\"6CProto\" \/>\n<meta property=\"article:publisher\" content=\"https:\/\/www.facebook.sss\" \/>\n<meta property=\"article:modified_time\" content=\"2025-12-22T06:28:15+00:00\" \/>\n<meta property=\"og:image\" content=\"https:\/\/www.6cproto.com\/wp-content\/uploads\/2025\/09\/inconel-v3.webp\" \/>\n\t<meta property=\"og:image:width\" content=\"800\" \/>\n\t<meta property=\"og:image:height\" content=\"800\" \/>\n\t<meta property=\"og:image:type\" content=\"image\/webp\" \/>\n<meta name=\"twitter:card\" content=\"summary_large_image\" \/>\n<meta name=\"twitter:label1\" content=\"Est. reading time\" \/>\n\t<meta name=\"twitter:data1\" content=\"1 minute\" \/>\n<script type=\"application\/ld+json\" class=\"yoast-schema-graph\">{\"@context\":\"https:\/\/schema.org\",\"@graph\":[{\"@type\":\"WebPage\",\"@id\":\"https:\/\/www.6cproto.com\/fr\/materials\/inconel\/\",\"url\":\"https:\/\/www.6cproto.com\/fr\/materials\/inconel\/\",\"name\":\"Inconel Superalloy | High-Temperature & Corrosion-Resistant Nickel Alloy\",\"isPartOf\":{\"@id\":\"https:\/\/www.6cproto.com\/#website\"},\"primaryImageOfPage\":{\"@id\":\"https:\/\/www.6cproto.com\/fr\/materials\/inconel\/#primaryimage\"},\"image\":{\"@id\":\"https:\/\/www.6cproto.com\/fr\/materials\/inconel\/#primaryimage\"},\"thumbnailUrl\":\"https:\/\/www.6cproto.com\/wp-content\/uploads\/2025\/09\/inconel-v3.webp\",\"datePublished\":\"2025-09-27T02:49:12+00:00\",\"dateModified\":\"2025-12-22T06:28:15+00:00\",\"description\":\"Explore HorizonRP\u2019s Inconel alloys\u2014nickel-chromium superalloys offering exceptional strength, oxidation resistance, and high-temperature stability. Ideal for aerospace, oil & gas, and industrial applications.\",\"breadcrumb\":{\"@id\":\"https:\/\/www.6cproto.com\/fr\/materials\/inconel\/#breadcrumb\"},\"inLanguage\":\"fr-FR\",\"potentialAction\":[{\"@type\":\"ReadAction\",\"target\":[\"https:\/\/www.6cproto.com\/fr\/materials\/inconel\/\"]}]},{\"@type\":\"ImageObject\",\"inLanguage\":\"fr-FR\",\"@id\":\"https:\/\/www.6cproto.com\/fr\/materials\/inconel\/#primaryimage\",\"url\":\"https:\/\/www.6cproto.com\/wp-content\/uploads\/2025\/09\/inconel-v3.webp\",\"contentUrl\":\"https:\/\/www.6cproto.com\/wp-content\/uploads\/2025\/09\/inconel-v3.webp\",\"width\":800,\"height\":800,\"caption\":\"Les alliages Inconel constituent une famille de superalliages nickel-chrome haute performance, reconnus pour leur r\u00e9sistance exceptionnelle, leur excellente r\u00e9sistance \u00e0 l\u2019oxydation et leur grande stabilit\u00e9 \u00e0 haute temp\u00e9rature. Ces alliages sont largement utilis\u00e9s dans des environnements extr\u00eames o\u00f9 les composants sont soumis \u00e0 des temp\u00e9ratures \u00e9lev\u00e9es, \u00e0 des pressions importantes ou \u00e0 de fortes charges m\u00e9caniques.\"},{\"@type\":\"BreadcrumbList\",\"@id\":\"https:\/\/www.6cproto.com\/fr\/materials\/inconel\/#breadcrumb\",\"itemListElement\":[{\"@type\":\"ListItem\",\"position\":1,\"name\":\"Home\",\"item\":\"https:\/\/www.6cproto.com\/fr\/\"},{\"@type\":\"ListItem\",\"position\":2,\"name\":\"Mat\u00e9riaux\",\"item\":\"https:\/\/www.6cproto.com\/fr\/materials\/\"},{\"@type\":\"ListItem\",\"position\":3,\"name\":\"Inconel\"}]},{\"@type\":\"WebSite\",\"@id\":\"https:\/\/www.6cproto.com\/#website\",\"url\":\"https:\/\/www.6cproto.com\/\",\"name\":\"6CProto\",\"description\":\"Precision CNC Machining, Rapid Prototyping & Custom Parts\",\"potentialAction\":[{\"@type\":\"SearchAction\",\"target\":{\"@type\":\"EntryPoint\",\"urlTemplate\":\"https:\/\/www.6cproto.com\/?s={search_term_string}\"},\"query-input\":{\"@type\":\"PropertyValueSpecification\",\"valueRequired\":true,\"valueName\":\"search_term_string\"}}],\"inLanguage\":\"fr-FR\"}]}<\/script>\n<!-- \/ Yoast SEO plugin. -->","yoast_head_json":{"title":"Inconel Superalloy | High-Temperature & Corrosion-Resistant Nickel Alloy","description":"Explore HorizonRP\u2019s Inconel alloys\u2014nickel-chromium superalloys offering exceptional strength, oxidation resistance, and high-temperature stability. Ideal for aerospace, oil & gas, and industrial applications.","robots":{"index":"index","follow":"follow","max-snippet":"max-snippet:-1","max-image-preview":"max-image-preview:large","max-video-preview":"max-video-preview:-1"},"canonical":"https:\/\/www.6cproto.com\/fr\/materials\/inconel\/","og_locale":"fr_FR","og_type":"article","og_title":"Inconel Superalloy | High-Temperature & Corrosion-Resistant Nickel Alloy","og_description":"Explore HorizonRP\u2019s Inconel alloys\u2014nickel-chromium superalloys offering exceptional strength, oxidation resistance, and high-temperature stability. Ideal for aerospace, oil & gas, and industrial applications.","og_url":"https:\/\/www.6cproto.com\/fr\/materials\/inconel\/","og_site_name":"6CProto","article_publisher":"https:\/\/www.facebook.sss","article_modified_time":"2025-12-22T06:28:15+00:00","og_image":[{"width":800,"height":800,"url":"https:\/\/www.6cproto.com\/wp-content\/uploads\/2025\/09\/inconel-v3.webp","type":"image\/webp"}],"twitter_card":"summary_large_image","twitter_misc":{"Est. reading time":"1 minute"},"schema":{"@context":"https:\/\/schema.org","@graph":[{"@type":"WebPage","@id":"https:\/\/www.6cproto.com\/fr\/materials\/inconel\/","url":"https:\/\/www.6cproto.com\/fr\/materials\/inconel\/","name":"Inconel Superalloy | High-Temperature & Corrosion-Resistant Nickel Alloy","isPartOf":{"@id":"https:\/\/www.6cproto.com\/#website"},"primaryImageOfPage":{"@id":"https:\/\/www.6cproto.com\/fr\/materials\/inconel\/#primaryimage"},"image":{"@id":"https:\/\/www.6cproto.com\/fr\/materials\/inconel\/#primaryimage"},"thumbnailUrl":"https:\/\/www.6cproto.com\/wp-content\/uploads\/2025\/09\/inconel-v3.webp","datePublished":"2025-09-27T02:49:12+00:00","dateModified":"2025-12-22T06:28:15+00:00","description":"Explore HorizonRP\u2019s Inconel alloys\u2014nickel-chromium superalloys offering exceptional strength, oxidation resistance, and high-temperature stability. Ideal for aerospace, oil & gas, and industrial applications.","breadcrumb":{"@id":"https:\/\/www.6cproto.com\/fr\/materials\/inconel\/#breadcrumb"},"inLanguage":"fr-FR","potentialAction":[{"@type":"ReadAction","target":["https:\/\/www.6cproto.com\/fr\/materials\/inconel\/"]}]},{"@type":"ImageObject","inLanguage":"fr-FR","@id":"https:\/\/www.6cproto.com\/fr\/materials\/inconel\/#primaryimage","url":"https:\/\/www.6cproto.com\/wp-content\/uploads\/2025\/09\/inconel-v3.webp","contentUrl":"https:\/\/www.6cproto.com\/wp-content\/uploads\/2025\/09\/inconel-v3.webp","width":800,"height":800,"caption":"Les alliages Inconel constituent une famille de superalliages nickel-chrome haute performance, reconnus pour leur r\u00e9sistance exceptionnelle, leur excellente r\u00e9sistance \u00e0 l\u2019oxydation et leur grande stabilit\u00e9 \u00e0 haute temp\u00e9rature. Ces alliages sont largement utilis\u00e9s dans des environnements extr\u00eames o\u00f9 les composants sont soumis \u00e0 des temp\u00e9ratures \u00e9lev\u00e9es, \u00e0 des pressions importantes ou \u00e0 de fortes charges m\u00e9caniques."},{"@type":"BreadcrumbList","@id":"https:\/\/www.6cproto.com\/fr\/materials\/inconel\/#breadcrumb","itemListElement":[{"@type":"ListItem","position":1,"name":"Home","item":"https:\/\/www.6cproto.com\/fr\/"},{"@type":"ListItem","position":2,"name":"Mat\u00e9riaux","item":"https:\/\/www.6cproto.com\/fr\/materials\/"},{"@type":"ListItem","position":3,"name":"Inconel"}]},{"@type":"WebSite","@id":"https:\/\/www.6cproto.com\/#website","url":"https:\/\/www.6cproto.com\/","name":"6CProto","description":"Precision CNC Machining, Rapid Prototyping & Custom Parts","potentialAction":[{"@type":"SearchAction","target":{"@type":"EntryPoint","urlTemplate":"https:\/\/www.6cproto.com\/?s={search_term_string}"},"query-input":{"@type":"PropertyValueSpecification","valueRequired":true,"valueName":"search_term_string"}}],"inLanguage":"fr-FR"}]}},"_links":{"self":[{"href":"https:\/\/www.6cproto.com\/fr\/wp-json\/wp\/v2\/pages\/17555","targetHints":{"allow":["GET"]}}],"collection":[{"href":"https:\/\/www.6cproto.com\/fr\/wp-json\/wp\/v2\/pages"}],"about":[{"href":"https:\/\/www.6cproto.com\/fr\/wp-json\/wp\/v2\/types\/page"}],"author":[{"embeddable":true,"href":"https:\/\/www.6cproto.com\/fr\/wp-json\/wp\/v2\/users\/7"}],"replies":[{"embeddable":true,"href":"https:\/\/www.6cproto.com\/fr\/wp-json\/wp\/v2\/comments?post=17555"}],"version-history":[{"count":0,"href":"https:\/\/www.6cproto.com\/fr\/wp-json\/wp\/v2\/pages\/17555\/revisions"}],"up":[{"embeddable":true,"href":"https:\/\/www.6cproto.com\/fr\/wp-json\/wp\/v2\/pages\/17449"}],"wp:featuredmedia":[{"embeddable":true,"href":"https:\/\/www.6cproto.com\/fr\/wp-json\/wp\/v2\/media\/17197"}],"wp:attachment":[{"href":"https:\/\/www.6cproto.com\/fr\/wp-json\/wp\/v2\/media?parent=17555"}],"wp:term":[{"taxonomy":"materials-category","embeddable":true,"href":"https:\/\/www.6cproto.com\/fr\/wp-json\/wp\/v2\/materials-category?post=17555"},{"taxonomy":"materials-type","embeddable":true,"href":"https:\/\/www.6cproto.com\/fr\/wp-json\/wp\/v2\/materials-type?post=17555"},{"taxonomy":"global_search_industry","embeddable":true,"href":"https:\/\/www.6cproto.com\/fr\/wp-json\/wp\/v2\/global_search_industry?post=17555"},{"taxonomy":"global_search_service","embeddable":true,"href":"https:\/\/www.6cproto.com\/fr\/wp-json\/wp\/v2\/global_search_service?post=17555"},{"taxonomy":"global_search_resource","embeddable":true,"href":"https:\/\/www.6cproto.com\/fr\/wp-json\/wp\/v2\/global_search_resource?post=17555"},{"taxonomy":"global_search_material","embeddable":true,"href":"https:\/\/www.6cproto.com\/fr\/wp-json\/wp\/v2\/global_search_material?post=17555"}],"curies":[{"name":"wp","href":"https:\/\/api.w.org\/{rel}","templated":true}]}}