{"id":17551,"date":"2025-09-27T10:19:17","date_gmt":"2025-09-27T02:19:17","guid":{"rendered":"http:\/\/my-site-local.local\/materials\/metals\/copper\/"},"modified":"2025-12-22T14:26:18","modified_gmt":"2025-12-22T06:26:18","slug":"copper","status":"publish","type":"page","link":"https:\/\/www.6cproto.com\/fr\/materials\/copper\/","title":{"rendered":"Cuivre"},"content":{"rendered":"<h3>Mat\u00e9riaux En Cuivre Et Alliages De Cuivre<\/h3>\n<section class=\"snippets\">\n<div class=\"row clearfix hidden-sm hidden-xs\">\n<div class=\"col-12 column tab-content\">\n<div id=\"d3d06545-a0ca-4aa8-8214-7e9aa46b3222\" class=\"snippet-content tab-pane active\">\n<div class=\"snippet-piece\">\n<p>Le cuivre est un m\u00e9tal r\u00e9sistant \u00e0 la corrosion, extr\u00eamement conducteur de l\u2019\u00e9lectricit\u00e9 et tr\u00e8s ductile. Son aspect brillant de couleur rouge-orang\u00e9e est facilement reconnaissable, et le m\u00e9tal conserve son attrait esth\u00e9tique m\u00eame au cours de son processus naturel d\u2019oxydation, au cours duquel les r\u00e9actions avec l\u2019environnement forment un rev\u00eatement verd\u00e2tre-bleut\u00e9 connu sous le nom de patine. Cependant, il convient de noter que la soudabilit\u00e9 du cuivre est g\u00e9n\u00e9ralement consid\u00e9r\u00e9e comme mod\u00e9r\u00e9e \u00e0 faible.<\/p>\n<p>&nbsp;<\/p>\n<\/div>\n<\/div>\n<\/div>\n<\/div>\n<\/section>\n","protected":false},"excerpt":{"rendered":"<p>Mat\u00e9riaux En Cuivre Et Alliages De Cuivre Le cuivre est un m\u00e9tal r\u00e9sistant \u00e0 la corrosion, extr\u00eamement conducteur de l\u2019\u00e9lectricit\u00e9 et tr\u00e8s ductile. Son aspect brillant de couleur rouge-orang\u00e9e est facilement reconnaissable, et le m\u00e9tal conserve son attrait esth\u00e9tique m\u00eame au cours de son processus naturel d\u2019oxydation, au cours duquel les r\u00e9actions avec l\u2019environnement forment<\/p>\n","protected":false},"author":7,"featured_media":17548,"parent":17449,"menu_order":0,"comment_status":"closed","ping_status":"closed","template":"","meta":{"_acf_changed":false,"footnotes":""},"materials-category":[],"materials-type":[1225],"global_search_industry":[],"global_search_service":[],"global_search_resource":[],"global_search_material":[1316],"class_list":["post-17551","page","type-page","status-publish","has-post-thumbnail","hentry","materials-type-copper","global_search_material-cnc-machining-materials"],"acf":[],"yoast_head":"<!-- This site is optimized with the Yoast SEO plugin v25.7 - https:\/\/yoast.com\/wordpress\/plugins\/seo\/ -->\n<title>Copper Material &amp; Copper Alloys<\/title>\n<meta name=\"description\" content=\"Explore HorizonRP\u2019s copper materials\u2014offering exceptional electrical and thermal conductivity, corrosion resistance, and ductility. Ideal for electronics, electrical, plumbing, and architectural applications.\" \/>\n<meta name=\"robots\" content=\"index, follow, max-snippet:-1, max-image-preview:large, max-video-preview:-1\" \/>\n<link rel=\"canonical\" href=\"https:\/\/www.6cproto.com\/fr\/materials\/copper\/\" \/>\n<meta property=\"og:locale\" content=\"fr_FR\" \/>\n<meta property=\"og:type\" content=\"article\" \/>\n<meta property=\"og:title\" content=\"Copper Material &amp; Copper Alloys\" \/>\n<meta property=\"og:description\" content=\"Explore HorizonRP\u2019s copper materials\u2014offering exceptional electrical and thermal conductivity, corrosion resistance, and ductility. Ideal for electronics, electrical, plumbing, and architectural applications.\" \/>\n<meta property=\"og:url\" content=\"https:\/\/www.6cproto.com\/fr\/materials\/copper\/\" \/>\n<meta property=\"og:site_name\" content=\"6CProto\" \/>\n<meta property=\"article:publisher\" content=\"https:\/\/www.facebook.sss\" \/>\n<meta property=\"article:modified_time\" content=\"2025-12-22T06:26:18+00:00\" \/>\n<meta property=\"og:image\" content=\"https:\/\/www.6cproto.com\/wp-content\/uploads\/2025\/09\/copper-wire-demonstrating-high-electrical-conductivity.jpg\" \/>\n\t<meta property=\"og:image:width\" content=\"800\" \/>\n\t<meta property=\"og:image:height\" content=\"877\" \/>\n\t<meta property=\"og:image:type\" content=\"image\/jpeg\" \/>\n<meta name=\"twitter:card\" content=\"summary_large_image\" \/>\n<meta name=\"twitter:label1\" content=\"Est. reading time\" \/>\n\t<meta name=\"twitter:data1\" content=\"1 minute\" \/>\n<script type=\"application\/ld+json\" class=\"yoast-schema-graph\">{\"@context\":\"https:\/\/schema.org\",\"@graph\":[{\"@type\":\"WebPage\",\"@id\":\"https:\/\/www.6cproto.com\/fr\/materials\/copper\/\",\"url\":\"https:\/\/www.6cproto.com\/fr\/materials\/copper\/\",\"name\":\"Copper Material & Copper Alloys\",\"isPartOf\":{\"@id\":\"https:\/\/www.6cproto.com\/#website\"},\"primaryImageOfPage\":{\"@id\":\"https:\/\/www.6cproto.com\/fr\/materials\/copper\/#primaryimage\"},\"image\":{\"@id\":\"https:\/\/www.6cproto.com\/fr\/materials\/copper\/#primaryimage\"},\"thumbnailUrl\":\"https:\/\/www.6cproto.com\/wp-content\/uploads\/2025\/09\/copper-wire-demonstrating-high-electrical-conductivity.jpg\",\"datePublished\":\"2025-09-27T02:19:17+00:00\",\"dateModified\":\"2025-12-22T06:26:18+00:00\",\"description\":\"Explore HorizonRP\u2019s copper materials\u2014offering exceptional electrical and thermal conductivity, corrosion resistance, and ductility. Ideal for electronics, electrical, plumbing, and architectural applications.\",\"breadcrumb\":{\"@id\":\"https:\/\/www.6cproto.com\/fr\/materials\/copper\/#breadcrumb\"},\"inLanguage\":\"fr-FR\",\"potentialAction\":[{\"@type\":\"ReadAction\",\"target\":[\"https:\/\/www.6cproto.com\/fr\/materials\/copper\/\"]}]},{\"@type\":\"ImageObject\",\"inLanguage\":\"fr-FR\",\"@id\":\"https:\/\/www.6cproto.com\/fr\/materials\/copper\/#primaryimage\",\"url\":\"https:\/\/www.6cproto.com\/wp-content\/uploads\/2025\/09\/copper-wire-demonstrating-high-electrical-conductivity.jpg\",\"contentUrl\":\"https:\/\/www.6cproto.com\/wp-content\/uploads\/2025\/09\/copper-wire-demonstrating-high-electrical-conductivity.jpg\",\"width\":800,\"height\":877,\"caption\":\"Copper wire demonstrating high electrical conductivity\"},{\"@type\":\"BreadcrumbList\",\"@id\":\"https:\/\/www.6cproto.com\/fr\/materials\/copper\/#breadcrumb\",\"itemListElement\":[{\"@type\":\"ListItem\",\"position\":1,\"name\":\"Home\",\"item\":\"https:\/\/www.6cproto.com\/fr\/\"},{\"@type\":\"ListItem\",\"position\":2,\"name\":\"Mat\u00e9riaux\",\"item\":\"https:\/\/www.6cproto.com\/fr\/materials\/\"},{\"@type\":\"ListItem\",\"position\":3,\"name\":\"Cuivre\"}]},{\"@type\":\"WebSite\",\"@id\":\"https:\/\/www.6cproto.com\/#website\",\"url\":\"https:\/\/www.6cproto.com\/\",\"name\":\"6CProto\",\"description\":\"Precision CNC Machining, Rapid Prototyping & Custom Parts\",\"potentialAction\":[{\"@type\":\"SearchAction\",\"target\":{\"@type\":\"EntryPoint\",\"urlTemplate\":\"https:\/\/www.6cproto.com\/?s={search_term_string}\"},\"query-input\":{\"@type\":\"PropertyValueSpecification\",\"valueRequired\":true,\"valueName\":\"search_term_string\"}}],\"inLanguage\":\"fr-FR\"}]}<\/script>\n<!-- \/ Yoast SEO plugin. -->","yoast_head_json":{"title":"Copper Material & Copper Alloys","description":"Explore HorizonRP\u2019s copper materials\u2014offering exceptional electrical and thermal conductivity, corrosion resistance, and ductility. Ideal for electronics, electrical, plumbing, and architectural applications.","robots":{"index":"index","follow":"follow","max-snippet":"max-snippet:-1","max-image-preview":"max-image-preview:large","max-video-preview":"max-video-preview:-1"},"canonical":"https:\/\/www.6cproto.com\/fr\/materials\/copper\/","og_locale":"fr_FR","og_type":"article","og_title":"Copper Material & Copper Alloys","og_description":"Explore HorizonRP\u2019s copper materials\u2014offering exceptional electrical and thermal conductivity, corrosion resistance, and ductility. Ideal for electronics, electrical, plumbing, and architectural applications.","og_url":"https:\/\/www.6cproto.com\/fr\/materials\/copper\/","og_site_name":"6CProto","article_publisher":"https:\/\/www.facebook.sss","article_modified_time":"2025-12-22T06:26:18+00:00","og_image":[{"width":800,"height":877,"url":"https:\/\/www.6cproto.com\/wp-content\/uploads\/2025\/09\/copper-wire-demonstrating-high-electrical-conductivity.jpg","type":"image\/jpeg"}],"twitter_card":"summary_large_image","twitter_misc":{"Est. reading time":"1 minute"},"schema":{"@context":"https:\/\/schema.org","@graph":[{"@type":"WebPage","@id":"https:\/\/www.6cproto.com\/fr\/materials\/copper\/","url":"https:\/\/www.6cproto.com\/fr\/materials\/copper\/","name":"Copper Material & Copper Alloys","isPartOf":{"@id":"https:\/\/www.6cproto.com\/#website"},"primaryImageOfPage":{"@id":"https:\/\/www.6cproto.com\/fr\/materials\/copper\/#primaryimage"},"image":{"@id":"https:\/\/www.6cproto.com\/fr\/materials\/copper\/#primaryimage"},"thumbnailUrl":"https:\/\/www.6cproto.com\/wp-content\/uploads\/2025\/09\/copper-wire-demonstrating-high-electrical-conductivity.jpg","datePublished":"2025-09-27T02:19:17+00:00","dateModified":"2025-12-22T06:26:18+00:00","description":"Explore HorizonRP\u2019s copper materials\u2014offering exceptional electrical and thermal conductivity, corrosion resistance, and ductility. Ideal for electronics, electrical, plumbing, and architectural applications.","breadcrumb":{"@id":"https:\/\/www.6cproto.com\/fr\/materials\/copper\/#breadcrumb"},"inLanguage":"fr-FR","potentialAction":[{"@type":"ReadAction","target":["https:\/\/www.6cproto.com\/fr\/materials\/copper\/"]}]},{"@type":"ImageObject","inLanguage":"fr-FR","@id":"https:\/\/www.6cproto.com\/fr\/materials\/copper\/#primaryimage","url":"https:\/\/www.6cproto.com\/wp-content\/uploads\/2025\/09\/copper-wire-demonstrating-high-electrical-conductivity.jpg","contentUrl":"https:\/\/www.6cproto.com\/wp-content\/uploads\/2025\/09\/copper-wire-demonstrating-high-electrical-conductivity.jpg","width":800,"height":877,"caption":"Copper wire demonstrating high electrical conductivity"},{"@type":"BreadcrumbList","@id":"https:\/\/www.6cproto.com\/fr\/materials\/copper\/#breadcrumb","itemListElement":[{"@type":"ListItem","position":1,"name":"Home","item":"https:\/\/www.6cproto.com\/fr\/"},{"@type":"ListItem","position":2,"name":"Mat\u00e9riaux","item":"https:\/\/www.6cproto.com\/fr\/materials\/"},{"@type":"ListItem","position":3,"name":"Cuivre"}]},{"@type":"WebSite","@id":"https:\/\/www.6cproto.com\/#website","url":"https:\/\/www.6cproto.com\/","name":"6CProto","description":"Precision CNC Machining, Rapid Prototyping & Custom Parts","potentialAction":[{"@type":"SearchAction","target":{"@type":"EntryPoint","urlTemplate":"https:\/\/www.6cproto.com\/?s={search_term_string}"},"query-input":{"@type":"PropertyValueSpecification","valueRequired":true,"valueName":"search_term_string"}}],"inLanguage":"fr-FR"}]}},"_links":{"self":[{"href":"https:\/\/www.6cproto.com\/fr\/wp-json\/wp\/v2\/pages\/17551","targetHints":{"allow":["GET"]}}],"collection":[{"href":"https:\/\/www.6cproto.com\/fr\/wp-json\/wp\/v2\/pages"}],"about":[{"href":"https:\/\/www.6cproto.com\/fr\/wp-json\/wp\/v2\/types\/page"}],"author":[{"embeddable":true,"href":"https:\/\/www.6cproto.com\/fr\/wp-json\/wp\/v2\/users\/7"}],"replies":[{"embeddable":true,"href":"https:\/\/www.6cproto.com\/fr\/wp-json\/wp\/v2\/comments?post=17551"}],"version-history":[{"count":0,"href":"https:\/\/www.6cproto.com\/fr\/wp-json\/wp\/v2\/pages\/17551\/revisions"}],"up":[{"embeddable":true,"href":"https:\/\/www.6cproto.com\/fr\/wp-json\/wp\/v2\/pages\/17449"}],"wp:featuredmedia":[{"embeddable":true,"href":"https:\/\/www.6cproto.com\/fr\/wp-json\/wp\/v2\/media\/17548"}],"wp:attachment":[{"href":"https:\/\/www.6cproto.com\/fr\/wp-json\/wp\/v2\/media?parent=17551"}],"wp:term":[{"taxonomy":"materials-category","embeddable":true,"href":"https:\/\/www.6cproto.com\/fr\/wp-json\/wp\/v2\/materials-category?post=17551"},{"taxonomy":"materials-type","embeddable":true,"href":"https:\/\/www.6cproto.com\/fr\/wp-json\/wp\/v2\/materials-type?post=17551"},{"taxonomy":"global_search_industry","embeddable":true,"href":"https:\/\/www.6cproto.com\/fr\/wp-json\/wp\/v2\/global_search_industry?post=17551"},{"taxonomy":"global_search_service","embeddable":true,"href":"https:\/\/www.6cproto.com\/fr\/wp-json\/wp\/v2\/global_search_service?post=17551"},{"taxonomy":"global_search_resource","embeddable":true,"href":"https:\/\/www.6cproto.com\/fr\/wp-json\/wp\/v2\/global_search_resource?post=17551"},{"taxonomy":"global_search_material","embeddable":true,"href":"https:\/\/www.6cproto.com\/fr\/wp-json\/wp\/v2\/global_search_material?post=17551"}],"curies":[{"name":"wp","href":"https:\/\/api.w.org\/{rel}","templated":true}]}}