{"id":17805,"date":"2025-10-01T19:01:19","date_gmt":"2025-10-01T11:01:19","guid":{"rendered":"http:\/\/my-site-local.local\/?page_id=17805"},"modified":"2025-12-22T15:00:08","modified_gmt":"2025-12-22T07:00:08","slug":"stainless-steel-316l","status":"publish","type":"page","link":"https:\/\/www.6cproto.com\/es\/materials\/3d-printing\/stainless-steel-316l\/","title":{"rendered":"Acero Inoxidable 316L"},"content":{"rendered":"<h3>Material de Impresi\u00f3n 3D Acero Inoxidable 316L<\/h3>\n<section class=\"snippets\">\n<div class=\"row clearfix hidden-sm hidden-xs\">\n<div class=\"col-12 column tab-content\">\n<div id=\"d3d06545-a0ca-4aa8-8214-7e9aa46b3222\" class=\"snippet-content tab-pane active\">\n<div class=\"snippet-piece\">\n<p>El <strong>Acero Inoxidable 316L<\/strong> es una aleaci\u00f3n de acero inoxidable austen\u00edtico de bajo carbono, ampliamente utilizada en i<strong>mpresi\u00f3n 3D met\u00e1lica<\/strong> debido a su <strong>excepcional resistencia a la corrosi\u00f3n, alta resistencia y excelente ductilidad<\/strong>. Estas propiedades lo convierten en una opci\u00f3n ideal para <strong>aplicaciones aeroespaciales, m\u00e9dicas e industriales<\/strong>, donde los componentes deben soportar entornos exigentes mientras mantienen precisi\u00f3n y durabilidad.<\/p>\n<\/div>\n<\/div>\n<\/div>\n<\/div>\n<\/section>\n<section class=\"snippets\">\n<div class=\"row clearfix hidden-sm hidden-xs\">\n<div class=\"col-12 column tab-content\">\n<div id=\"d3d06545-a0ca-4aa8-8214-7e9aa46b3222\" class=\"snippet-content tab-pane active\">\n<div class=\"snippet-piece\">\n<p>Ofrecemos dos opciones de material:<br \/>\n-Acero Inoxidable 316L<br \/>\n-Acero Inoxidable 17-4 PH<\/p>\n<p>El Acero Inoxidable 316L est\u00e1 compuesto principalmente por hierro (Fe), cromo (Cr), n\u00edquel (Ni), molibdeno (Mo) y bajo contenido de carbono, lo que mejora su resistencia a la corrosi\u00f3n y a la oxidaci\u00f3n. A temperatura ambiente, su densidad es aproximadamente 7,85 g\/cm\u00b3, con un punto de fusi\u00f3n alrededor de 1375\u20131400\u202f\u00b0C. Presenta alta resistencia a la tracci\u00f3n, l\u00edmite el\u00e1stico y elongaci\u00f3n, lo que lo hace adecuado para aplicaciones exigentes.<\/p>\n<\/div>\n<p>El Acero Inoxidable 316L es compatible con diversos procesos de <strong>fabricaci\u00f3n aditiva met\u00e1lica<\/strong>, incluidos <strong>Laser Powder Bed Fusion (LPBF)<\/strong>, <strong>Electron Beam Melting (EBM)<\/strong> y <strong>Binder Jetting<\/strong>. Cada proceso ofrece ventajas \u00fanicas en t\u00e9rminos de precisi\u00f3n, aprovechamiento del material y escalabilidad.<\/p>\n<p>Para mejorar las propiedades mec\u00e1nicas y el acabado superficial de las piezas de <strong>Acero Inoxidable 316L<\/strong>, se recomiendan t\u00e9cnicas de postprocesado como <strong>tratamiento t\u00e9rmico, mecanizado<\/strong> y <strong>acabado superficial<\/strong>.<\/p>\n<\/div>\n<\/div>\n<\/div>\n<\/section>\n","protected":false},"excerpt":{"rendered":"<p>Material de Impresi\u00f3n 3D Acero Inoxidable 316L El Acero Inoxidable 316L es una aleaci\u00f3n de acero inoxidable austen\u00edtico de bajo carbono, ampliamente utilizada en impresi\u00f3n 3D met\u00e1lica debido a su excepcional resistencia a la corrosi\u00f3n, alta resistencia y excelente ductilidad. Estas propiedades lo convierten en una opci\u00f3n ideal para aplicaciones aeroespaciales, m\u00e9dicas e industriales, donde<\/p>\n","protected":false},"author":7,"featured_media":17484,"parent":17475,"menu_order":0,"comment_status":"closed","ping_status":"closed","template":"","meta":{"_acf_changed":false,"footnotes":""},"materials-category":[1138],"materials-type":[1216],"global_search_industry":[1228,1244],"global_search_service":[1300,1248],"global_search_resource":[],"global_search_material":[1315],"class_list":["post-17805","page","type-page","status-publish","has-post-thumbnail","hentry","materials-category-metals","materials-type-stainless-steel-316l","global_search_industry-aerospace","global_search_industry-medical","global_search_service-surface-finishing","global_search_service-3d-printing","global_search_material-3d-printing-materials"],"acf":[],"yoast_head":"<!-- This site is optimized with the Yoast SEO plugin v25.7 - https:\/\/yoast.com\/wordpress\/plugins\/seo\/ -->\n<title>Acero Inoxidable 316L - 6CProto<\/title>\n<meta name=\"robots\" content=\"index, follow, max-snippet:-1, max-image-preview:large, max-video-preview:-1\" \/>\n<link rel=\"canonical\" href=\"https:\/\/www.6cproto.com\/es\/materials\/3d-printing\/stainless-steel-316l\/\" \/>\n<meta property=\"og:locale\" content=\"es_ES\" \/>\n<meta property=\"og:type\" content=\"article\" \/>\n<meta property=\"og:title\" content=\"Acero Inoxidable 316L - 6CProto\" \/>\n<meta property=\"og:description\" content=\"Material de Impresi\u00f3n 3D Acero Inoxidable 316L El Acero Inoxidable 316L es una aleaci\u00f3n de acero inoxidable austen\u00edtico de bajo carbono, ampliamente utilizada en impresi\u00f3n 3D met\u00e1lica debido a su excepcional resistencia a la corrosi\u00f3n, alta resistencia y excelente ductilidad. Estas propiedades lo convierten en una opci\u00f3n ideal para aplicaciones aeroespaciales, m\u00e9dicas e industriales, donde\" \/>\n<meta property=\"og:url\" content=\"https:\/\/www.6cproto.com\/es\/materials\/3d-printing\/stainless-steel-316l\/\" \/>\n<meta property=\"og:site_name\" content=\"6CProto\" \/>\n<meta property=\"article:publisher\" content=\"https:\/\/www.facebook.sss\" \/>\n<meta property=\"article:modified_time\" content=\"2025-12-22T07:00:08+00:00\" \/>\n<meta property=\"og:image\" content=\"https:\/\/www.6cproto.com\/wp-content\/uploads\/2025\/10\/stainless-steel-316l.png\" \/>\n\t<meta property=\"og:image:width\" content=\"1080\" \/>\n\t<meta property=\"og:image:height\" content=\"573\" \/>\n\t<meta property=\"og:image:type\" content=\"image\/png\" \/>\n<meta name=\"twitter:card\" content=\"summary_large_image\" \/>\n<meta name=\"twitter:label1\" content=\"Est. reading time\" \/>\n\t<meta name=\"twitter:data1\" content=\"2 minutes\" \/>\n<script type=\"application\/ld+json\" class=\"yoast-schema-graph\">{\"@context\":\"https:\/\/schema.org\",\"@graph\":[{\"@type\":\"WebPage\",\"@id\":\"https:\/\/www.6cproto.com\/es\/materials\/3d-printing\/stainless-steel-316l\/\",\"url\":\"https:\/\/www.6cproto.com\/es\/materials\/3d-printing\/stainless-steel-316l\/\",\"name\":\"Acero Inoxidable 316L - 6CProto\",\"isPartOf\":{\"@id\":\"https:\/\/www.6cproto.com\/#website\"},\"primaryImageOfPage\":{\"@id\":\"https:\/\/www.6cproto.com\/es\/materials\/3d-printing\/stainless-steel-316l\/#primaryimage\"},\"image\":{\"@id\":\"https:\/\/www.6cproto.com\/es\/materials\/3d-printing\/stainless-steel-316l\/#primaryimage\"},\"thumbnailUrl\":\"https:\/\/www.6cproto.com\/wp-content\/uploads\/2025\/10\/stainless-steel-316l.png\",\"datePublished\":\"2025-10-01T11:01:19+00:00\",\"dateModified\":\"2025-12-22T07:00:08+00:00\",\"breadcrumb\":{\"@id\":\"https:\/\/www.6cproto.com\/es\/materials\/3d-printing\/stainless-steel-316l\/#breadcrumb\"},\"inLanguage\":\"es-ES\",\"potentialAction\":[{\"@type\":\"ReadAction\",\"target\":[\"https:\/\/www.6cproto.com\/es\/materials\/3d-printing\/stainless-steel-316l\/\"]}]},{\"@type\":\"ImageObject\",\"inLanguage\":\"es-ES\",\"@id\":\"https:\/\/www.6cproto.com\/es\/materials\/3d-printing\/stainless-steel-316l\/#primaryimage\",\"url\":\"https:\/\/www.6cproto.com\/wp-content\/uploads\/2025\/10\/stainless-steel-316l.png\",\"contentUrl\":\"https:\/\/www.6cproto.com\/wp-content\/uploads\/2025\/10\/stainless-steel-316l.png\",\"width\":1080,\"height\":573,\"caption\":\"Acero Inoxidable 316L\"},{\"@type\":\"BreadcrumbList\",\"@id\":\"https:\/\/www.6cproto.com\/es\/materials\/3d-printing\/stainless-steel-316l\/#breadcrumb\",\"itemListElement\":[{\"@type\":\"ListItem\",\"position\":1,\"name\":\"Home\",\"item\":\"https:\/\/www.6cproto.com\/es\/\"},{\"@type\":\"ListItem\",\"position\":2,\"name\":\"Materiales\",\"item\":\"https:\/\/www.6cproto.com\/es\/materials\/\"},{\"@type\":\"ListItem\",\"position\":3,\"name\":\"Impresi\u00f3n 3D\",\"item\":\"https:\/\/www.6cproto.com\/es\/materials\/3d-printing\/\"},{\"@type\":\"ListItem\",\"position\":4,\"name\":\"Acero Inoxidable 316L\"}]},{\"@type\":\"WebSite\",\"@id\":\"https:\/\/www.6cproto.com\/#website\",\"url\":\"https:\/\/www.6cproto.com\/\",\"name\":\"6CProto\",\"description\":\"Precision CNC Machining, Rapid Prototyping & Custom Parts\",\"potentialAction\":[{\"@type\":\"SearchAction\",\"target\":{\"@type\":\"EntryPoint\",\"urlTemplate\":\"https:\/\/www.6cproto.com\/?s={search_term_string}\"},\"query-input\":{\"@type\":\"PropertyValueSpecification\",\"valueRequired\":true,\"valueName\":\"search_term_string\"}}],\"inLanguage\":\"es-ES\"}]}<\/script>\n<!-- \/ Yoast SEO plugin. -->","yoast_head_json":{"title":"Acero Inoxidable 316L - 6CProto","robots":{"index":"index","follow":"follow","max-snippet":"max-snippet:-1","max-image-preview":"max-image-preview:large","max-video-preview":"max-video-preview:-1"},"canonical":"https:\/\/www.6cproto.com\/es\/materials\/3d-printing\/stainless-steel-316l\/","og_locale":"es_ES","og_type":"article","og_title":"Acero Inoxidable 316L - 6CProto","og_description":"Material de Impresi\u00f3n 3D Acero Inoxidable 316L El Acero Inoxidable 316L es una aleaci\u00f3n de acero inoxidable austen\u00edtico de bajo carbono, ampliamente utilizada en impresi\u00f3n 3D met\u00e1lica debido a su excepcional resistencia a la corrosi\u00f3n, alta resistencia y excelente ductilidad. Estas propiedades lo convierten en una opci\u00f3n ideal para aplicaciones aeroespaciales, m\u00e9dicas e industriales, donde","og_url":"https:\/\/www.6cproto.com\/es\/materials\/3d-printing\/stainless-steel-316l\/","og_site_name":"6CProto","article_publisher":"https:\/\/www.facebook.sss","article_modified_time":"2025-12-22T07:00:08+00:00","og_image":[{"width":1080,"height":573,"url":"https:\/\/www.6cproto.com\/wp-content\/uploads\/2025\/10\/stainless-steel-316l.png","type":"image\/png"}],"twitter_card":"summary_large_image","twitter_misc":{"Est. reading time":"2 minutes"},"schema":{"@context":"https:\/\/schema.org","@graph":[{"@type":"WebPage","@id":"https:\/\/www.6cproto.com\/es\/materials\/3d-printing\/stainless-steel-316l\/","url":"https:\/\/www.6cproto.com\/es\/materials\/3d-printing\/stainless-steel-316l\/","name":"Acero Inoxidable 316L - 6CProto","isPartOf":{"@id":"https:\/\/www.6cproto.com\/#website"},"primaryImageOfPage":{"@id":"https:\/\/www.6cproto.com\/es\/materials\/3d-printing\/stainless-steel-316l\/#primaryimage"},"image":{"@id":"https:\/\/www.6cproto.com\/es\/materials\/3d-printing\/stainless-steel-316l\/#primaryimage"},"thumbnailUrl":"https:\/\/www.6cproto.com\/wp-content\/uploads\/2025\/10\/stainless-steel-316l.png","datePublished":"2025-10-01T11:01:19+00:00","dateModified":"2025-12-22T07:00:08+00:00","breadcrumb":{"@id":"https:\/\/www.6cproto.com\/es\/materials\/3d-printing\/stainless-steel-316l\/#breadcrumb"},"inLanguage":"es-ES","potentialAction":[{"@type":"ReadAction","target":["https:\/\/www.6cproto.com\/es\/materials\/3d-printing\/stainless-steel-316l\/"]}]},{"@type":"ImageObject","inLanguage":"es-ES","@id":"https:\/\/www.6cproto.com\/es\/materials\/3d-printing\/stainless-steel-316l\/#primaryimage","url":"https:\/\/www.6cproto.com\/wp-content\/uploads\/2025\/10\/stainless-steel-316l.png","contentUrl":"https:\/\/www.6cproto.com\/wp-content\/uploads\/2025\/10\/stainless-steel-316l.png","width":1080,"height":573,"caption":"Acero Inoxidable 316L"},{"@type":"BreadcrumbList","@id":"https:\/\/www.6cproto.com\/es\/materials\/3d-printing\/stainless-steel-316l\/#breadcrumb","itemListElement":[{"@type":"ListItem","position":1,"name":"Home","item":"https:\/\/www.6cproto.com\/es\/"},{"@type":"ListItem","position":2,"name":"Materiales","item":"https:\/\/www.6cproto.com\/es\/materials\/"},{"@type":"ListItem","position":3,"name":"Impresi\u00f3n 3D","item":"https:\/\/www.6cproto.com\/es\/materials\/3d-printing\/"},{"@type":"ListItem","position":4,"name":"Acero Inoxidable 316L"}]},{"@type":"WebSite","@id":"https:\/\/www.6cproto.com\/#website","url":"https:\/\/www.6cproto.com\/","name":"6CProto","description":"Precision CNC Machining, Rapid Prototyping & Custom Parts","potentialAction":[{"@type":"SearchAction","target":{"@type":"EntryPoint","urlTemplate":"https:\/\/www.6cproto.com\/?s={search_term_string}"},"query-input":{"@type":"PropertyValueSpecification","valueRequired":true,"valueName":"search_term_string"}}],"inLanguage":"es-ES"}]}},"_links":{"self":[{"href":"https:\/\/www.6cproto.com\/es\/wp-json\/wp\/v2\/pages\/17805","targetHints":{"allow":["GET"]}}],"collection":[{"href":"https:\/\/www.6cproto.com\/es\/wp-json\/wp\/v2\/pages"}],"about":[{"href":"https:\/\/www.6cproto.com\/es\/wp-json\/wp\/v2\/types\/page"}],"author":[{"embeddable":true,"href":"https:\/\/www.6cproto.com\/es\/wp-json\/wp\/v2\/users\/7"}],"replies":[{"embeddable":true,"href":"https:\/\/www.6cproto.com\/es\/wp-json\/wp\/v2\/comments?post=17805"}],"version-history":[{"count":0,"href":"https:\/\/www.6cproto.com\/es\/wp-json\/wp\/v2\/pages\/17805\/revisions"}],"up":[{"embeddable":true,"href":"https:\/\/www.6cproto.com\/es\/wp-json\/wp\/v2\/pages\/17475"}],"wp:featuredmedia":[{"embeddable":true,"href":"https:\/\/www.6cproto.com\/es\/wp-json\/wp\/v2\/media\/17484"}],"wp:attachment":[{"href":"https:\/\/www.6cproto.com\/es\/wp-json\/wp\/v2\/media?parent=17805"}],"wp:term":[{"taxonomy":"materials-category","embeddable":true,"href":"https:\/\/www.6cproto.com\/es\/wp-json\/wp\/v2\/materials-category?post=17805"},{"taxonomy":"materials-type","embeddable":true,"href":"https:\/\/www.6cproto.com\/es\/wp-json\/wp\/v2\/materials-type?post=17805"},{"taxonomy":"global_search_industry","embeddable":true,"href":"https:\/\/www.6cproto.com\/es\/wp-json\/wp\/v2\/global_search_industry?post=17805"},{"taxonomy":"global_search_service","embeddable":true,"href":"https:\/\/www.6cproto.com\/es\/wp-json\/wp\/v2\/global_search_service?post=17805"},{"taxonomy":"global_search_resource","embeddable":true,"href":"https:\/\/www.6cproto.com\/es\/wp-json\/wp\/v2\/global_search_resource?post=17805"},{"taxonomy":"global_search_material","embeddable":true,"href":"https:\/\/www.6cproto.com\/es\/wp-json\/wp\/v2\/global_search_material?post=17805"}],"curies":[{"name":"wp","href":"https:\/\/api.w.org\/{rel}","templated":true}]}}