{"id":17610,"date":"2025-09-26T09:09:32","date_gmt":"2025-09-26T01:09:32","guid":{"rendered":"http:\/\/my-site-local.local\/?page_id=17610"},"modified":"2025-12-22T14:24:47","modified_gmt":"2025-12-22T06:24:47","slug":"aluminum","status":"publish","type":"page","link":"https:\/\/www.6cproto.com\/es\/materials\/aluminum\/","title":{"rendered":"Aluminio"},"content":{"rendered":"<h3>Material de aluminio y aleaciones de aluminio<\/h3>\n<section class=\"snippets\">\n<div class=\"row clearfix hidden-sm hidden-xs\">\n<div class=\"col-12 column tab-content\">\n<div id=\"d3d06545-a0ca-4aa8-8214-7e9aa46b3222\" class=\"snippet-content tab-pane active\">\n<div class=\"snippet-piece\">\n<p>El aluminio es muy apreciado en el mecanizado CNC debido a su baja densidad, excelentes propiedades mec\u00e1nicas, su superior conductividad t\u00e9rmica y el\u00e9ctrica, y su sobresaliente resistencia a la corrosi\u00f3n.<br \/>\nEntre las aleaciones de aluminio, las 6061-T651, 7075-T651 y 2024-T351 se utilizan ampliamente por su equilibrio ideal entre resistencia, maquinabilidad y costo.<\/p>\n<p>&nbsp;<\/p>\n<\/div>\n<\/div>\n<\/div>\n<\/div>\n<\/section>\n","protected":false},"excerpt":{"rendered":"<p>Material de aluminio y aleaciones de aluminio El aluminio es muy apreciado en el mecanizado CNC debido a su baja densidad, excelentes propiedades mec\u00e1nicas, su superior conductividad t\u00e9rmica y el\u00e9ctrica, y su sobresaliente resistencia a la corrosi\u00f3n. Entre las aleaciones de aluminio, las 6061-T651, 7075-T651 y 2024-T351 se utilizan ampliamente por su equilibrio ideal entre<\/p>\n","protected":false},"author":7,"featured_media":17291,"parent":17454,"menu_order":0,"comment_status":"closed","ping_status":"closed","template":"","meta":{"_acf_changed":false,"footnotes":""},"materials-category":[],"materials-type":[1146,1156],"global_search_industry":[],"global_search_service":[1254],"global_search_resource":[],"global_search_material":[1317],"class_list":["post-17610","page","type-page","status-publish","has-post-thumbnail","hentry","materials-type-aluminum","materials-type-cnc-machining","global_search_service-cnc-machining","global_search_material-cnc-machining-materials"],"acf":[],"yoast_head":"<!-- This site is optimized with the Yoast SEO plugin v25.7 - https:\/\/yoast.com\/wordpress\/plugins\/seo\/ -->\n<title>Aluminio - 6CProto<\/title>\n<meta name=\"robots\" content=\"index, follow, max-snippet:-1, max-image-preview:large, max-video-preview:-1\" \/>\n<link rel=\"canonical\" href=\"https:\/\/www.6cproto.com\/es\/materials\/aluminum\/\" \/>\n<meta property=\"og:locale\" content=\"es_ES\" \/>\n<meta property=\"og:type\" content=\"article\" \/>\n<meta property=\"og:title\" content=\"Aluminio - 6CProto\" \/>\n<meta property=\"og:description\" content=\"Material de aluminio y aleaciones de aluminio El aluminio es muy apreciado en el mecanizado CNC debido a su baja densidad, excelentes propiedades mec\u00e1nicas, su superior conductividad t\u00e9rmica y el\u00e9ctrica, y su sobresaliente resistencia a la corrosi\u00f3n. Entre las aleaciones de aluminio, las 6061-T651, 7075-T651 y 2024-T351 se utilizan ampliamente por su equilibrio ideal entre\" \/>\n<meta property=\"og:url\" content=\"https:\/\/www.6cproto.com\/es\/materials\/aluminum\/\" \/>\n<meta property=\"og:site_name\" content=\"6CProto\" \/>\n<meta property=\"article:publisher\" content=\"https:\/\/www.facebook.sss\" \/>\n<meta property=\"article:modified_time\" content=\"2025-12-22T06:24:47+00:00\" \/>\n<meta property=\"og:image\" content=\"https:\/\/www.6cproto.com\/wp-content\/uploads\/2025\/09\/aluminum-alloy-sheet-and-rods-samples.png\" \/>\n\t<meta property=\"og:image:width\" content=\"750\" \/>\n\t<meta property=\"og:image:height\" content=\"750\" \/>\n\t<meta property=\"og:image:type\" content=\"image\/png\" \/>\n<meta name=\"twitter:card\" content=\"summary_large_image\" \/>\n<meta name=\"twitter:label1\" content=\"Est. reading time\" \/>\n\t<meta name=\"twitter:data1\" content=\"1 minute\" \/>\n<script type=\"application\/ld+json\" class=\"yoast-schema-graph\">{\"@context\":\"https:\/\/schema.org\",\"@graph\":[{\"@type\":\"WebPage\",\"@id\":\"https:\/\/www.6cproto.com\/es\/materials\/aluminum\/\",\"url\":\"https:\/\/www.6cproto.com\/es\/materials\/aluminum\/\",\"name\":\"Aluminio - 6CProto\",\"isPartOf\":{\"@id\":\"https:\/\/www.6cproto.com\/#website\"},\"primaryImageOfPage\":{\"@id\":\"https:\/\/www.6cproto.com\/es\/materials\/aluminum\/#primaryimage\"},\"image\":{\"@id\":\"https:\/\/www.6cproto.com\/es\/materials\/aluminum\/#primaryimage\"},\"thumbnailUrl\":\"https:\/\/www.6cproto.com\/wp-content\/uploads\/2025\/09\/aluminum-alloy-sheet-and-rods-samples.png\",\"datePublished\":\"2025-09-26T01:09:32+00:00\",\"dateModified\":\"2025-12-22T06:24:47+00:00\",\"breadcrumb\":{\"@id\":\"https:\/\/www.6cproto.com\/es\/materials\/aluminum\/#breadcrumb\"},\"inLanguage\":\"es-ES\",\"potentialAction\":[{\"@type\":\"ReadAction\",\"target\":[\"https:\/\/www.6cproto.com\/es\/materials\/aluminum\/\"]}]},{\"@type\":\"ImageObject\",\"inLanguage\":\"es-ES\",\"@id\":\"https:\/\/www.6cproto.com\/es\/materials\/aluminum\/#primaryimage\",\"url\":\"https:\/\/www.6cproto.com\/wp-content\/uploads\/2025\/09\/aluminum-alloy-sheet-and-rods-samples.png\",\"contentUrl\":\"https:\/\/www.6cproto.com\/wp-content\/uploads\/2025\/09\/aluminum-alloy-sheet-and-rods-samples.png\",\"width\":750,\"height\":750,\"caption\":\"Material de Aluminio y Aleaciones de Aluminio\"},{\"@type\":\"BreadcrumbList\",\"@id\":\"https:\/\/www.6cproto.com\/es\/materials\/aluminum\/#breadcrumb\",\"itemListElement\":[{\"@type\":\"ListItem\",\"position\":1,\"name\":\"Home\",\"item\":\"https:\/\/www.6cproto.com\/es\/\"},{\"@type\":\"ListItem\",\"position\":2,\"name\":\"Materiales\",\"item\":\"https:\/\/www.6cproto.com\/es\/materials\/\"},{\"@type\":\"ListItem\",\"position\":3,\"name\":\"Aluminio\"}]},{\"@type\":\"WebSite\",\"@id\":\"https:\/\/www.6cproto.com\/#website\",\"url\":\"https:\/\/www.6cproto.com\/\",\"name\":\"6CProto\",\"description\":\"Precision CNC Machining, Rapid Prototyping & Custom Parts\",\"potentialAction\":[{\"@type\":\"SearchAction\",\"target\":{\"@type\":\"EntryPoint\",\"urlTemplate\":\"https:\/\/www.6cproto.com\/?s={search_term_string}\"},\"query-input\":{\"@type\":\"PropertyValueSpecification\",\"valueRequired\":true,\"valueName\":\"search_term_string\"}}],\"inLanguage\":\"es-ES\"}]}<\/script>\n<!-- \/ Yoast SEO plugin. -->","yoast_head_json":{"title":"Aluminio - 6CProto","robots":{"index":"index","follow":"follow","max-snippet":"max-snippet:-1","max-image-preview":"max-image-preview:large","max-video-preview":"max-video-preview:-1"},"canonical":"https:\/\/www.6cproto.com\/es\/materials\/aluminum\/","og_locale":"es_ES","og_type":"article","og_title":"Aluminio - 6CProto","og_description":"Material de aluminio y aleaciones de aluminio El aluminio es muy apreciado en el mecanizado CNC debido a su baja densidad, excelentes propiedades mec\u00e1nicas, su superior conductividad t\u00e9rmica y el\u00e9ctrica, y su sobresaliente resistencia a la corrosi\u00f3n. Entre las aleaciones de aluminio, las 6061-T651, 7075-T651 y 2024-T351 se utilizan ampliamente por su equilibrio ideal entre","og_url":"https:\/\/www.6cproto.com\/es\/materials\/aluminum\/","og_site_name":"6CProto","article_publisher":"https:\/\/www.facebook.sss","article_modified_time":"2025-12-22T06:24:47+00:00","og_image":[{"width":750,"height":750,"url":"https:\/\/www.6cproto.com\/wp-content\/uploads\/2025\/09\/aluminum-alloy-sheet-and-rods-samples.png","type":"image\/png"}],"twitter_card":"summary_large_image","twitter_misc":{"Est. reading time":"1 minute"},"schema":{"@context":"https:\/\/schema.org","@graph":[{"@type":"WebPage","@id":"https:\/\/www.6cproto.com\/es\/materials\/aluminum\/","url":"https:\/\/www.6cproto.com\/es\/materials\/aluminum\/","name":"Aluminio - 6CProto","isPartOf":{"@id":"https:\/\/www.6cproto.com\/#website"},"primaryImageOfPage":{"@id":"https:\/\/www.6cproto.com\/es\/materials\/aluminum\/#primaryimage"},"image":{"@id":"https:\/\/www.6cproto.com\/es\/materials\/aluminum\/#primaryimage"},"thumbnailUrl":"https:\/\/www.6cproto.com\/wp-content\/uploads\/2025\/09\/aluminum-alloy-sheet-and-rods-samples.png","datePublished":"2025-09-26T01:09:32+00:00","dateModified":"2025-12-22T06:24:47+00:00","breadcrumb":{"@id":"https:\/\/www.6cproto.com\/es\/materials\/aluminum\/#breadcrumb"},"inLanguage":"es-ES","potentialAction":[{"@type":"ReadAction","target":["https:\/\/www.6cproto.com\/es\/materials\/aluminum\/"]}]},{"@type":"ImageObject","inLanguage":"es-ES","@id":"https:\/\/www.6cproto.com\/es\/materials\/aluminum\/#primaryimage","url":"https:\/\/www.6cproto.com\/wp-content\/uploads\/2025\/09\/aluminum-alloy-sheet-and-rods-samples.png","contentUrl":"https:\/\/www.6cproto.com\/wp-content\/uploads\/2025\/09\/aluminum-alloy-sheet-and-rods-samples.png","width":750,"height":750,"caption":"Material de Aluminio y Aleaciones de Aluminio"},{"@type":"BreadcrumbList","@id":"https:\/\/www.6cproto.com\/es\/materials\/aluminum\/#breadcrumb","itemListElement":[{"@type":"ListItem","position":1,"name":"Home","item":"https:\/\/www.6cproto.com\/es\/"},{"@type":"ListItem","position":2,"name":"Materiales","item":"https:\/\/www.6cproto.com\/es\/materials\/"},{"@type":"ListItem","position":3,"name":"Aluminio"}]},{"@type":"WebSite","@id":"https:\/\/www.6cproto.com\/#website","url":"https:\/\/www.6cproto.com\/","name":"6CProto","description":"Precision CNC Machining, Rapid Prototyping & Custom Parts","potentialAction":[{"@type":"SearchAction","target":{"@type":"EntryPoint","urlTemplate":"https:\/\/www.6cproto.com\/?s={search_term_string}"},"query-input":{"@type":"PropertyValueSpecification","valueRequired":true,"valueName":"search_term_string"}}],"inLanguage":"es-ES"}]}},"_links":{"self":[{"href":"https:\/\/www.6cproto.com\/es\/wp-json\/wp\/v2\/pages\/17610","targetHints":{"allow":["GET"]}}],"collection":[{"href":"https:\/\/www.6cproto.com\/es\/wp-json\/wp\/v2\/pages"}],"about":[{"href":"https:\/\/www.6cproto.com\/es\/wp-json\/wp\/v2\/types\/page"}],"author":[{"embeddable":true,"href":"https:\/\/www.6cproto.com\/es\/wp-json\/wp\/v2\/users\/7"}],"replies":[{"embeddable":true,"href":"https:\/\/www.6cproto.com\/es\/wp-json\/wp\/v2\/comments?post=17610"}],"version-history":[{"count":0,"href":"https:\/\/www.6cproto.com\/es\/wp-json\/wp\/v2\/pages\/17610\/revisions"}],"up":[{"embeddable":true,"href":"https:\/\/www.6cproto.com\/es\/wp-json\/wp\/v2\/pages\/17454"}],"wp:featuredmedia":[{"embeddable":true,"href":"https:\/\/www.6cproto.com\/es\/wp-json\/wp\/v2\/media\/17291"}],"wp:attachment":[{"href":"https:\/\/www.6cproto.com\/es\/wp-json\/wp\/v2\/media?parent=17610"}],"wp:term":[{"taxonomy":"materials-category","embeddable":true,"href":"https:\/\/www.6cproto.com\/es\/wp-json\/wp\/v2\/materials-category?post=17610"},{"taxonomy":"materials-type","embeddable":true,"href":"https:\/\/www.6cproto.com\/es\/wp-json\/wp\/v2\/materials-type?post=17610"},{"taxonomy":"global_search_industry","embeddable":true,"href":"https:\/\/www.6cproto.com\/es\/wp-json\/wp\/v2\/global_search_industry?post=17610"},{"taxonomy":"global_search_service","embeddable":true,"href":"https:\/\/www.6cproto.com\/es\/wp-json\/wp\/v2\/global_search_service?post=17610"},{"taxonomy":"global_search_resource","embeddable":true,"href":"https:\/\/www.6cproto.com\/es\/wp-json\/wp\/v2\/global_search_resource?post=17610"},{"taxonomy":"global_search_material","embeddable":true,"href":"https:\/\/www.6cproto.com\/es\/wp-json\/wp\/v2\/global_search_material?post=17610"}],"curies":[{"name":"wp","href":"https:\/\/api.w.org\/{rel}","templated":true}]}}